{"id":103,"date":"2019-06-13T15:00:56","date_gmt":"2019-06-13T13:00:56","guid":{"rendered":"https:\/\/aximod.fr\/?page_id=103"},"modified":"2026-04-29T18:57:04","modified_gmt":"2026-04-29T16:57:04","slug":"conteneurs-de-stockage","status":"publish","type":"page","link":"https:\/\/aximod.fr\/index.php\/conteneurs-de-stockage\/","title":{"rendered":"CONTENEURS STOCKAGE"},"content":{"rendered":"\n<p>Vous souhaitez stocker du mat\u00e9riel, vos propres biens, ou toute autre marchandise? Alors d\u00e9couvrez notre large gamme de conteneurs de stockage .<\/p>\n\n\n\n<p><br>Nous proposons plusieurs dimensions afin d\u2019optimiser votre volume de stockage :  de 7m3 (6 pieds) \u00e0 67m3 (40 pieds) &#8211; Nous consulter pour d&rsquo;autres volumes.<\/p>\n\n\n\n<figure class=\"wp-block-image size-large\"><a href=\"https:\/\/aximod.fr\/index.php\/conteneurs-de-stockage\/\"><img loading=\"lazy\" decoding=\"async\" width=\"1024\" height=\"768\" src=\"https:\/\/aximod.fr\/wp-content\/uploads\/2019\/12\/20191009_125031-2-1024x768.jpg\" alt=\"\" class=\"wp-image-422\" srcset=\"https:\/\/aximod.fr\/wp-content\/uploads\/2019\/12\/20191009_125031-2-1024x768.jpg 1024w, https:\/\/aximod.fr\/wp-content\/uploads\/2019\/12\/20191009_125031-2-300x225.jpg 300w, https:\/\/aximod.fr\/wp-content\/uploads\/2019\/12\/20191009_125031-2-768x576.jpg 768w, https:\/\/aximod.fr\/wp-content\/uploads\/2019\/12\/20191009_125031-2-1536x1152.jpg 1536w, https:\/\/aximod.fr\/wp-content\/uploads\/2019\/12\/20191009_125031-2-2048x1536.jpg 2048w\" sizes=\"auto, (max-width: 1024px) 100vw, 1024px\" \/><\/a><figcaption class=\"wp-element-caption\"><strong>Nos conteneurs de stockage<\/strong><\/figcaption><\/figure>\n\n\n\n<p><\/p>\n\n\n\n<p>Utilisable aussi bien en int\u00e9rieur qu&rsquo;en ext\u00e9rieur (\u00e9tanche \u00e0 l&rsquo;eau), la structure en acier robuste du conteneur et son syst\u00e8me de fermeture assurent la s\u00e9curit\u00e9 des biens entrepos\u00e9s.  <\/p>\n\n\n\n<p>Nous proposons \u00e9galement en option pour tous les conteneurs de stockage des moyens de s\u00e9curisation compl\u00e9mentaires tels que cadenas haute s\u00e9curit\u00e9 \/ Shutlock permettant ainsi de garantir la conservation optimale de son contenu.<\/p>\n\n\n\n<p>Nous savons les am\u00e9nager, les transformer, les personnaliser. (Remise en peinture, \u00e9lectrification, doublage int\u00e9rieur&#8230;) selon des besoins sp\u00e9cifiques. <\/p>\n\n\n\n<ul class=\"wp-block-list\">\n<li>\u00c9tag\u00e8res de rangement <\/li>\n\n\n\n<li>\u00c9clairage et prises de courant <\/li>\n\n\n\n<li>Peinture<\/li>\n\n\n\n<li>Isolation<\/li>\n\n\n\n<li>Am\u00e9nagements techniques<\/li>\n<\/ul>\n\n\n\n<figure class=\"wp-block-image size-large\"><img loading=\"lazy\" decoding=\"async\" width=\"1024\" height=\"836\" src=\"https:\/\/aximod.fr\/wp-content\/uploads\/2026\/04\/AAA-1024x836.jpg\" alt=\"\" class=\"wp-image-1197\" srcset=\"https:\/\/aximod.fr\/wp-content\/uploads\/2026\/04\/AAA-1024x836.jpg 1024w, https:\/\/aximod.fr\/wp-content\/uploads\/2026\/04\/AAA-300x245.jpg 300w, https:\/\/aximod.fr\/wp-content\/uploads\/2026\/04\/AAA-768x627.jpg 768w, https:\/\/aximod.fr\/wp-content\/uploads\/2026\/04\/AAA-1536x1255.jpg 1536w, https:\/\/aximod.fr\/wp-content\/uploads\/2026\/04\/AAA.jpg 1982w\" sizes=\"auto, (max-width: 1024px) 100vw, 1024px\" \/><\/figure>\n\n\n\n<p>Ces conteneurs de stockage sont propos\u00e9s \u00e0 la location et \u00e0 la Vente (neuf ou d&rsquo;occasion). Pour toute demande de conteneurs d&rsquo;occasion, n\u2019h\u00e9sitez pas \u00e0 nous contacter.<\/p>\n\n\n\n<p>Nous assurons la livraison et le grutage de nos conteneurs sur votre site. <\/p>\n\n\n\n<p><strong>CARACTERISTIQUES<\/strong><\/p>\n\n\n\n<figure class=\"wp-block-table\"><table><tbody><tr><td>&nbsp;<\/td><td>&nbsp;<\/td><td>&nbsp;<\/td><td><strong>6 &nbsp;PIEDS&nbsp;<\/strong><\/td><td><strong>8 PIEDS&nbsp;<\/strong><\/td><td><strong>10 PIEDS&nbsp;<\/strong><\/td><td><strong>15 PIEDS<\/strong><\/td><td><strong>20 PIEDS<\/strong>&nbsp;<\/td><\/tr><tr><td>Ext\u00e9rieur&nbsp;<\/td><td>Longueur&nbsp;<\/td><td>&nbsp;<\/td><td>1.980<\/td><td>2.438<\/td><td>2.991<\/td><td>4.550<\/td><td>6.058<\/td><\/tr><tr><td>&nbsp;<\/td><td>Largeur<\/td><td>&nbsp;<\/td><td>1.950<\/td><td>2.200<\/td><td>2.438<\/td><td>2.200<\/td><td>2.438<\/td><\/tr><tr><td>&nbsp;<\/td><td>Hauteur<\/td><td>&nbsp;<\/td><td>1.910&nbsp;<\/td><td>2.260<\/td><td>2.591<\/td><td>2.260<\/td><td>2.591<\/td><\/tr><tr><td>&nbsp;Int\u00e9rieur<\/td><td>Longueur<\/td><td>&nbsp;<\/td><td>1.800 &nbsp; &nbsp;<\/td><td>2.275<\/td><td>2.831<\/td><td>4.387<\/td><td>5.898<\/td><\/tr><tr><td>&nbsp;<\/td><td>Largeur<\/td><td>&nbsp;<\/td><td>1.860<\/td><td>2.106<\/td><td>2.344<\/td><td>2.106<\/td><td>2.344<\/td><\/tr><tr><td>&nbsp;<\/td><td>Hauteur<\/td><td>&nbsp;<\/td><td>&nbsp;1.730<\/td><td>2.050<\/td><td>2.376<\/td><td>2.050<\/td><td>2.376<\/td><\/tr><tr><td>Poids (kg)<\/td><td>&nbsp;<\/td><td>&nbsp;<\/td><td>&nbsp;450<\/td><td>&nbsp;630<\/td><td>825<\/td><td>915<\/td><td>2200<\/td><\/tr><tr><td>Volume m3<\/td><td>&nbsp;<\/td><td>&nbsp;<\/td><td>&nbsp;6.66<\/td><td>9.82<\/td><td>15.76<\/td><td>18.94<\/td><td>32.85<\/td><\/tr><\/tbody><\/table><\/figure>\n\n\n\n<p><\/p>\n\n\n\n<figure class=\"wp-block-image\"><img loading=\"lazy\" decoding=\"async\" width=\"679\" height=\"329\" src=\"https:\/\/aximod.fr\/wp-content\/uploads\/2019\/06\/Sans-titre6.jpg\" alt=\"\" class=\"wp-image-131\" srcset=\"https:\/\/aximod.fr\/wp-content\/uploads\/2019\/06\/Sans-titre6.jpg 679w, https:\/\/aximod.fr\/wp-content\/uploads\/2019\/06\/Sans-titre6-300x145.jpg 300w\" sizes=\"auto, (max-width: 679px) 100vw, 679px\" \/><\/figure>\n\n\n<div class=\"wp-block-image\">\n<figure class=\"aligncenter\"><img loading=\"lazy\" decoding=\"async\" width=\"1024\" height=\"768\" src=\"https:\/\/aximod.fr\/wp-content\/uploads\/2019\/09\/photo-conteneur-1024x768.jpg\" alt=\"\" class=\"wp-image-361\" srcset=\"https:\/\/aximod.fr\/wp-content\/uploads\/2019\/09\/photo-conteneur-1024x768.jpg 1024w, https:\/\/aximod.fr\/wp-content\/uploads\/2019\/09\/photo-conteneur-300x225.jpg 300w, https:\/\/aximod.fr\/wp-content\/uploads\/2019\/09\/photo-conteneur-768x576.jpg 768w\" sizes=\"auto, (max-width: 1024px) 100vw, 1024px\" \/><figcaption class=\"wp-element-caption\"><strong>Conteneurs 20 pieds <\/strong><\/figcaption><\/figure>\n<\/div>\n\n<div class=\"wp-block-image\">\n<figure class=\"aligncenter size-large\"><img loading=\"lazy\" decoding=\"async\" width=\"530\" height=\"418\" src=\"https:\/\/aximod.fr\/wp-content\/uploads\/2019\/12\/OPEN-SIDE.jpg\" alt=\"\" class=\"wp-image-406\" srcset=\"https:\/\/aximod.fr\/wp-content\/uploads\/2019\/12\/OPEN-SIDE.jpg 530w, https:\/\/aximod.fr\/wp-content\/uploads\/2019\/12\/OPEN-SIDE-300x237.jpg 300w\" sizes=\"auto, (max-width: 530px) 100vw, 530px\" \/><figcaption class=\"wp-element-caption\"><strong>Conteneur<\/strong> <strong>20 PIEDS OPEN SIDE <\/strong> : <strong>Ouverture frontale ET Lat\u00e9rale<\/strong><\/figcaption><\/figure>\n<\/div>","protected":false},"excerpt":{"rendered":"<p>Vous souhaitez stocker du mat\u00e9riel, vos propres biens, ou toute autre marchandise? Alors d\u00e9couvrez notre large gamme de conteneurs de stockage . Nous proposons plusieurs dimensions afin d\u2019optimiser votre volume de stockage : de 7m3 (6 pieds) \u00e0 67m3 (40 pieds) &#8211; Nous consulter pour d&rsquo;autres volumes. Utilisable aussi bien [&hellip;]<\/p>\n","protected":false},"author":1,"featured_media":0,"parent":0,"menu_order":0,"comment_status":"closed","ping_status":"closed","template":"","meta":{"_monsterinsights_skip_tracking":false,"_monsterinsights_sitenote_active":false,"_monsterinsights_sitenote_note":"","_monsterinsights_sitenote_category":0,"footnotes":""},"class_list":["post-103","page","type-page","status-publish","hentry"],"yoast_head":"<!-- This site is optimized with the Yoast SEO plugin v27.5 - https:\/\/yoast.com\/product\/yoast-seo-wordpress\/ -->\n<title>CONTENEURS STOCKAGE AXIMOD AXIMOD %<\/title>\n<meta name=\"description\" content=\"Robuste, les conteneurs de stockage sont les produits adapt\u00e9s pour s\u00e9curiser et abriter vos effets en phase de travaux ou d&#039;extension.\" \/>\n<meta name=\"robots\" content=\"index, follow, max-snippet:-1, max-image-preview:large, max-video-preview:-1\" \/>\n<link rel=\"canonical\" href=\"https:\/\/aximod.fr\/index.php\/conteneurs-de-stockage\/\" \/>\n<meta property=\"og:locale\" content=\"fr_FR\" \/>\n<meta property=\"og:type\" content=\"article\" \/>\n<meta property=\"og:title\" content=\"CONTENEURS STOCKAGE AXIMOD AXIMOD %\" \/>\n<meta property=\"og:description\" content=\"Robuste, les conteneurs de stockage sont les produits adapt\u00e9s pour s\u00e9curiser et abriter vos effets en phase de travaux ou d&#039;extension.\" \/>\n<meta property=\"og:url\" content=\"https:\/\/aximod.fr\/index.php\/conteneurs-de-stockage\/\" \/>\n<meta property=\"og:site_name\" content=\"AXIMOD\" \/>\n<meta property=\"article:modified_time\" content=\"2026-04-29T16:57:04+00:00\" \/>\n<meta property=\"og:image\" content=\"https:\/\/aximod.fr\/wp-content\/uploads\/2019\/12\/20191009_125031-2-scaled.jpg\" \/>\n\t<meta property=\"og:image:width\" content=\"2560\" \/>\n\t<meta property=\"og:image:height\" content=\"1920\" \/>\n\t<meta property=\"og:image:type\" content=\"image\/jpeg\" \/>\n<meta name=\"twitter:card\" content=\"summary_large_image\" \/>\n<meta name=\"twitter:label1\" content=\"Dur\u00e9e de lecture estim\u00e9e\" \/>\n\t<meta name=\"twitter:data1\" content=\"3 minutes\" \/>\n<script type=\"application\/ld+json\" class=\"yoast-schema-graph\">{\"@context\":\"https:\\\/\\\/schema.org\",\"@graph\":[{\"@type\":\"WebPage\",\"@id\":\"https:\\\/\\\/aximod.fr\\\/index.php\\\/conteneurs-de-stockage\\\/\",\"url\":\"https:\\\/\\\/aximod.fr\\\/index.php\\\/conteneurs-de-stockage\\\/\",\"name\":\"CONTENEURS STOCKAGE AXIMOD AXIMOD %\",\"isPartOf\":{\"@id\":\"https:\\\/\\\/aximod.fr\\\/#website\"},\"primaryImageOfPage\":{\"@id\":\"https:\\\/\\\/aximod.fr\\\/index.php\\\/conteneurs-de-stockage\\\/#primaryimage\"},\"image\":{\"@id\":\"https:\\\/\\\/aximod.fr\\\/index.php\\\/conteneurs-de-stockage\\\/#primaryimage\"},\"thumbnailUrl\":\"https:\\\/\\\/aximod.fr\\\/wp-content\\\/uploads\\\/2019\\\/12\\\/20191009_125031-2-1024x768.jpg\",\"datePublished\":\"2019-06-13T13:00:56+00:00\",\"dateModified\":\"2026-04-29T16:57:04+00:00\",\"description\":\"Robuste, les conteneurs de stockage sont les produits adapt\u00e9s pour s\u00e9curiser et abriter vos effets en phase de travaux ou d'extension.\",\"breadcrumb\":{\"@id\":\"https:\\\/\\\/aximod.fr\\\/index.php\\\/conteneurs-de-stockage\\\/#breadcrumb\"},\"inLanguage\":\"fr-FR\",\"potentialAction\":[{\"@type\":\"ReadAction\",\"target\":[\"https:\\\/\\\/aximod.fr\\\/index.php\\\/conteneurs-de-stockage\\\/\"]}]},{\"@type\":\"ImageObject\",\"inLanguage\":\"fr-FR\",\"@id\":\"https:\\\/\\\/aximod.fr\\\/index.php\\\/conteneurs-de-stockage\\\/#primaryimage\",\"url\":\"https:\\\/\\\/aximod.fr\\\/wp-content\\\/uploads\\\/2019\\\/12\\\/20191009_125031-2-scaled.jpg\",\"contentUrl\":\"https:\\\/\\\/aximod.fr\\\/wp-content\\\/uploads\\\/2019\\\/12\\\/20191009_125031-2-scaled.jpg\",\"width\":2560,\"height\":1920},{\"@type\":\"BreadcrumbList\",\"@id\":\"https:\\\/\\\/aximod.fr\\\/index.php\\\/conteneurs-de-stockage\\\/#breadcrumb\",\"itemListElement\":[{\"@type\":\"ListItem\",\"position\":1,\"name\":\"Accueil\",\"item\":\"https:\\\/\\\/aximod.fr\\\/\"},{\"@type\":\"ListItem\",\"position\":2,\"name\":\"CONTENEURS STOCKAGE\"}]},{\"@type\":\"WebSite\",\"@id\":\"https:\\\/\\\/aximod.fr\\\/#website\",\"url\":\"https:\\\/\\\/aximod.fr\\\/\",\"name\":\"AXIMOD.FR\",\"description\":\"Location Vente Maintenance Solutions Modulaires Gironde\",\"publisher\":{\"@id\":\"https:\\\/\\\/aximod.fr\\\/#organization\"},\"potentialAction\":[{\"@type\":\"SearchAction\",\"target\":{\"@type\":\"EntryPoint\",\"urlTemplate\":\"https:\\\/\\\/aximod.fr\\\/?s={search_term_string}\"},\"query-input\":{\"@type\":\"PropertyValueSpecification\",\"valueRequired\":true,\"valueName\":\"search_term_string\"}}],\"inLanguage\":\"fr-FR\"},{\"@type\":\"Organization\",\"@id\":\"https:\\\/\\\/aximod.fr\\\/#organization\",\"name\":\"AXIMOD\",\"url\":\"https:\\\/\\\/aximod.fr\\\/\",\"logo\":{\"@type\":\"ImageObject\",\"inLanguage\":\"fr-FR\",\"@id\":\"https:\\\/\\\/aximod.fr\\\/#\\\/schema\\\/logo\\\/image\\\/\",\"url\":\"https:\\\/\\\/aximod.fr\\\/wp-content\\\/uploads\\\/2019\\\/07\\\/AXIMOD-2.jpg\",\"contentUrl\":\"https:\\\/\\\/aximod.fr\\\/wp-content\\\/uploads\\\/2019\\\/07\\\/AXIMOD-2.jpg\",\"width\":716,\"height\":634,\"caption\":\"AXIMOD\"},\"image\":{\"@id\":\"https:\\\/\\\/aximod.fr\\\/#\\\/schema\\\/logo\\\/image\\\/\"}}]}<\/script>\n<!-- \/ Yoast SEO plugin. -->","yoast_head_json":{"title":"CONTENEURS STOCKAGE AXIMOD AXIMOD %","description":"Robuste, les conteneurs de stockage sont les produits adapt\u00e9s pour s\u00e9curiser et abriter vos effets en phase de travaux ou d'extension.","robots":{"index":"index","follow":"follow","max-snippet":"max-snippet:-1","max-image-preview":"max-image-preview:large","max-video-preview":"max-video-preview:-1"},"canonical":"https:\/\/aximod.fr\/index.php\/conteneurs-de-stockage\/","og_locale":"fr_FR","og_type":"article","og_title":"CONTENEURS STOCKAGE AXIMOD AXIMOD %","og_description":"Robuste, les conteneurs de stockage sont les produits adapt\u00e9s pour s\u00e9curiser et abriter vos effets en phase de travaux ou d'extension.","og_url":"https:\/\/aximod.fr\/index.php\/conteneurs-de-stockage\/","og_site_name":"AXIMOD","article_modified_time":"2026-04-29T16:57:04+00:00","og_image":[{"width":2560,"height":1920,"url":"https:\/\/aximod.fr\/wp-content\/uploads\/2019\/12\/20191009_125031-2-scaled.jpg","type":"image\/jpeg"}],"twitter_card":"summary_large_image","twitter_misc":{"Dur\u00e9e de lecture estim\u00e9e":"3 minutes"},"schema":{"@context":"https:\/\/schema.org","@graph":[{"@type":"WebPage","@id":"https:\/\/aximod.fr\/index.php\/conteneurs-de-stockage\/","url":"https:\/\/aximod.fr\/index.php\/conteneurs-de-stockage\/","name":"CONTENEURS STOCKAGE AXIMOD AXIMOD %","isPartOf":{"@id":"https:\/\/aximod.fr\/#website"},"primaryImageOfPage":{"@id":"https:\/\/aximod.fr\/index.php\/conteneurs-de-stockage\/#primaryimage"},"image":{"@id":"https:\/\/aximod.fr\/index.php\/conteneurs-de-stockage\/#primaryimage"},"thumbnailUrl":"https:\/\/aximod.fr\/wp-content\/uploads\/2019\/12\/20191009_125031-2-1024x768.jpg","datePublished":"2019-06-13T13:00:56+00:00","dateModified":"2026-04-29T16:57:04+00:00","description":"Robuste, les conteneurs de stockage sont les produits adapt\u00e9s pour s\u00e9curiser et abriter vos effets en phase de travaux ou d'extension.","breadcrumb":{"@id":"https:\/\/aximod.fr\/index.php\/conteneurs-de-stockage\/#breadcrumb"},"inLanguage":"fr-FR","potentialAction":[{"@type":"ReadAction","target":["https:\/\/aximod.fr\/index.php\/conteneurs-de-stockage\/"]}]},{"@type":"ImageObject","inLanguage":"fr-FR","@id":"https:\/\/aximod.fr\/index.php\/conteneurs-de-stockage\/#primaryimage","url":"https:\/\/aximod.fr\/wp-content\/uploads\/2019\/12\/20191009_125031-2-scaled.jpg","contentUrl":"https:\/\/aximod.fr\/wp-content\/uploads\/2019\/12\/20191009_125031-2-scaled.jpg","width":2560,"height":1920},{"@type":"BreadcrumbList","@id":"https:\/\/aximod.fr\/index.php\/conteneurs-de-stockage\/#breadcrumb","itemListElement":[{"@type":"ListItem","position":1,"name":"Accueil","item":"https:\/\/aximod.fr\/"},{"@type":"ListItem","position":2,"name":"CONTENEURS STOCKAGE"}]},{"@type":"WebSite","@id":"https:\/\/aximod.fr\/#website","url":"https:\/\/aximod.fr\/","name":"AXIMOD.FR","description":"Location Vente Maintenance Solutions Modulaires Gironde","publisher":{"@id":"https:\/\/aximod.fr\/#organization"},"potentialAction":[{"@type":"SearchAction","target":{"@type":"EntryPoint","urlTemplate":"https:\/\/aximod.fr\/?s={search_term_string}"},"query-input":{"@type":"PropertyValueSpecification","valueRequired":true,"valueName":"search_term_string"}}],"inLanguage":"fr-FR"},{"@type":"Organization","@id":"https:\/\/aximod.fr\/#organization","name":"AXIMOD","url":"https:\/\/aximod.fr\/","logo":{"@type":"ImageObject","inLanguage":"fr-FR","@id":"https:\/\/aximod.fr\/#\/schema\/logo\/image\/","url":"https:\/\/aximod.fr\/wp-content\/uploads\/2019\/07\/AXIMOD-2.jpg","contentUrl":"https:\/\/aximod.fr\/wp-content\/uploads\/2019\/07\/AXIMOD-2.jpg","width":716,"height":634,"caption":"AXIMOD"},"image":{"@id":"https:\/\/aximod.fr\/#\/schema\/logo\/image\/"}}]}},"_links":{"self":[{"href":"https:\/\/aximod.fr\/index.php\/wp-json\/wp\/v2\/pages\/103","targetHints":{"allow":["GET"]}}],"collection":[{"href":"https:\/\/aximod.fr\/index.php\/wp-json\/wp\/v2\/pages"}],"about":[{"href":"https:\/\/aximod.fr\/index.php\/wp-json\/wp\/v2\/types\/page"}],"author":[{"embeddable":true,"href":"https:\/\/aximod.fr\/index.php\/wp-json\/wp\/v2\/users\/1"}],"replies":[{"embeddable":true,"href":"https:\/\/aximod.fr\/index.php\/wp-json\/wp\/v2\/comments?post=103"}],"version-history":[{"count":20,"href":"https:\/\/aximod.fr\/index.php\/wp-json\/wp\/v2\/pages\/103\/revisions"}],"predecessor-version":[{"id":1198,"href":"https:\/\/aximod.fr\/index.php\/wp-json\/wp\/v2\/pages\/103\/revisions\/1198"}],"wp:attachment":[{"href":"https:\/\/aximod.fr\/index.php\/wp-json\/wp\/v2\/media?parent=103"}],"curies":[{"name":"wp","href":"https:\/\/api.w.org\/{rel}","templated":true}]}}