{"id":145,"date":"2019-06-17T14:33:08","date_gmt":"2019-06-17T12:33:08","guid":{"rendered":"https:\/\/aximod.fr\/?page_id=145"},"modified":"2021-12-08T09:56:50","modified_gmt":"2021-12-08T08:56:50","slug":"batiments-modulaires-bungalows","status":"publish","type":"page","link":"https:\/\/aximod.fr\/index.php\/batiments-modulaires-bungalows\/","title":{"rendered":"BATIMENTS MODULAIRES  BUNGALOWS"},"content":{"rendered":"\n<p><strong>Des b\u00e2timents Modulaires adapt\u00e9s \u00e0 tous types d&rsquo;activit\u00e9s <\/strong>&#8230; <strong>et de besoins<\/strong><\/p>\n\n\n\n<p>\nLes domaines d&rsquo;application de nos modules sont tr\u00e8s vari\u00e9s.\n\n<\/p>\n\n\n\n<ul class=\"wp-block-list\"><li>Bureaux<\/li><li>Cantonnements \/ Bases Vies<\/li><li>Locaux Sociaux<\/li><li>Salles d&rsquo;enseignement<\/li><li>&#8230;<\/li><\/ul>\n\n\n\n<figure class=\"wp-block-gallery columns-3 is-cropped wp-block-gallery-1 is-layout-flex wp-block-gallery-is-layout-flex\"><ul class=\"blocks-gallery-grid\"><li class=\"blocks-gallery-item\"><figure><img loading=\"lazy\" decoding=\"async\" width=\"640\" height=\"426\" src=\"https:\/\/aximod.fr\/wp-content\/uploads\/2019\/06\/office-1209640_640.jpg\" alt=\"\" data-id=\"207\" data-link=\"https:\/\/aximod.fr\/index.php\/essai\/office-1209640_640\/\" class=\"wp-image-207\" srcset=\"https:\/\/aximod.fr\/wp-content\/uploads\/2019\/06\/office-1209640_640.jpg 640w, https:\/\/aximod.fr\/wp-content\/uploads\/2019\/06\/office-1209640_640-300x200.jpg 300w, https:\/\/aximod.fr\/wp-content\/uploads\/2019\/06\/office-1209640_640-360x240.jpg 360w\" sizes=\"auto, (max-width: 640px) 100vw, 640px\" \/><figcaption class=\"blocks-gallery-item__caption\"><strong><a href=\"https:\/\/aximod.fr\/index.php\/scolaire\/\">Collectivit\u00e9s<\/a><\/strong><\/figcaption><\/figure><\/li><li class=\"blocks-gallery-item\"><figure><img loading=\"lazy\" decoding=\"async\" width=\"595\" height=\"389\" src=\"https:\/\/aximod.fr\/wp-content\/uploads\/2019\/06\/Scolaire.png\" alt=\"\" data-id=\"208\" data-link=\"https:\/\/aximod.fr\/index.php\/essai\/scolaire\/\" class=\"wp-image-208\" srcset=\"https:\/\/aximod.fr\/wp-content\/uploads\/2019\/06\/Scolaire.png 595w, https:\/\/aximod.fr\/wp-content\/uploads\/2019\/06\/Scolaire-300x196.png 300w\" sizes=\"auto, (max-width: 595px) 100vw, 595px\" \/><figcaption class=\"blocks-gallery-item__caption\"><strong><a href=\"https:\/\/aximod.fr\/index.php\/scolaire\/\">Scolaire<\/a><\/strong><\/figcaption><\/figure><\/li><li class=\"blocks-gallery-item\"><figure><img loading=\"lazy\" decoding=\"async\" width=\"397\" height=\"253\" src=\"https:\/\/aximod.fr\/wp-content\/uploads\/2019\/06\/Commerces.png\" alt=\"\" data-id=\"210\" data-link=\"https:\/\/aximod.fr\/index.php\/essai\/commerces\/\" class=\"wp-image-210\" srcset=\"https:\/\/aximod.fr\/wp-content\/uploads\/2019\/06\/Commerces.png 397w, https:\/\/aximod.fr\/wp-content\/uploads\/2019\/06\/Commerces-300x191.png 300w\" sizes=\"auto, (max-width: 397px) 100vw, 397px\" \/><figcaption class=\"blocks-gallery-item__caption\"><strong>Commerces<\/strong><\/figcaption><\/figure><\/li><li class=\"blocks-gallery-item\"><figure><img loading=\"lazy\" decoding=\"async\" width=\"398\" height=\"253\" src=\"https:\/\/aximod.fr\/wp-content\/uploads\/2019\/06\/evenementiels.jpg\" alt=\"\" data-id=\"239\" data-link=\"https:\/\/aximod.fr\/index.php\/modules\/evenementiels\/\" class=\"wp-image-239\" srcset=\"https:\/\/aximod.fr\/wp-content\/uploads\/2019\/06\/evenementiels.jpg 398w, https:\/\/aximod.fr\/wp-content\/uploads\/2019\/06\/evenementiels-300x191.jpg 300w\" sizes=\"auto, (max-width: 398px) 100vw, 398px\" \/><figcaption class=\"blocks-gallery-item__caption\"><strong>\u00c9v\u00e8nementiels<\/strong><\/figcaption><\/figure><\/li><li class=\"blocks-gallery-item\"><figure><img loading=\"lazy\" decoding=\"async\" width=\"1024\" height=\"768\" src=\"https:\/\/aximod.fr\/wp-content\/uploads\/2019\/11\/20191114_163917-1-1024x768.jpg\" alt=\"\" data-id=\"380\" data-link=\"https:\/\/aximod.fr\/index.php\/batiments-modulaires-bungalows\/20191114_163917-1\/\" class=\"wp-image-380\" srcset=\"https:\/\/aximod.fr\/wp-content\/uploads\/2019\/11\/20191114_163917-1-1024x768.jpg 1024w, https:\/\/aximod.fr\/wp-content\/uploads\/2019\/11\/20191114_163917-1-300x225.jpg 300w, https:\/\/aximod.fr\/wp-content\/uploads\/2019\/11\/20191114_163917-1-768x576.jpg 768w\" sizes=\"auto, (max-width: 1024px) 100vw, 1024px\" \/><figcaption class=\"blocks-gallery-item__caption\"><a href=\"https:\/\/aximod.fr\/index.php\/travaux\/\"><strong>Travaux <\/strong><\/a><\/figcaption><\/figure><\/li><li class=\"blocks-gallery-item\"><figure><img loading=\"lazy\" decoding=\"async\" width=\"407\" height=\"261\" src=\"https:\/\/aximod.fr\/wp-content\/uploads\/2019\/12\/industrie.png\" alt=\"\" data-id=\"507\" data-full-url=\"https:\/\/aximod.fr\/wp-content\/uploads\/2019\/12\/industrie.png\" data-link=\"https:\/\/aximod.fr\/index.php\/batiments-modulaires-bungalows\/industrie-2\/\" class=\"wp-image-507\" srcset=\"https:\/\/aximod.fr\/wp-content\/uploads\/2019\/12\/industrie.png 407w, https:\/\/aximod.fr\/wp-content\/uploads\/2019\/12\/industrie-300x192.png 300w\" sizes=\"auto, (max-width: 407px) 100vw, 407px\" \/><figcaption class=\"blocks-gallery-item__caption\"><a href=\"https:\/\/aximod.fr\/index.php\/location-bureaux-modulaires\/\"><strong>BUREAUX MODULAIRES<\/strong><\/a><\/figcaption><\/figure><\/li><\/ul><\/figure>\n\n\n\n\n\n<p>Nous nous effor\u00e7ons de r\u00e9pondre \u00e0 vos exigences en vous proposant une multitude de possibilit\u00e9s d&rsquo;agencement.<\/p>\n\n\n\n<ul class=\"wp-block-list\"><li>Portes (sens d&rsquo;ouverture, largeur de passage&#8230;)<\/li><li>Fen\u00eatres <\/li><li>Cloisons pleines et cloisons vitr\u00e9es<\/li><li>Courants forts et courants faibles &#8211; Prises RJ 45 \/ RJ11<\/li><li>Habillages int\u00e9rieurs &amp; ext\u00e9rieurs &#8211; Peinture \/ bardage<\/li><li>Jumelages au b\u00e2ti existant<\/li><li>&#8230;<\/li><\/ul>\n\n\n\n<p>Qu&rsquo;il soit en location, en vente ou en r\u00e9novation, AXIMOD\u00ae vous accompagne dans votre projet gr\u00e2ce \u00e0 sa gamme de modules de plusieurs tailles,de diff\u00e9rents d&rsquo;\u00e9quipements et de son savoir faire .                          <\/p>\n\n\n\n<p>Oubliez les \u00ab\u00a0baraques de chantier\u00a0\u00bb&#8230;<\/p>\n\n\n\n<p><strong>Les principaux avantages d&rsquo;un<\/strong> <strong>b\u00e2timent modulaire\/ bungalow&#8230;<\/strong><\/p>\n\n\n\n<p>Pr\u00e9-\u00e9quip\u00e9s de s\u00e9rie et transportables nos b\u00e2timents modulaires \/ bungalows, peuvent \u00eatre mis \u00e0 disposition avec <strong>rapidit\u00e9<\/strong>.  Livr\u00e9s, quelques heures seulement seront n\u00e9cessaires pour effectuer les finitions et \u00e9ventuels raccordements aux divers r\u00e9seaux. <\/p>\n\n\n\n<p>R\u00e9utilisables et recyclables nos b\u00e2timents modulaires r\u00e9pondent parfaitement \u00e0 une <strong>d\u00e9marche environnementale<\/strong>. <\/p>\n\n\n\n<p>Grace \u00e0 un proc\u00e9d\u00e9 de panneaux de fa\u00e7ades amovibles, les b\u00e2timents modulaires offrent la possibilit\u00e9 de former des ensembles de diff\u00e9rentes tailles et avec des \u00e9quipements diff\u00e9rents lui conf\u00e9rant ainsi une grande <strong>adaptabilit\u00e9<\/strong>. <\/p>\n\n\n\n<p>Qu&rsquo;ils soient en location ou en vente, nos modules sont fabriqu\u00e9s et mont\u00e9s dans les r\u00e8gles de l&rsquo;art et sont conformes aux normes en vigueur.<\/p>\n\n\n\n<p><\/p>\n\n\n\n<figure class=\"wp-block-gallery columns-1 is-cropped wp-block-gallery-2 is-layout-flex wp-block-gallery-is-layout-flex\"><ul class=\"blocks-gallery-grid\"><li class=\"blocks-gallery-item\"><figure><img loading=\"lazy\" decoding=\"async\" width=\"1024\" height=\"447\" src=\"https:\/\/aximod.fr\/wp-content\/uploads\/2019\/10\/20191009_125036-2-1024x447.jpg\" alt=\"\" data-id=\"366\" data-link=\"https:\/\/aximod.fr\/index.php\/batiments-modulaires-bungalows\/20191009_125036-2\/\" class=\"wp-image-366\" srcset=\"https:\/\/aximod.fr\/wp-content\/uploads\/2019\/10\/20191009_125036-2-1024x447.jpg 1024w, https:\/\/aximod.fr\/wp-content\/uploads\/2019\/10\/20191009_125036-2-300x131.jpg 300w, https:\/\/aximod.fr\/wp-content\/uploads\/2019\/10\/20191009_125036-2-768x335.jpg 768w\" sizes=\"auto, (max-width: 1024px) 100vw, 1024px\" \/><\/figure><\/li><\/ul><\/figure>\n\n\n\n<p>Modules de 15m\u00b2 (6m00 x 2m45) jumelables et superposables <\/p>\n\n\n\n<figure class=\"wp-block-image size-large\"><img loading=\"lazy\" decoding=\"async\" width=\"1024\" height=\"768\" src=\"https:\/\/aximod.fr\/wp-content\/uploads\/2021\/01\/E-1024x768.jpg\" alt=\"\" class=\"wp-image-891\" srcset=\"https:\/\/aximod.fr\/wp-content\/uploads\/2021\/01\/E-1024x768.jpg 1024w, https:\/\/aximod.fr\/wp-content\/uploads\/2021\/01\/E-300x225.jpg 300w, https:\/\/aximod.fr\/wp-content\/uploads\/2021\/01\/E-768x576.jpg 768w, https:\/\/aximod.fr\/wp-content\/uploads\/2021\/01\/E-1536x1152.jpg 1536w, https:\/\/aximod.fr\/wp-content\/uploads\/2021\/01\/E-2048x1536.jpg 2048w\" sizes=\"auto, (max-width: 1024px) 100vw, 1024px\" \/><\/figure>\n\n\n\n<figure class=\"wp-block-image\"><img loading=\"lazy\" decoding=\"async\" width=\"1024\" height=\"582\" src=\"https:\/\/aximod.fr\/wp-content\/uploads\/2019\/11\/8m\u00b2-1024x582.jpg\" alt=\"\" class=\"wp-image-373\" srcset=\"https:\/\/aximod.fr\/wp-content\/uploads\/2019\/11\/8m\u00b2-1024x582.jpg 1024w, https:\/\/aximod.fr\/wp-content\/uploads\/2019\/11\/8m\u00b2-300x170.jpg 300w, https:\/\/aximod.fr\/wp-content\/uploads\/2019\/11\/8m\u00b2-768x436.jpg 768w\" sizes=\"auto, (max-width: 1024px) 100vw, 1024px\" \/><\/figure>\n\n\n\n<p> Modules de 8m\u00b2 (3m00 x 2m45) jumelables et superposables <\/p>\n\n\n\n<p><\/p>\n\n\n\n<p>Nos b\u00e2timents modulaires respectent la r\u00e9glementation applicable \u00e0 votre construction : norme RT, ERP, PMR&#8230;<\/p>\n\n\n\n<figure class=\"wp-block-image size-large\"><img loading=\"lazy\" decoding=\"async\" width=\"1024\" height=\"768\" src=\"https:\/\/aximod.fr\/wp-content\/uploads\/2021\/12\/refe-1024x768.jpg\" alt=\"\" class=\"wp-image-1005\" srcset=\"https:\/\/aximod.fr\/wp-content\/uploads\/2021\/12\/refe-1024x768.jpg 1024w, https:\/\/aximod.fr\/wp-content\/uploads\/2021\/12\/refe-300x225.jpg 300w, https:\/\/aximod.fr\/wp-content\/uploads\/2021\/12\/refe-768x576.jpg 768w, https:\/\/aximod.fr\/wp-content\/uploads\/2021\/12\/refe-1536x1152.jpg 1536w, https:\/\/aximod.fr\/wp-content\/uploads\/2021\/12\/refe-2048x1536.jpg 2048w\" sizes=\"auto, (max-width: 1024px) 100vw, 1024px\" \/><\/figure>\n\n\n\n<figure class=\"wp-block-image size-large\"><img loading=\"lazy\" decoding=\"async\" width=\"1024\" height=\"768\" src=\"https:\/\/aximod.fr\/wp-content\/uploads\/2021\/12\/14-1024x768.jpg\" alt=\"\" class=\"wp-image-1006\" srcset=\"https:\/\/aximod.fr\/wp-content\/uploads\/2021\/12\/14-1024x768.jpg 1024w, https:\/\/aximod.fr\/wp-content\/uploads\/2021\/12\/14-300x225.jpg 300w, https:\/\/aximod.fr\/wp-content\/uploads\/2021\/12\/14-768x576.jpg 768w, https:\/\/aximod.fr\/wp-content\/uploads\/2021\/12\/14-1536x1152.jpg 1536w, https:\/\/aximod.fr\/wp-content\/uploads\/2021\/12\/14-2048x1536.jpg 2048w\" sizes=\"auto, (max-width: 1024px) 100vw, 1024px\" \/><\/figure>\n","protected":false},"excerpt":{"rendered":"<p>Des b\u00e2timents Modulaires adapt\u00e9s \u00e0 tous types d&rsquo;activit\u00e9s &#8230; et de besoins Les domaines d&rsquo;application de nos modules sont tr\u00e8s vari\u00e9s. Bureaux Cantonnements \/ Bases Vies Locaux Sociaux Salles d&rsquo;enseignement &#8230; Nous nous effor\u00e7ons de r\u00e9pondre \u00e0 vos exigences en vous proposant une multitude de possibilit\u00e9s d&rsquo;agencement. Portes (sens d&rsquo;ouverture, [&hellip;]<\/p>\n","protected":false},"author":1,"featured_media":0,"parent":0,"menu_order":0,"comment_status":"closed","ping_status":"closed","template":"","meta":{"_monsterinsights_skip_tracking":false,"_monsterinsights_sitenote_active":false,"_monsterinsights_sitenote_note":"","_monsterinsights_sitenote_category":0,"footnotes":""},"class_list":["post-145","page","type-page","status-publish","hentry"],"yoast_head":"<!-- This site is optimized with the Yoast SEO plugin v27.5 - https:\/\/yoast.com\/product\/yoast-seo-wordpress\/ -->\n<title>b\u00e2timents modulaires BORDEAUX GIRONDE LOCATION<\/title>\n<meta name=\"description\" content=\"b\u00e2timents Modulaires \/ bungalows de differentes tailles et adapt\u00e9s \u00e0 tous types d&#039;activit\u00e9s, respectueux de l&#039;environnement offrant souplesse et Qualit\u00e9.\" \/>\n<meta name=\"robots\" content=\"index, follow, max-snippet:-1, max-image-preview:large, max-video-preview:-1\" \/>\n<link rel=\"canonical\" href=\"https:\/\/aximod.fr\/index.php\/batiments-modulaires-bungalows\/\" \/>\n<meta property=\"og:locale\" content=\"fr_FR\" \/>\n<meta property=\"og:type\" content=\"article\" \/>\n<meta property=\"og:title\" content=\"b\u00e2timents modulaires BORDEAUX GIRONDE LOCATION\" \/>\n<meta property=\"og:description\" content=\"b\u00e2timents Modulaires \/ bungalows de differentes tailles et adapt\u00e9s \u00e0 tous types d&#039;activit\u00e9s, respectueux de l&#039;environnement offrant souplesse et Qualit\u00e9.\" \/>\n<meta property=\"og:url\" content=\"https:\/\/aximod.fr\/index.php\/batiments-modulaires-bungalows\/\" \/>\n<meta property=\"og:site_name\" content=\"AXIMOD\" \/>\n<meta property=\"article:modified_time\" content=\"2021-12-08T08:56:50+00:00\" \/>\n<meta property=\"og:image\" content=\"https:\/\/aximod.fr\/wp-content\/uploads\/2019\/06\/office-1209640_640.jpg\" \/>\n<meta name=\"twitter:card\" content=\"summary_large_image\" \/>\n<meta name=\"twitter:label1\" content=\"Dur\u00e9e de lecture estim\u00e9e\" \/>\n\t<meta name=\"twitter:data1\" content=\"4 minutes\" \/>\n<script type=\"application\/ld+json\" class=\"yoast-schema-graph\">{\"@context\":\"https:\\\/\\\/schema.org\",\"@graph\":[{\"@type\":\"WebPage\",\"@id\":\"https:\\\/\\\/aximod.fr\\\/index.php\\\/batiments-modulaires-bungalows\\\/\",\"url\":\"https:\\\/\\\/aximod.fr\\\/index.php\\\/batiments-modulaires-bungalows\\\/\",\"name\":\"b\u00e2timents modulaires BORDEAUX GIRONDE LOCATION\",\"isPartOf\":{\"@id\":\"https:\\\/\\\/aximod.fr\\\/#website\"},\"primaryImageOfPage\":{\"@id\":\"https:\\\/\\\/aximod.fr\\\/index.php\\\/batiments-modulaires-bungalows\\\/#primaryimage\"},\"image\":{\"@id\":\"https:\\\/\\\/aximod.fr\\\/index.php\\\/batiments-modulaires-bungalows\\\/#primaryimage\"},\"thumbnailUrl\":\"https:\\\/\\\/aximod.fr\\\/wp-content\\\/uploads\\\/2019\\\/06\\\/office-1209640_640.jpg\",\"datePublished\":\"2019-06-17T12:33:08+00:00\",\"dateModified\":\"2021-12-08T08:56:50+00:00\",\"description\":\"b\u00e2timents Modulaires \\\/ bungalows de differentes tailles et adapt\u00e9s \u00e0 tous types d'activit\u00e9s, respectueux de l'environnement offrant souplesse et Qualit\u00e9.\",\"breadcrumb\":{\"@id\":\"https:\\\/\\\/aximod.fr\\\/index.php\\\/batiments-modulaires-bungalows\\\/#breadcrumb\"},\"inLanguage\":\"fr-FR\",\"potentialAction\":[{\"@type\":\"ReadAction\",\"target\":[\"https:\\\/\\\/aximod.fr\\\/index.php\\\/batiments-modulaires-bungalows\\\/\"]}]},{\"@type\":\"ImageObject\",\"inLanguage\":\"fr-FR\",\"@id\":\"https:\\\/\\\/aximod.fr\\\/index.php\\\/batiments-modulaires-bungalows\\\/#primaryimage\",\"url\":\"https:\\\/\\\/aximod.fr\\\/wp-content\\\/uploads\\\/2019\\\/06\\\/office-1209640_640.jpg\",\"contentUrl\":\"https:\\\/\\\/aximod.fr\\\/wp-content\\\/uploads\\\/2019\\\/06\\\/office-1209640_640.jpg\",\"width\":640,\"height\":426},{\"@type\":\"BreadcrumbList\",\"@id\":\"https:\\\/\\\/aximod.fr\\\/index.php\\\/batiments-modulaires-bungalows\\\/#breadcrumb\",\"itemListElement\":[{\"@type\":\"ListItem\",\"position\":1,\"name\":\"Accueil\",\"item\":\"https:\\\/\\\/aximod.fr\\\/\"},{\"@type\":\"ListItem\",\"position\":2,\"name\":\"BATIMENTS MODULAIRES BUNGALOWS\"}]},{\"@type\":\"WebSite\",\"@id\":\"https:\\\/\\\/aximod.fr\\\/#website\",\"url\":\"https:\\\/\\\/aximod.fr\\\/\",\"name\":\"AXIMOD.FR\",\"description\":\"Location Vente Maintenance Solutions Modulaires Gironde\",\"publisher\":{\"@id\":\"https:\\\/\\\/aximod.fr\\\/#organization\"},\"potentialAction\":[{\"@type\":\"SearchAction\",\"target\":{\"@type\":\"EntryPoint\",\"urlTemplate\":\"https:\\\/\\\/aximod.fr\\\/?s={search_term_string}\"},\"query-input\":{\"@type\":\"PropertyValueSpecification\",\"valueRequired\":true,\"valueName\":\"search_term_string\"}}],\"inLanguage\":\"fr-FR\"},{\"@type\":\"Organization\",\"@id\":\"https:\\\/\\\/aximod.fr\\\/#organization\",\"name\":\"AXIMOD\",\"url\":\"https:\\\/\\\/aximod.fr\\\/\",\"logo\":{\"@type\":\"ImageObject\",\"inLanguage\":\"fr-FR\",\"@id\":\"https:\\\/\\\/aximod.fr\\\/#\\\/schema\\\/logo\\\/image\\\/\",\"url\":\"https:\\\/\\\/aximod.fr\\\/wp-content\\\/uploads\\\/2019\\\/07\\\/AXIMOD-2.jpg\",\"contentUrl\":\"https:\\\/\\\/aximod.fr\\\/wp-content\\\/uploads\\\/2019\\\/07\\\/AXIMOD-2.jpg\",\"width\":716,\"height\":634,\"caption\":\"AXIMOD\"},\"image\":{\"@id\":\"https:\\\/\\\/aximod.fr\\\/#\\\/schema\\\/logo\\\/image\\\/\"}}]}<\/script>\n<!-- \/ Yoast SEO plugin. -->","yoast_head_json":{"title":"b\u00e2timents modulaires BORDEAUX GIRONDE LOCATION","description":"b\u00e2timents Modulaires \/ bungalows de differentes tailles et adapt\u00e9s \u00e0 tous types d'activit\u00e9s, respectueux de l'environnement offrant souplesse et Qualit\u00e9.","robots":{"index":"index","follow":"follow","max-snippet":"max-snippet:-1","max-image-preview":"max-image-preview:large","max-video-preview":"max-video-preview:-1"},"canonical":"https:\/\/aximod.fr\/index.php\/batiments-modulaires-bungalows\/","og_locale":"fr_FR","og_type":"article","og_title":"b\u00e2timents modulaires BORDEAUX GIRONDE LOCATION","og_description":"b\u00e2timents Modulaires \/ bungalows de differentes tailles et adapt\u00e9s \u00e0 tous types d'activit\u00e9s, respectueux de l'environnement offrant souplesse et Qualit\u00e9.","og_url":"https:\/\/aximod.fr\/index.php\/batiments-modulaires-bungalows\/","og_site_name":"AXIMOD","article_modified_time":"2021-12-08T08:56:50+00:00","og_image":[{"url":"https:\/\/aximod.fr\/wp-content\/uploads\/2019\/06\/office-1209640_640.jpg","type":"","width":"","height":""}],"twitter_card":"summary_large_image","twitter_misc":{"Dur\u00e9e de lecture estim\u00e9e":"4 minutes"},"schema":{"@context":"https:\/\/schema.org","@graph":[{"@type":"WebPage","@id":"https:\/\/aximod.fr\/index.php\/batiments-modulaires-bungalows\/","url":"https:\/\/aximod.fr\/index.php\/batiments-modulaires-bungalows\/","name":"b\u00e2timents modulaires BORDEAUX GIRONDE LOCATION","isPartOf":{"@id":"https:\/\/aximod.fr\/#website"},"primaryImageOfPage":{"@id":"https:\/\/aximod.fr\/index.php\/batiments-modulaires-bungalows\/#primaryimage"},"image":{"@id":"https:\/\/aximod.fr\/index.php\/batiments-modulaires-bungalows\/#primaryimage"},"thumbnailUrl":"https:\/\/aximod.fr\/wp-content\/uploads\/2019\/06\/office-1209640_640.jpg","datePublished":"2019-06-17T12:33:08+00:00","dateModified":"2021-12-08T08:56:50+00:00","description":"b\u00e2timents Modulaires \/ bungalows de differentes tailles et adapt\u00e9s \u00e0 tous types d'activit\u00e9s, respectueux de l'environnement offrant souplesse et Qualit\u00e9.","breadcrumb":{"@id":"https:\/\/aximod.fr\/index.php\/batiments-modulaires-bungalows\/#breadcrumb"},"inLanguage":"fr-FR","potentialAction":[{"@type":"ReadAction","target":["https:\/\/aximod.fr\/index.php\/batiments-modulaires-bungalows\/"]}]},{"@type":"ImageObject","inLanguage":"fr-FR","@id":"https:\/\/aximod.fr\/index.php\/batiments-modulaires-bungalows\/#primaryimage","url":"https:\/\/aximod.fr\/wp-content\/uploads\/2019\/06\/office-1209640_640.jpg","contentUrl":"https:\/\/aximod.fr\/wp-content\/uploads\/2019\/06\/office-1209640_640.jpg","width":640,"height":426},{"@type":"BreadcrumbList","@id":"https:\/\/aximod.fr\/index.php\/batiments-modulaires-bungalows\/#breadcrumb","itemListElement":[{"@type":"ListItem","position":1,"name":"Accueil","item":"https:\/\/aximod.fr\/"},{"@type":"ListItem","position":2,"name":"BATIMENTS MODULAIRES BUNGALOWS"}]},{"@type":"WebSite","@id":"https:\/\/aximod.fr\/#website","url":"https:\/\/aximod.fr\/","name":"AXIMOD.FR","description":"Location Vente Maintenance Solutions Modulaires Gironde","publisher":{"@id":"https:\/\/aximod.fr\/#organization"},"potentialAction":[{"@type":"SearchAction","target":{"@type":"EntryPoint","urlTemplate":"https:\/\/aximod.fr\/?s={search_term_string}"},"query-input":{"@type":"PropertyValueSpecification","valueRequired":true,"valueName":"search_term_string"}}],"inLanguage":"fr-FR"},{"@type":"Organization","@id":"https:\/\/aximod.fr\/#organization","name":"AXIMOD","url":"https:\/\/aximod.fr\/","logo":{"@type":"ImageObject","inLanguage":"fr-FR","@id":"https:\/\/aximod.fr\/#\/schema\/logo\/image\/","url":"https:\/\/aximod.fr\/wp-content\/uploads\/2019\/07\/AXIMOD-2.jpg","contentUrl":"https:\/\/aximod.fr\/wp-content\/uploads\/2019\/07\/AXIMOD-2.jpg","width":716,"height":634,"caption":"AXIMOD"},"image":{"@id":"https:\/\/aximod.fr\/#\/schema\/logo\/image\/"}}]}},"_links":{"self":[{"href":"https:\/\/aximod.fr\/index.php\/wp-json\/wp\/v2\/pages\/145","targetHints":{"allow":["GET"]}}],"collection":[{"href":"https:\/\/aximod.fr\/index.php\/wp-json\/wp\/v2\/pages"}],"about":[{"href":"https:\/\/aximod.fr\/index.php\/wp-json\/wp\/v2\/types\/page"}],"author":[{"embeddable":true,"href":"https:\/\/aximod.fr\/index.php\/wp-json\/wp\/v2\/users\/1"}],"replies":[{"embeddable":true,"href":"https:\/\/aximod.fr\/index.php\/wp-json\/wp\/v2\/comments?post=145"}],"version-history":[{"count":46,"href":"https:\/\/aximod.fr\/index.php\/wp-json\/wp\/v2\/pages\/145\/revisions"}],"predecessor-version":[{"id":1007,"href":"https:\/\/aximod.fr\/index.php\/wp-json\/wp\/v2\/pages\/145\/revisions\/1007"}],"wp:attachment":[{"href":"https:\/\/aximod.fr\/index.php\/wp-json\/wp\/v2\/media?parent=145"}],"curies":[{"name":"wp","href":"https:\/\/api.w.org\/{rel}","templated":true}]}}