{"id":146,"date":"2019-06-13T17:02:54","date_gmt":"2019-06-13T15:02:54","guid":{"rendered":"https:\/\/aximod.fr\/index.php\/hestia-front\/"},"modified":"2026-04-27T18:27:16","modified_gmt":"2026-04-27T16:27:16","slug":"location-batiments-modulaires-bordeaux","status":"publish","type":"page","link":"https:\/\/aximod.fr\/","title":{"rendered":"LOCATION BATIMENTS  MODULAIRES BORDEAUX GIRONDE"},"content":{"rendered":"\n<p>LOCATION ET VENTE DE BATIMENTS MODULAIRES PREFABRIQUES BORDEAUX <a href=\"https:\/\/aximod.fr\/index.php\/batiments-modulaires\/\">SAS AXIMOD<\/a><\/p>\n\n\n\n<p>Si\u00e8ge Social  :<\/p>\n\n\n\n<p>Zone Industrielle de BERNICHON<\/p>\n\n\n\n<p>2 chemin du Grand Estey  &#8211; 33360 LATRESNE  &#8211; GIRONDE<a href=\"https:\/\/www.google.fr\/maps\/place\/Bordeaux\/data=!4m2!3m1!1s0xd5527e8f751ca81:0x796386037b397a89?sa=X&amp;ved=2ahUKEwio2ffH67jnAhUQyIUKHQhTBtAQ8gEwK3oECBgQBA\">.<\/a> Nouvelle Aquitaine<\/p>\n\n\n\n<p>contact@aximod.fr<\/p>\n\n\n\n<p><a href=\"http:\/\/aximod.fr\">AXIMOD<\/a> Intervient \u00e9galement sur :<\/p>\n\n\n\n<ul class=\"wp-block-list\">\n<li>Charente (16) <\/li>\n\n\n\n<li>Charente Maritime (17)<\/li>\n\n\n\n<li>Corr\u00e8ze (19)<\/li>\n\n\n\n<li>Creuse (23)<\/li>\n\n\n\n<li>Dordogne (24)<\/li>\n\n\n\n<li>Landes (40)<\/li>\n\n\n\n<li>Lot et Garonne (47)<\/li>\n\n\n\n<li>Pyr\u00e9n\u00e9es Atlantique (64)<\/li>\n\n\n\n<li>Deux S\u00e8vres (79)<\/li>\n\n\n\n<li>Vienne (86)<\/li>\n\n\n\n<li>Haute Vienne (87)<\/li>\n<\/ul>\n\n\n\n<p><\/p>\n\n\n\n<p><\/p>\n\n\n\n<figure class=\"wp-block-image size-large\"><img decoding=\"async\" src=\"https:\/\/aximod.fr\/wp-content\/uploads\/2022\/09\/TERRASSE-BOIS-1024x793.jpg\" alt=\"\" class=\"wp-image-1045\"\/><\/figure>\n\n\n\n<figure class=\"wp-block-image size-large\"><img loading=\"lazy\" decoding=\"async\" width=\"1024\" height=\"1024\" src=\"https:\/\/aximod.fr\/wp-content\/uploads\/2024\/06\/20240430_135703-1024x1024.jpg\" alt=\"\" class=\"wp-image-1090\" srcset=\"https:\/\/aximod.fr\/wp-content\/uploads\/2024\/06\/20240430_135703-1024x1024.jpg 1024w, https:\/\/aximod.fr\/wp-content\/uploads\/2024\/06\/20240430_135703-300x300.jpg 300w, https:\/\/aximod.fr\/wp-content\/uploads\/2024\/06\/20240430_135703-150x150.jpg 150w, https:\/\/aximod.fr\/wp-content\/uploads\/2024\/06\/20240430_135703-768x768.jpg 768w, https:\/\/aximod.fr\/wp-content\/uploads\/2024\/06\/20240430_135703-1536x1536.jpg 1536w, https:\/\/aximod.fr\/wp-content\/uploads\/2024\/06\/20240430_135703-2048x2048.jpg 2048w\" sizes=\"auto, (max-width: 1024px) 100vw, 1024px\" \/><\/figure>\n\n\n\n<figure class=\"wp-block-image size-large\"><img loading=\"lazy\" decoding=\"async\" width=\"1024\" height=\"768\" src=\"https:\/\/aximod.fr\/wp-content\/uploads\/2024\/06\/20211025_115034-1024x768.jpg\" alt=\"\" class=\"wp-image-1091\" srcset=\"https:\/\/aximod.fr\/wp-content\/uploads\/2024\/06\/20211025_115034-1024x768.jpg 1024w, https:\/\/aximod.fr\/wp-content\/uploads\/2024\/06\/20211025_115034-300x225.jpg 300w, https:\/\/aximod.fr\/wp-content\/uploads\/2024\/06\/20211025_115034-768x576.jpg 768w, https:\/\/aximod.fr\/wp-content\/uploads\/2024\/06\/20211025_115034-1536x1152.jpg 1536w, https:\/\/aximod.fr\/wp-content\/uploads\/2024\/06\/20211025_115034-2048x1536.jpg 2048w\" sizes=\"auto, (max-width: 1024px) 100vw, 1024px\" \/><\/figure>\n\n\n\n<figure class=\"wp-block-image size-large\"><img loading=\"lazy\" decoding=\"async\" width=\"1024\" height=\"768\" src=\"https:\/\/aximod.fr\/wp-content\/uploads\/2024\/06\/20230127_091518-1024x768.jpg\" alt=\"\" class=\"wp-image-1092\" srcset=\"https:\/\/aximod.fr\/wp-content\/uploads\/2024\/06\/20230127_091518-1024x768.jpg 1024w, https:\/\/aximod.fr\/wp-content\/uploads\/2024\/06\/20230127_091518-300x225.jpg 300w, https:\/\/aximod.fr\/wp-content\/uploads\/2024\/06\/20230127_091518-768x576.jpg 768w, https:\/\/aximod.fr\/wp-content\/uploads\/2024\/06\/20230127_091518-1536x1152.jpg 1536w, https:\/\/aximod.fr\/wp-content\/uploads\/2024\/06\/20230127_091518-2048x1536.jpg 2048w\" sizes=\"auto, (max-width: 1024px) 100vw, 1024px\" \/><\/figure>\n\n\n\n<figure class=\"wp-block-image size-large\"><img loading=\"lazy\" decoding=\"async\" width=\"1024\" height=\"768\" src=\"https:\/\/aximod.fr\/wp-content\/uploads\/2024\/06\/20201112_110049-1024x768.jpg\" alt=\"\" class=\"wp-image-1093\" srcset=\"https:\/\/aximod.fr\/wp-content\/uploads\/2024\/06\/20201112_110049-1024x768.jpg 1024w, https:\/\/aximod.fr\/wp-content\/uploads\/2024\/06\/20201112_110049-300x225.jpg 300w, https:\/\/aximod.fr\/wp-content\/uploads\/2024\/06\/20201112_110049-768x576.jpg 768w, https:\/\/aximod.fr\/wp-content\/uploads\/2024\/06\/20201112_110049-1536x1152.jpg 1536w, https:\/\/aximod.fr\/wp-content\/uploads\/2024\/06\/20201112_110049-2048x1536.jpg 2048w\" sizes=\"auto, (max-width: 1024px) 100vw, 1024px\" \/><\/figure>\n\n\n\n<figure class=\"wp-block-image size-large\"><img loading=\"lazy\" decoding=\"async\" width=\"1024\" height=\"462\" src=\"https:\/\/aximod.fr\/wp-content\/uploads\/2024\/06\/20230727_161222-1024x462.jpg\" alt=\"\" class=\"wp-image-1094\" srcset=\"https:\/\/aximod.fr\/wp-content\/uploads\/2024\/06\/20230727_161222-1024x462.jpg 1024w, https:\/\/aximod.fr\/wp-content\/uploads\/2024\/06\/20230727_161222-300x135.jpg 300w, https:\/\/aximod.fr\/wp-content\/uploads\/2024\/06\/20230727_161222-768x346.jpg 768w, https:\/\/aximod.fr\/wp-content\/uploads\/2024\/06\/20230727_161222-1536x692.jpg 1536w, https:\/\/aximod.fr\/wp-content\/uploads\/2024\/06\/20230727_161222-2048x923.jpg 2048w\" sizes=\"auto, (max-width: 1024px) 100vw, 1024px\" \/><\/figure>\n\n\n\n<figure class=\"wp-block-image size-large\"><img loading=\"lazy\" decoding=\"async\" width=\"1024\" height=\"768\" src=\"https:\/\/aximod.fr\/wp-content\/uploads\/2024\/06\/20201224_102757-1024x768.jpg\" alt=\"\" class=\"wp-image-1096\" srcset=\"https:\/\/aximod.fr\/wp-content\/uploads\/2024\/06\/20201224_102757-1024x768.jpg 1024w, https:\/\/aximod.fr\/wp-content\/uploads\/2024\/06\/20201224_102757-300x225.jpg 300w, https:\/\/aximod.fr\/wp-content\/uploads\/2024\/06\/20201224_102757-768x576.jpg 768w, https:\/\/aximod.fr\/wp-content\/uploads\/2024\/06\/20201224_102757-1536x1152.jpg 1536w, https:\/\/aximod.fr\/wp-content\/uploads\/2024\/06\/20201224_102757-2048x1536.jpg 2048w\" sizes=\"auto, (max-width: 1024px) 100vw, 1024px\" \/><\/figure>\n\n\n\n<figure class=\"wp-block-image size-large\"><img loading=\"lazy\" decoding=\"async\" width=\"1024\" height=\"768\" src=\"https:\/\/aximod.fr\/wp-content\/uploads\/2024\/06\/20230824_133150-1024x768.jpg\" alt=\"\" class=\"wp-image-1095\" srcset=\"https:\/\/aximod.fr\/wp-content\/uploads\/2024\/06\/20230824_133150-1024x768.jpg 1024w, https:\/\/aximod.fr\/wp-content\/uploads\/2024\/06\/20230824_133150-300x225.jpg 300w, https:\/\/aximod.fr\/wp-content\/uploads\/2024\/06\/20230824_133150-768x576.jpg 768w, https:\/\/aximod.fr\/wp-content\/uploads\/2024\/06\/20230824_133150-1536x1152.jpg 1536w, https:\/\/aximod.fr\/wp-content\/uploads\/2024\/06\/20230824_133150-2048x1536.jpg 2048w\" sizes=\"auto, (max-width: 1024px) 100vw, 1024px\" \/><\/figure>\n\n\n\n<figure class=\"wp-block-video\"><video height=\"1080\" style=\"aspect-ratio: 1920 \/ 1080;\" width=\"1920\" controls src=\"https:\/\/aximod.fr\/wp-content\/uploads\/2021\/11\/AXIMOD-1.mp4\"><\/video><\/figure>\n\n\n\n<p>Nous proposons \u00e0 la location et \u00e0 la vente une gamme compl\u00e8te de\u00a0<strong>b\u00e2timents modulaires<\/strong> offrant  confort et s\u00e9curit\u00e9 pour tous les besoins :\u00a0\u00e9cole, bureau,\u00a0chantier, \u00e9v\u00e9nementiel, commerces, etc.<\/p>\n\n\n\n<p>Faites nous part de vos demandes, nous mettrons \u00e0 votre disposition des\u00a0<strong>b\u00e2timents modulaires<\/strong>\u00a0fonctionnels qui vous conviennent le mieux.<\/p>\n\n\n\n<p><mark style=\"background-color:#dfef00\" class=\"has-inline-color\">Contactez nous pour d\u00e9finir votre projet.<\/mark><\/p>\n\n\n\n<p>Ne vous souciez pas de la pose, nous nous en occupons. Nos \u00e9quipes se d\u00e9placent sur site pour poser et installer rapidement votre b\u00e2timent modulaire . <\/p>\n\n\n\n<p>\u00c0 votre demande, nous pouvons r\u00e9aliser un agencement sur mesure.<\/p>\n\n\n\n<p><\/p>\n\n\n\n<p>LOCATION BATIMENTS MODULAIRES BORDEAUX<\/p>\n\n\n\n<p><\/p>\n","protected":false},"excerpt":{"rendered":"<p>LOCATION ET VENTE DE BATIMENTS MODULAIRES PREFABRIQUES BORDEAUX SAS AXIMOD Si\u00e8ge Social : Zone Industrielle de BERNICHON 2 chemin du Grand Estey &#8211; 33360 LATRESNE &#8211; GIRONDE. Nouvelle Aquitaine contact@aximod.fr AXIMOD Intervient \u00e9galement sur : Nous proposons \u00e0 la location et \u00e0 la vente une gamme compl\u00e8te de\u00a0b\u00e2timents modulaires offrant [&hellip;]<\/p>\n","protected":false},"author":1,"featured_media":257,"parent":0,"menu_order":0,"comment_status":"closed","ping_status":"closed","template":"","meta":{"_monsterinsights_skip_tracking":false,"_monsterinsights_sitenote_active":false,"_monsterinsights_sitenote_note":"","_monsterinsights_sitenote_category":0,"footnotes":""},"class_list":["post-146","page","type-page","status-publish","has-post-thumbnail","hentry"],"yoast_head":"<!-- This site is optimized with the Yoast SEO plugin v27.5 - https:\/\/yoast.com\/product\/yoast-seo-wordpress\/ -->\n<title>LOCATION BATIMENTS MODULAIRES BORDEAUX GIRONDE<\/title>\n<meta name=\"description\" content=\"LOCATION BATIMENTS MODULAIRES PREFABRIQUES BORDEAUX - Bureaux - Bungalows de chantier - Salles de classe Gironde Dordogne Landes Charente\" \/>\n<meta name=\"robots\" content=\"index, follow, max-snippet:-1, max-image-preview:large, max-video-preview:-1\" \/>\n<link rel=\"canonical\" href=\"https:\/\/aximod.fr\/\" \/>\n<meta property=\"og:locale\" content=\"fr_FR\" \/>\n<meta property=\"og:type\" content=\"article\" \/>\n<meta property=\"og:title\" content=\"LOCATION BATIMENTS MODULAIRES BORDEAUX GIRONDE\" \/>\n<meta property=\"og:description\" content=\"LOCATION BATIMENTS MODULAIRES PREFABRIQUES BORDEAUX - Bureaux - Bungalows de chantier - Salles de classe Gironde Dordogne Landes Charente\" \/>\n<meta property=\"og:url\" content=\"https:\/\/aximod.fr\/\" \/>\n<meta property=\"og:site_name\" content=\"AXIMOD\" \/>\n<meta property=\"article:modified_time\" content=\"2026-04-27T16:27:16+00:00\" \/>\n<meta property=\"og:image\" content=\"https:\/\/aximod.fr\/wp-content\/uploads\/2019\/07\/AXIMOD-2.jpg\" \/>\n\t<meta property=\"og:image:width\" content=\"716\" \/>\n\t<meta property=\"og:image:height\" content=\"634\" \/>\n\t<meta property=\"og:image:type\" content=\"image\/jpeg\" \/>\n<meta name=\"twitter:card\" content=\"summary_large_image\" \/>\n<meta name=\"twitter:label1\" content=\"Dur\u00e9e de lecture estim\u00e9e\" \/>\n\t<meta name=\"twitter:data1\" content=\"3 minutes\" \/>\n<script type=\"application\/ld+json\" class=\"yoast-schema-graph\">{\"@context\":\"https:\\\/\\\/schema.org\",\"@graph\":[{\"@type\":\"WebPage\",\"@id\":\"https:\\\/\\\/aximod.fr\\\/\",\"url\":\"https:\\\/\\\/aximod.fr\\\/\",\"name\":\"LOCATION BATIMENTS MODULAIRES BORDEAUX GIRONDE\",\"isPartOf\":{\"@id\":\"https:\\\/\\\/aximod.fr\\\/#website\"},\"primaryImageOfPage\":{\"@id\":\"https:\\\/\\\/aximod.fr\\\/#primaryimage\"},\"image\":{\"@id\":\"https:\\\/\\\/aximod.fr\\\/#primaryimage\"},\"thumbnailUrl\":\"https:\\\/\\\/aximod.fr\\\/wp-content\\\/uploads\\\/2019\\\/07\\\/AXIMOD-2.jpg\",\"datePublished\":\"2019-06-13T15:02:54+00:00\",\"dateModified\":\"2026-04-27T16:27:16+00:00\",\"description\":\"LOCATION BATIMENTS MODULAIRES PREFABRIQUES BORDEAUX - Bureaux - Bungalows de chantier - Salles de classe Gironde Dordogne Landes Charente\",\"breadcrumb\":{\"@id\":\"https:\\\/\\\/aximod.fr\\\/#breadcrumb\"},\"inLanguage\":\"fr-FR\",\"potentialAction\":[{\"@type\":\"ReadAction\",\"target\":[\"https:\\\/\\\/aximod.fr\\\/\"]}]},{\"@type\":\"ImageObject\",\"inLanguage\":\"fr-FR\",\"@id\":\"https:\\\/\\\/aximod.fr\\\/#primaryimage\",\"url\":\"https:\\\/\\\/aximod.fr\\\/wp-content\\\/uploads\\\/2019\\\/07\\\/AXIMOD-2.jpg\",\"contentUrl\":\"https:\\\/\\\/aximod.fr\\\/wp-content\\\/uploads\\\/2019\\\/07\\\/AXIMOD-2.jpg\",\"width\":716,\"height\":634},{\"@type\":\"BreadcrumbList\",\"@id\":\"https:\\\/\\\/aximod.fr\\\/#breadcrumb\",\"itemListElement\":[{\"@type\":\"ListItem\",\"position\":1,\"name\":\"Accueil\",\"item\":\"https:\\\/\\\/aximod.fr\\\/\"},{\"@type\":\"ListItem\",\"position\":2,\"name\":\"LOCATION BATIMENTS MODULAIRES BORDEAUX GIRONDE\"}]},{\"@type\":\"WebSite\",\"@id\":\"https:\\\/\\\/aximod.fr\\\/#website\",\"url\":\"https:\\\/\\\/aximod.fr\\\/\",\"name\":\"AXIMOD.FR\",\"description\":\"Location Vente Maintenance Solutions Modulaires Gironde\",\"publisher\":{\"@id\":\"https:\\\/\\\/aximod.fr\\\/#organization\"},\"potentialAction\":[{\"@type\":\"SearchAction\",\"target\":{\"@type\":\"EntryPoint\",\"urlTemplate\":\"https:\\\/\\\/aximod.fr\\\/?s={search_term_string}\"},\"query-input\":{\"@type\":\"PropertyValueSpecification\",\"valueRequired\":true,\"valueName\":\"search_term_string\"}}],\"inLanguage\":\"fr-FR\"},{\"@type\":\"Organization\",\"@id\":\"https:\\\/\\\/aximod.fr\\\/#organization\",\"name\":\"AXIMOD\",\"url\":\"https:\\\/\\\/aximod.fr\\\/\",\"logo\":{\"@type\":\"ImageObject\",\"inLanguage\":\"fr-FR\",\"@id\":\"https:\\\/\\\/aximod.fr\\\/#\\\/schema\\\/logo\\\/image\\\/\",\"url\":\"https:\\\/\\\/aximod.fr\\\/wp-content\\\/uploads\\\/2019\\\/07\\\/AXIMOD-2.jpg\",\"contentUrl\":\"https:\\\/\\\/aximod.fr\\\/wp-content\\\/uploads\\\/2019\\\/07\\\/AXIMOD-2.jpg\",\"width\":716,\"height\":634,\"caption\":\"AXIMOD\"},\"image\":{\"@id\":\"https:\\\/\\\/aximod.fr\\\/#\\\/schema\\\/logo\\\/image\\\/\"}}]}<\/script>\n<!-- \/ Yoast SEO plugin. -->","yoast_head_json":{"title":"LOCATION BATIMENTS MODULAIRES BORDEAUX GIRONDE","description":"LOCATION BATIMENTS MODULAIRES PREFABRIQUES BORDEAUX - Bureaux - Bungalows de chantier - Salles de classe Gironde Dordogne Landes Charente","robots":{"index":"index","follow":"follow","max-snippet":"max-snippet:-1","max-image-preview":"max-image-preview:large","max-video-preview":"max-video-preview:-1"},"canonical":"https:\/\/aximod.fr\/","og_locale":"fr_FR","og_type":"article","og_title":"LOCATION BATIMENTS MODULAIRES BORDEAUX GIRONDE","og_description":"LOCATION BATIMENTS MODULAIRES PREFABRIQUES BORDEAUX - Bureaux - Bungalows de chantier - Salles de classe Gironde Dordogne Landes Charente","og_url":"https:\/\/aximod.fr\/","og_site_name":"AXIMOD","article_modified_time":"2026-04-27T16:27:16+00:00","og_image":[{"width":716,"height":634,"url":"https:\/\/aximod.fr\/wp-content\/uploads\/2019\/07\/AXIMOD-2.jpg","type":"image\/jpeg"}],"twitter_card":"summary_large_image","twitter_misc":{"Dur\u00e9e de lecture estim\u00e9e":"3 minutes"},"schema":{"@context":"https:\/\/schema.org","@graph":[{"@type":"WebPage","@id":"https:\/\/aximod.fr\/","url":"https:\/\/aximod.fr\/","name":"LOCATION BATIMENTS MODULAIRES BORDEAUX GIRONDE","isPartOf":{"@id":"https:\/\/aximod.fr\/#website"},"primaryImageOfPage":{"@id":"https:\/\/aximod.fr\/#primaryimage"},"image":{"@id":"https:\/\/aximod.fr\/#primaryimage"},"thumbnailUrl":"https:\/\/aximod.fr\/wp-content\/uploads\/2019\/07\/AXIMOD-2.jpg","datePublished":"2019-06-13T15:02:54+00:00","dateModified":"2026-04-27T16:27:16+00:00","description":"LOCATION BATIMENTS MODULAIRES PREFABRIQUES BORDEAUX - Bureaux - Bungalows de chantier - Salles de classe Gironde Dordogne Landes Charente","breadcrumb":{"@id":"https:\/\/aximod.fr\/#breadcrumb"},"inLanguage":"fr-FR","potentialAction":[{"@type":"ReadAction","target":["https:\/\/aximod.fr\/"]}]},{"@type":"ImageObject","inLanguage":"fr-FR","@id":"https:\/\/aximod.fr\/#primaryimage","url":"https:\/\/aximod.fr\/wp-content\/uploads\/2019\/07\/AXIMOD-2.jpg","contentUrl":"https:\/\/aximod.fr\/wp-content\/uploads\/2019\/07\/AXIMOD-2.jpg","width":716,"height":634},{"@type":"BreadcrumbList","@id":"https:\/\/aximod.fr\/#breadcrumb","itemListElement":[{"@type":"ListItem","position":1,"name":"Accueil","item":"https:\/\/aximod.fr\/"},{"@type":"ListItem","position":2,"name":"LOCATION BATIMENTS MODULAIRES BORDEAUX GIRONDE"}]},{"@type":"WebSite","@id":"https:\/\/aximod.fr\/#website","url":"https:\/\/aximod.fr\/","name":"AXIMOD.FR","description":"Location Vente Maintenance Solutions Modulaires Gironde","publisher":{"@id":"https:\/\/aximod.fr\/#organization"},"potentialAction":[{"@type":"SearchAction","target":{"@type":"EntryPoint","urlTemplate":"https:\/\/aximod.fr\/?s={search_term_string}"},"query-input":{"@type":"PropertyValueSpecification","valueRequired":true,"valueName":"search_term_string"}}],"inLanguage":"fr-FR"},{"@type":"Organization","@id":"https:\/\/aximod.fr\/#organization","name":"AXIMOD","url":"https:\/\/aximod.fr\/","logo":{"@type":"ImageObject","inLanguage":"fr-FR","@id":"https:\/\/aximod.fr\/#\/schema\/logo\/image\/","url":"https:\/\/aximod.fr\/wp-content\/uploads\/2019\/07\/AXIMOD-2.jpg","contentUrl":"https:\/\/aximod.fr\/wp-content\/uploads\/2019\/07\/AXIMOD-2.jpg","width":716,"height":634,"caption":"AXIMOD"},"image":{"@id":"https:\/\/aximod.fr\/#\/schema\/logo\/image\/"}}]}},"_links":{"self":[{"href":"https:\/\/aximod.fr\/index.php\/wp-json\/wp\/v2\/pages\/146","targetHints":{"allow":["GET"]}}],"collection":[{"href":"https:\/\/aximod.fr\/index.php\/wp-json\/wp\/v2\/pages"}],"about":[{"href":"https:\/\/aximod.fr\/index.php\/wp-json\/wp\/v2\/types\/page"}],"author":[{"embeddable":true,"href":"https:\/\/aximod.fr\/index.php\/wp-json\/wp\/v2\/users\/1"}],"replies":[{"embeddable":true,"href":"https:\/\/aximod.fr\/index.php\/wp-json\/wp\/v2\/comments?post=146"}],"version-history":[{"count":59,"href":"https:\/\/aximod.fr\/index.php\/wp-json\/wp\/v2\/pages\/146\/revisions"}],"predecessor-version":[{"id":1168,"href":"https:\/\/aximod.fr\/index.php\/wp-json\/wp\/v2\/pages\/146\/revisions\/1168"}],"wp:featuredmedia":[{"embeddable":true,"href":"https:\/\/aximod.fr\/index.php\/wp-json\/wp\/v2\/media\/257"}],"wp:attachment":[{"href":"https:\/\/aximod.fr\/index.php\/wp-json\/wp\/v2\/media?parent=146"}],"curies":[{"name":"wp","href":"https:\/\/api.w.org\/{rel}","templated":true}]}}