{"id":2,"date":"2019-06-04T13:45:33","date_gmt":"2019-06-04T11:45:33","guid":{"rendered":"https:\/\/aximod.fr\/?page_id=2"},"modified":"2024-12-20T16:57:58","modified_gmt":"2024-12-20T15:57:58","slug":"nos-services-nos-prestations","status":"publish","type":"page","link":"https:\/\/aximod.fr\/index.php\/nos-services-nos-prestations\/","title":{"rendered":"Nos Services"},"content":{"rendered":"\n<p class=\"has-text-align-left\">AXIMOD met \u00e0 votre disposition tout son savoir faire afin de vous apporter les meilleurs services<\/p>\n\n\n<div class=\"wp-block-image\">\n<figure class=\"aligncenter size-large is-resized\"><img loading=\"lazy\" decoding=\"async\" width=\"768\" height=\"1024\" src=\"https:\/\/aximod.fr\/wp-content\/uploads\/2024\/12\/TERRASSE-768x1024.jpg\" alt=\"\" class=\"wp-image-1133\" style=\"width:320px;height:auto\" srcset=\"https:\/\/aximod.fr\/wp-content\/uploads\/2024\/12\/TERRASSE-768x1024.jpg 768w, https:\/\/aximod.fr\/wp-content\/uploads\/2024\/12\/TERRASSE-225x300.jpg 225w, https:\/\/aximod.fr\/wp-content\/uploads\/2024\/12\/TERRASSE-1152x1536.jpg 1152w, https:\/\/aximod.fr\/wp-content\/uploads\/2024\/12\/TERRASSE-1536x2048.jpg 1536w, https:\/\/aximod.fr\/wp-content\/uploads\/2024\/12\/TERRASSE-scaled.jpg 1920w\" sizes=\"auto, (max-width: 768px) 100vw, 768px\" \/><\/figure>\n<\/div>\n\n\n<h2 class=\"wp-block-heading\">LA LOCATION<\/h2>\n\n\n\n<p> Vous avez besoin&nbsp;d\u2019un b\u00e2timent modulaire temporaire,&nbsp;de surfaces  suppl\u00e9mentaires suite \u00e0 des travaux, \u00e0 une augmentation d\u2019activit\u00e9, la <strong>location<\/strong> est la solution la plus adapt\u00e9e  \u00e0 votre attente. <a href=\"https:\/\/aximod.fr\/index.php\/batiments-modulaires-bungalows\/\">Nos mat\u00e9riels<\/a> sont pr\u00e9par\u00e9s sur notre site par nos \u00e9quipes de pr\u00e9parateurs. L\u2019int\u00e9gralit\u00e9 des finitions et les interventions \u00e9ventuelles sont effectu\u00e9es sur place afin de vous livrer un produit pr\u00eat \u00e0 l&rsquo;utilisation. <\/p>\n\n\n<div class=\"wp-block-image\">\n<figure class=\"aligncenter size-large is-resized\"><img loading=\"lazy\" decoding=\"async\" width=\"1024\" height=\"768\" src=\"https:\/\/aximod.fr\/wp-content\/uploads\/2024\/12\/20211104_164311-1024x768.jpg\" alt=\"\" class=\"wp-image-1144\" style=\"width:570px;height:auto\" srcset=\"https:\/\/aximod.fr\/wp-content\/uploads\/2024\/12\/20211104_164311-1024x768.jpg 1024w, https:\/\/aximod.fr\/wp-content\/uploads\/2024\/12\/20211104_164311-300x225.jpg 300w, https:\/\/aximod.fr\/wp-content\/uploads\/2024\/12\/20211104_164311-768x576.jpg 768w, https:\/\/aximod.fr\/wp-content\/uploads\/2024\/12\/20211104_164311-1536x1152.jpg 1536w, https:\/\/aximod.fr\/wp-content\/uploads\/2024\/12\/20211104_164311-2048x1536.jpg 2048w\" sizes=\"auto, (max-width: 1024px) 100vw, 1024px\" \/><\/figure>\n<\/div>\n\n\n<p><\/p>\n\n\n\n<p><\/p>\n\n\n\n<h2 class=\"wp-block-heading\">LA VENTE NEUF OU OCCASION<\/h2>\n\n\n<div class=\"wp-block-image\">\n<figure class=\"aligncenter size-large is-resized\"><img loading=\"lazy\" decoding=\"async\" width=\"1024\" height=\"1024\" src=\"https:\/\/aximod.fr\/wp-content\/uploads\/2024\/12\/20241218_102409-1024x1024.jpg\" alt=\"\" class=\"wp-image-1134\" style=\"width:436px;height:auto\" srcset=\"https:\/\/aximod.fr\/wp-content\/uploads\/2024\/12\/20241218_102409-1024x1024.jpg 1024w, https:\/\/aximod.fr\/wp-content\/uploads\/2024\/12\/20241218_102409-300x300.jpg 300w, https:\/\/aximod.fr\/wp-content\/uploads\/2024\/12\/20241218_102409-150x150.jpg 150w, https:\/\/aximod.fr\/wp-content\/uploads\/2024\/12\/20241218_102409-768x768.jpg 768w, https:\/\/aximod.fr\/wp-content\/uploads\/2024\/12\/20241218_102409-1536x1536.jpg 1536w, https:\/\/aximod.fr\/wp-content\/uploads\/2024\/12\/20241218_102409-2048x2048.jpg 2048w\" sizes=\"auto, (max-width: 1024px) 100vw, 1024px\" \/><\/figure>\n<\/div>\n\n<div class=\"wp-block-image\">\n<figure class=\"aligncenter size-large is-resized\"><img loading=\"lazy\" decoding=\"async\" width=\"1024\" height=\"768\" src=\"https:\/\/aximod.fr\/wp-content\/uploads\/2024\/12\/20230824_133202-1024x768.jpg\" alt=\"\" class=\"wp-image-1135\" style=\"width:439px;height:auto\" srcset=\"https:\/\/aximod.fr\/wp-content\/uploads\/2024\/12\/20230824_133202-1024x768.jpg 1024w, https:\/\/aximod.fr\/wp-content\/uploads\/2024\/12\/20230824_133202-300x225.jpg 300w, https:\/\/aximod.fr\/wp-content\/uploads\/2024\/12\/20230824_133202-768x576.jpg 768w, https:\/\/aximod.fr\/wp-content\/uploads\/2024\/12\/20230824_133202-1536x1152.jpg 1536w, https:\/\/aximod.fr\/wp-content\/uploads\/2024\/12\/20230824_133202-2048x1536.jpg 2048w\" sizes=\"auto, (max-width: 1024px) 100vw, 1024px\" \/><\/figure>\n<\/div>\n\n<div class=\"wp-block-image\">\n<figure class=\"aligncenter size-large is-resized\"><img loading=\"lazy\" decoding=\"async\" width=\"1024\" height=\"1024\" src=\"https:\/\/aximod.fr\/wp-content\/uploads\/2024\/12\/20240923_122810-1024x1024.jpg\" alt=\"\" class=\"wp-image-1143\" style=\"width:439px;height:auto\" srcset=\"https:\/\/aximod.fr\/wp-content\/uploads\/2024\/12\/20240923_122810-1024x1024.jpg 1024w, https:\/\/aximod.fr\/wp-content\/uploads\/2024\/12\/20240923_122810-300x300.jpg 300w, https:\/\/aximod.fr\/wp-content\/uploads\/2024\/12\/20240923_122810-150x150.jpg 150w, https:\/\/aximod.fr\/wp-content\/uploads\/2024\/12\/20240923_122810-768x768.jpg 768w, https:\/\/aximod.fr\/wp-content\/uploads\/2024\/12\/20240923_122810-1536x1536.jpg 1536w, https:\/\/aximod.fr\/wp-content\/uploads\/2024\/12\/20240923_122810-2048x2048.jpg 2048w\" sizes=\"auto, (max-width: 1024px) 100vw, 1024px\" \/><\/figure>\n<\/div>\n\n\n<p><\/p>\n\n\n\n<p>Li\u00e9 \u00e0 des projets d&rsquo;investissements, nos proposons \u00e9galement des b\u00e2timents modulaires \u00e0 <strong>la vente<\/strong> (neufs ou d&rsquo;occasion), livr\u00e9s cl\u00e9s en main selon votre cahier des charges.<\/p>\n\n\n\n<p><strong>QU&rsquo;IL S&rsquo;AGISSE DE LOCATION OU DE VENTE, LE SERVICE APPORTE<\/strong> <strong>RESTE IDENTIQUE<\/strong><\/p>\n\n\n\n<p class=\"has-text-align-center\">.<\/p>\n\n\n\n<h2 class=\"wp-block-heading\">RENOVATION \/ MODIFICATIONS<\/h2>\n\n\n\n<p class=\"has-text-align-center\"><\/p>\n\n\n<div class=\"wp-block-image\">\n<figure class=\"aligncenter size-large is-resized\"><img loading=\"lazy\" decoding=\"async\" width=\"1024\" height=\"1024\" src=\"https:\/\/aximod.fr\/wp-content\/uploads\/2024\/12\/20240522_152941-1-1024x1024.jpg\" alt=\"\" class=\"wp-image-1140\" style=\"width:487px;height:auto\" srcset=\"https:\/\/aximod.fr\/wp-content\/uploads\/2024\/12\/20240522_152941-1-1024x1024.jpg 1024w, https:\/\/aximod.fr\/wp-content\/uploads\/2024\/12\/20240522_152941-1-300x300.jpg 300w, https:\/\/aximod.fr\/wp-content\/uploads\/2024\/12\/20240522_152941-1-150x150.jpg 150w, https:\/\/aximod.fr\/wp-content\/uploads\/2024\/12\/20240522_152941-1-768x768.jpg 768w, https:\/\/aximod.fr\/wp-content\/uploads\/2024\/12\/20240522_152941-1-1536x1536.jpg 1536w, https:\/\/aximod.fr\/wp-content\/uploads\/2024\/12\/20240522_152941-1-2048x2048.jpg 2048w\" sizes=\"auto, (max-width: 1024px) 100vw, 1024px\" \/><\/figure>\n<\/div>\n\n<div class=\"wp-block-image\">\n<figure class=\"aligncenter size-large is-resized\"><img loading=\"lazy\" decoding=\"async\" width=\"1024\" height=\"1024\" src=\"https:\/\/aximod.fr\/wp-content\/uploads\/2024\/12\/20240523_100808-1024x1024.jpg\" alt=\"\" class=\"wp-image-1141\" style=\"width:520px;height:auto\" srcset=\"https:\/\/aximod.fr\/wp-content\/uploads\/2024\/12\/20240523_100808-1024x1024.jpg 1024w, https:\/\/aximod.fr\/wp-content\/uploads\/2024\/12\/20240523_100808-300x300.jpg 300w, https:\/\/aximod.fr\/wp-content\/uploads\/2024\/12\/20240523_100808-150x150.jpg 150w, https:\/\/aximod.fr\/wp-content\/uploads\/2024\/12\/20240523_100808-768x768.jpg 768w, https:\/\/aximod.fr\/wp-content\/uploads\/2024\/12\/20240523_100808-1536x1536.jpg 1536w, https:\/\/aximod.fr\/wp-content\/uploads\/2024\/12\/20240523_100808-2048x2048.jpg 2048w\" sizes=\"auto, (max-width: 1024px) 100vw, 1024px\" \/><\/figure>\n<\/div>\n\n<div class=\"wp-block-image\">\n<figure class=\"aligncenter size-large is-resized\"><img loading=\"lazy\" decoding=\"async\" width=\"1024\" height=\"1024\" src=\"https:\/\/aximod.fr\/wp-content\/uploads\/2024\/12\/20240523_110457-1024x1024.jpg\" alt=\"\" class=\"wp-image-1142\" style=\"width:465px;height:auto\" srcset=\"https:\/\/aximod.fr\/wp-content\/uploads\/2024\/12\/20240523_110457-1024x1024.jpg 1024w, https:\/\/aximod.fr\/wp-content\/uploads\/2024\/12\/20240523_110457-300x300.jpg 300w, https:\/\/aximod.fr\/wp-content\/uploads\/2024\/12\/20240523_110457-150x150.jpg 150w, https:\/\/aximod.fr\/wp-content\/uploads\/2024\/12\/20240523_110457-768x768.jpg 768w, https:\/\/aximod.fr\/wp-content\/uploads\/2024\/12\/20240523_110457-1536x1536.jpg 1536w, https:\/\/aximod.fr\/wp-content\/uploads\/2024\/12\/20240523_110457-2048x2048.jpg 2048w\" sizes=\"auto, (max-width: 1024px) 100vw, 1024px\" \/><\/figure>\n<\/div>\n\n\n<p>Nous <a href=\"https:\/\/aximod.fr\/index.php\/renovation\/\">restaurons et\/ou modifions<\/a> avec des pi\u00e8ces d&rsquo;origine ou \u00e9quivalentes vos modules (planchers, portes, fen\u00eatres, cloisons,&#8230;)<\/p>\n\n\n<p><!--EndFragment--><br \/>Les services <strong>AXIMOD<\/strong> incluent \u00e9galement :<\/p>\n\n\n<p>\u00c9tude personnalis\u00e9e des Projets   <\/p>\n\n\n\n<ul class=\"wp-block-list\">\n<li>  Nous nous d\u00e9pla\u00e7ons, <strong>\u00e9coutons<\/strong> et discutons de <strong>vos demandes<\/strong>. Un plan est joint \u00e0 notre proposition tarifaire.<\/li>\n<\/ul>\n\n\n\n<p>Conseils et accompagnement <\/p>\n\n\n\n<ul class=\"wp-block-list\">\n<li>Choix du type de mat\u00e9riel et de la configuration selon la r\u00e9glementation. Nous pouvons \u00e9galement vous accompagner dans les d\u00e9marches administratives engendr\u00e9es par le transport ou le droit de l&rsquo;urbanisme. <\/li>\n<\/ul>\n\n\n\n<p>Livraison et mise en place sur Site<\/p>\n\n\n\n<ul class=\"wp-block-list\">\n<li> Des moyens de transport s\u00e9curis\u00e9s\u00a0:\u00a0Nous poss\u00e9dons les \u00e9quipements   n\u00e9cessaires pour assurer les manutentions des mat\u00e9riels \u00e0 votre convenance et rapidement (camion plateau avec remorque, bras de levage, outillages de manutention\u2026). <\/li>\n<\/ul>\n\n\n\n<p>Souplesse <\/p>\n\n\n\n<ul class=\"wp-block-list\">\n<li> Soucieux de vous apporter une prestation globale de qualit\u00e9, nous pouvons \u00e9galement vous accompagner dans la r\u00e9alisation de services compl\u00e9mentaires&#8230;<\/li>\n<\/ul>\n\n\n\n<figure class=\"wp-block-gallery has-nested-images columns-default is-cropped wp-block-gallery-1 is-layout-flex wp-block-gallery-is-layout-flex\">\n<figure class=\"wp-block-image size-large\"><img loading=\"lazy\" decoding=\"async\" width=\"452\" height=\"300\" data-id=\"184\" src=\"https:\/\/aximod.fr\/wp-content\/uploads\/2019\/06\/macon.png\" alt=\"\" class=\"wp-image-184\" srcset=\"https:\/\/aximod.fr\/wp-content\/uploads\/2019\/06\/macon.png 452w, https:\/\/aximod.fr\/wp-content\/uploads\/2019\/06\/macon-300x199.png 300w, https:\/\/aximod.fr\/wp-content\/uploads\/2019\/06\/macon-360x240.png 360w\" sizes=\"auto, (max-width: 452px) 100vw, 452px\" \/><figcaption class=\"wp-element-caption\"><strong>Ma\u00e7onnerie &#8211; longrines  \/plots<\/strong><\/figcaption><\/figure>\n\n\n\n<figure class=\"wp-block-image size-large\"><img loading=\"lazy\" decoding=\"async\" width=\"640\" height=\"425\" data-id=\"187\" src=\"https:\/\/aximod.fr\/wp-content\/uploads\/2019\/06\/electric-1080585_640-1.jpg\" alt=\"\" class=\"wp-image-187\" srcset=\"https:\/\/aximod.fr\/wp-content\/uploads\/2019\/06\/electric-1080585_640-1.jpg 640w, https:\/\/aximod.fr\/wp-content\/uploads\/2019\/06\/electric-1080585_640-1-300x199.jpg 300w, https:\/\/aximod.fr\/wp-content\/uploads\/2019\/06\/electric-1080585_640-1-360x240.jpg 360w\" sizes=\"auto, (max-width: 640px) 100vw, 640px\" \/><figcaption class=\"wp-element-caption\"><strong>\u00c9lectricit\u00e9<\/strong><\/figcaption><\/figure>\n\n\n\n<figure class=\"wp-block-image size-large\"><img loading=\"lazy\" decoding=\"async\" width=\"444\" height=\"299\" data-id=\"188\" src=\"https:\/\/aximod.fr\/wp-content\/uploads\/2019\/06\/plomberie.png\" alt=\"\" class=\"wp-image-188\" srcset=\"https:\/\/aximod.fr\/wp-content\/uploads\/2019\/06\/plomberie.png 444w, https:\/\/aximod.fr\/wp-content\/uploads\/2019\/06\/plomberie-300x202.png 300w\" sizes=\"auto, (max-width: 444px) 100vw, 444px\" \/><figcaption class=\"wp-element-caption\"><strong>Plomberie<\/strong><\/figcaption><\/figure>\n\n\n\n<figure class=\"wp-block-image size-large\"><img loading=\"lazy\" decoding=\"async\" width=\"299\" height=\"193\" data-id=\"190\" src=\"https:\/\/aximod.fr\/wp-content\/uploads\/2019\/06\/clim.png\" alt=\"\" class=\"wp-image-190\"\/><figcaption class=\"wp-element-caption\"><strong>Climatisation<\/strong><\/figcaption><\/figure>\n\n\n\n<figure class=\"wp-block-image size-large\"><img loading=\"lazy\" decoding=\"async\" width=\"720\" height=\"598\" data-id=\"194\" src=\"https:\/\/aximod.fr\/wp-content\/uploads\/2019\/06\/pmr.jpg\" alt=\"\" class=\"wp-image-194\" srcset=\"https:\/\/aximod.fr\/wp-content\/uploads\/2019\/06\/pmr.jpg 720w, https:\/\/aximod.fr\/wp-content\/uploads\/2019\/06\/pmr-300x249.jpg 300w\" sizes=\"auto, (max-width: 720px) 100vw, 720px\" \/><figcaption class=\"wp-element-caption\"><strong>Accessibilit\u00e9<\/strong><\/figcaption><\/figure>\n<\/figure>\n\n\n\n<p><\/p>\n\n\n\n<p><\/p>\n\n\n\n<p><\/p>\n","protected":false},"excerpt":{"rendered":"<p>AXIMOD met \u00e0 votre disposition tout son savoir faire afin de vous apporter les meilleurs services LA LOCATION Vous avez besoin&nbsp;d\u2019un b\u00e2timent modulaire temporaire,&nbsp;de surfaces suppl\u00e9mentaires suite \u00e0 des travaux, \u00e0 une augmentation d\u2019activit\u00e9, la location est la solution la plus adapt\u00e9e \u00e0 votre attente. Nos mat\u00e9riels sont pr\u00e9par\u00e9s sur [&hellip;]<\/p>\n","protected":false},"author":1,"featured_media":24,"parent":0,"menu_order":0,"comment_status":"closed","ping_status":"open","template":"","meta":{"_monsterinsights_skip_tracking":false,"_monsterinsights_sitenote_active":false,"_monsterinsights_sitenote_note":"","_monsterinsights_sitenote_category":0,"footnotes":""},"class_list":["post-2","page","type-page","status-publish","has-post-thumbnail","hentry"],"yoast_head":"<!-- This site is optimized with the Yoast SEO plugin v27.4 - https:\/\/yoast.com\/product\/yoast-seo-wordpress\/ -->\n<title>LOCATION BATIMENTS MODULAIRE BORDEAUX GIRONDE SERVICES<\/title>\n<meta name=\"description\" content=\"Nos services : \u00c9tude personnalis\u00e9e des Projets, Conseils et accompagnement Livraison et mise en place sur Site, Transformations Modifications\" \/>\n<meta name=\"robots\" content=\"index, follow, max-snippet:-1, max-image-preview:large, max-video-preview:-1\" \/>\n<link rel=\"canonical\" href=\"https:\/\/aximod.fr\/index.php\/nos-services-nos-prestations\/\" \/>\n<meta property=\"og:locale\" content=\"fr_FR\" \/>\n<meta property=\"og:type\" content=\"article\" \/>\n<meta property=\"og:title\" content=\"LOCATION BATIMENTS MODULAIRE BORDEAUX GIRONDE SERVICES\" \/>\n<meta property=\"og:description\" content=\"Nos services : \u00c9tude personnalis\u00e9e des Projets, Conseils et accompagnement Livraison et mise en place sur Site, Transformations Modifications\" \/>\n<meta property=\"og:url\" content=\"https:\/\/aximod.fr\/index.php\/nos-services-nos-prestations\/\" \/>\n<meta property=\"og:site_name\" content=\"AXIMOD\" \/>\n<meta property=\"article:modified_time\" content=\"2024-12-20T15:57:58+00:00\" \/>\n<meta property=\"og:image\" content=\"https:\/\/aximod.fr\/wp-content\/uploads\/2019\/06\/puzzle-3476454_1920.jpg\" \/>\n\t<meta property=\"og:image:width\" content=\"1920\" \/>\n\t<meta property=\"og:image:height\" content=\"1056\" \/>\n\t<meta property=\"og:image:type\" content=\"image\/jpeg\" \/>\n<meta name=\"twitter:card\" content=\"summary_large_image\" \/>\n<meta name=\"twitter:label1\" content=\"Dur\u00e9e de lecture estim\u00e9e\" \/>\n\t<meta name=\"twitter:data1\" content=\"5 minutes\" \/>\n<script type=\"application\/ld+json\" class=\"yoast-schema-graph\">{\"@context\":\"https:\\\/\\\/schema.org\",\"@graph\":[{\"@type\":\"WebPage\",\"@id\":\"https:\\\/\\\/aximod.fr\\\/index.php\\\/nos-services-nos-prestations\\\/\",\"url\":\"https:\\\/\\\/aximod.fr\\\/index.php\\\/nos-services-nos-prestations\\\/\",\"name\":\"LOCATION BATIMENTS MODULAIRE BORDEAUX GIRONDE SERVICES\",\"isPartOf\":{\"@id\":\"https:\\\/\\\/aximod.fr\\\/#website\"},\"primaryImageOfPage\":{\"@id\":\"https:\\\/\\\/aximod.fr\\\/index.php\\\/nos-services-nos-prestations\\\/#primaryimage\"},\"image\":{\"@id\":\"https:\\\/\\\/aximod.fr\\\/index.php\\\/nos-services-nos-prestations\\\/#primaryimage\"},\"thumbnailUrl\":\"https:\\\/\\\/aximod.fr\\\/wp-content\\\/uploads\\\/2019\\\/06\\\/puzzle-3476454_1920.jpg\",\"datePublished\":\"2019-06-04T11:45:33+00:00\",\"dateModified\":\"2024-12-20T15:57:58+00:00\",\"description\":\"Nos services : \u00c9tude personnalis\u00e9e des Projets, Conseils et accompagnement Livraison et mise en place sur Site, Transformations Modifications\",\"breadcrumb\":{\"@id\":\"https:\\\/\\\/aximod.fr\\\/index.php\\\/nos-services-nos-prestations\\\/#breadcrumb\"},\"inLanguage\":\"fr-FR\",\"potentialAction\":[{\"@type\":\"ReadAction\",\"target\":[\"https:\\\/\\\/aximod.fr\\\/index.php\\\/nos-services-nos-prestations\\\/\"]}]},{\"@type\":\"ImageObject\",\"inLanguage\":\"fr-FR\",\"@id\":\"https:\\\/\\\/aximod.fr\\\/index.php\\\/nos-services-nos-prestations\\\/#primaryimage\",\"url\":\"https:\\\/\\\/aximod.fr\\\/wp-content\\\/uploads\\\/2019\\\/06\\\/puzzle-3476454_1920.jpg\",\"contentUrl\":\"https:\\\/\\\/aximod.fr\\\/wp-content\\\/uploads\\\/2019\\\/06\\\/puzzle-3476454_1920.jpg\",\"width\":1920,\"height\":1056},{\"@type\":\"BreadcrumbList\",\"@id\":\"https:\\\/\\\/aximod.fr\\\/index.php\\\/nos-services-nos-prestations\\\/#breadcrumb\",\"itemListElement\":[{\"@type\":\"ListItem\",\"position\":1,\"name\":\"Accueil\",\"item\":\"https:\\\/\\\/aximod.fr\\\/\"},{\"@type\":\"ListItem\",\"position\":2,\"name\":\"Nos Services\"}]},{\"@type\":\"WebSite\",\"@id\":\"https:\\\/\\\/aximod.fr\\\/#website\",\"url\":\"https:\\\/\\\/aximod.fr\\\/\",\"name\":\"AXIMOD.FR\",\"description\":\"Location Vente Maintenance Solutions Modulaires Gironde\",\"publisher\":{\"@id\":\"https:\\\/\\\/aximod.fr\\\/#organization\"},\"potentialAction\":[{\"@type\":\"SearchAction\",\"target\":{\"@type\":\"EntryPoint\",\"urlTemplate\":\"https:\\\/\\\/aximod.fr\\\/?s={search_term_string}\"},\"query-input\":{\"@type\":\"PropertyValueSpecification\",\"valueRequired\":true,\"valueName\":\"search_term_string\"}}],\"inLanguage\":\"fr-FR\"},{\"@type\":\"Organization\",\"@id\":\"https:\\\/\\\/aximod.fr\\\/#organization\",\"name\":\"AXIMOD\",\"url\":\"https:\\\/\\\/aximod.fr\\\/\",\"logo\":{\"@type\":\"ImageObject\",\"inLanguage\":\"fr-FR\",\"@id\":\"https:\\\/\\\/aximod.fr\\\/#\\\/schema\\\/logo\\\/image\\\/\",\"url\":\"https:\\\/\\\/aximod.fr\\\/wp-content\\\/uploads\\\/2019\\\/07\\\/AXIMOD-2.jpg\",\"contentUrl\":\"https:\\\/\\\/aximod.fr\\\/wp-content\\\/uploads\\\/2019\\\/07\\\/AXIMOD-2.jpg\",\"width\":716,\"height\":634,\"caption\":\"AXIMOD\"},\"image\":{\"@id\":\"https:\\\/\\\/aximod.fr\\\/#\\\/schema\\\/logo\\\/image\\\/\"}}]}<\/script>\n<!-- \/ Yoast SEO plugin. -->","yoast_head_json":{"title":"LOCATION BATIMENTS MODULAIRE BORDEAUX GIRONDE SERVICES","description":"Nos services : \u00c9tude personnalis\u00e9e des Projets, Conseils et accompagnement Livraison et mise en place sur Site, Transformations Modifications","robots":{"index":"index","follow":"follow","max-snippet":"max-snippet:-1","max-image-preview":"max-image-preview:large","max-video-preview":"max-video-preview:-1"},"canonical":"https:\/\/aximod.fr\/index.php\/nos-services-nos-prestations\/","og_locale":"fr_FR","og_type":"article","og_title":"LOCATION BATIMENTS MODULAIRE BORDEAUX GIRONDE SERVICES","og_description":"Nos services : \u00c9tude personnalis\u00e9e des Projets, Conseils et accompagnement Livraison et mise en place sur Site, Transformations Modifications","og_url":"https:\/\/aximod.fr\/index.php\/nos-services-nos-prestations\/","og_site_name":"AXIMOD","article_modified_time":"2024-12-20T15:57:58+00:00","og_image":[{"width":1920,"height":1056,"url":"https:\/\/aximod.fr\/wp-content\/uploads\/2019\/06\/puzzle-3476454_1920.jpg","type":"image\/jpeg"}],"twitter_card":"summary_large_image","twitter_misc":{"Dur\u00e9e de lecture estim\u00e9e":"5 minutes"},"schema":{"@context":"https:\/\/schema.org","@graph":[{"@type":"WebPage","@id":"https:\/\/aximod.fr\/index.php\/nos-services-nos-prestations\/","url":"https:\/\/aximod.fr\/index.php\/nos-services-nos-prestations\/","name":"LOCATION BATIMENTS MODULAIRE BORDEAUX GIRONDE SERVICES","isPartOf":{"@id":"https:\/\/aximod.fr\/#website"},"primaryImageOfPage":{"@id":"https:\/\/aximod.fr\/index.php\/nos-services-nos-prestations\/#primaryimage"},"image":{"@id":"https:\/\/aximod.fr\/index.php\/nos-services-nos-prestations\/#primaryimage"},"thumbnailUrl":"https:\/\/aximod.fr\/wp-content\/uploads\/2019\/06\/puzzle-3476454_1920.jpg","datePublished":"2019-06-04T11:45:33+00:00","dateModified":"2024-12-20T15:57:58+00:00","description":"Nos services : \u00c9tude personnalis\u00e9e des Projets, Conseils et accompagnement Livraison et mise en place sur Site, Transformations Modifications","breadcrumb":{"@id":"https:\/\/aximod.fr\/index.php\/nos-services-nos-prestations\/#breadcrumb"},"inLanguage":"fr-FR","potentialAction":[{"@type":"ReadAction","target":["https:\/\/aximod.fr\/index.php\/nos-services-nos-prestations\/"]}]},{"@type":"ImageObject","inLanguage":"fr-FR","@id":"https:\/\/aximod.fr\/index.php\/nos-services-nos-prestations\/#primaryimage","url":"https:\/\/aximod.fr\/wp-content\/uploads\/2019\/06\/puzzle-3476454_1920.jpg","contentUrl":"https:\/\/aximod.fr\/wp-content\/uploads\/2019\/06\/puzzle-3476454_1920.jpg","width":1920,"height":1056},{"@type":"BreadcrumbList","@id":"https:\/\/aximod.fr\/index.php\/nos-services-nos-prestations\/#breadcrumb","itemListElement":[{"@type":"ListItem","position":1,"name":"Accueil","item":"https:\/\/aximod.fr\/"},{"@type":"ListItem","position":2,"name":"Nos Services"}]},{"@type":"WebSite","@id":"https:\/\/aximod.fr\/#website","url":"https:\/\/aximod.fr\/","name":"AXIMOD.FR","description":"Location Vente Maintenance Solutions Modulaires Gironde","publisher":{"@id":"https:\/\/aximod.fr\/#organization"},"potentialAction":[{"@type":"SearchAction","target":{"@type":"EntryPoint","urlTemplate":"https:\/\/aximod.fr\/?s={search_term_string}"},"query-input":{"@type":"PropertyValueSpecification","valueRequired":true,"valueName":"search_term_string"}}],"inLanguage":"fr-FR"},{"@type":"Organization","@id":"https:\/\/aximod.fr\/#organization","name":"AXIMOD","url":"https:\/\/aximod.fr\/","logo":{"@type":"ImageObject","inLanguage":"fr-FR","@id":"https:\/\/aximod.fr\/#\/schema\/logo\/image\/","url":"https:\/\/aximod.fr\/wp-content\/uploads\/2019\/07\/AXIMOD-2.jpg","contentUrl":"https:\/\/aximod.fr\/wp-content\/uploads\/2019\/07\/AXIMOD-2.jpg","width":716,"height":634,"caption":"AXIMOD"},"image":{"@id":"https:\/\/aximod.fr\/#\/schema\/logo\/image\/"}}]}},"_links":{"self":[{"href":"https:\/\/aximod.fr\/index.php\/wp-json\/wp\/v2\/pages\/2","targetHints":{"allow":["GET"]}}],"collection":[{"href":"https:\/\/aximod.fr\/index.php\/wp-json\/wp\/v2\/pages"}],"about":[{"href":"https:\/\/aximod.fr\/index.php\/wp-json\/wp\/v2\/types\/page"}],"author":[{"embeddable":true,"href":"https:\/\/aximod.fr\/index.php\/wp-json\/wp\/v2\/users\/1"}],"replies":[{"embeddable":true,"href":"https:\/\/aximod.fr\/index.php\/wp-json\/wp\/v2\/comments?post=2"}],"version-history":[{"count":52,"href":"https:\/\/aximod.fr\/index.php\/wp-json\/wp\/v2\/pages\/2\/revisions"}],"predecessor-version":[{"id":1145,"href":"https:\/\/aximod.fr\/index.php\/wp-json\/wp\/v2\/pages\/2\/revisions\/1145"}],"wp:featuredmedia":[{"embeddable":true,"href":"https:\/\/aximod.fr\/index.php\/wp-json\/wp\/v2\/media\/24"}],"wp:attachment":[{"href":"https:\/\/aximod.fr\/index.php\/wp-json\/wp\/v2\/media?parent=2"}],"curies":[{"name":"wp","href":"https:\/\/api.w.org\/{rel}","templated":true}]}}