{"id":228,"date":"2019-06-17T16:16:21","date_gmt":"2019-06-17T14:16:21","guid":{"rendered":"https:\/\/aximod.fr\/?page_id=228"},"modified":"2026-04-27T12:02:46","modified_gmt":"2026-04-27T10:02:46","slug":"batiments-modulaires","status":"publish","type":"page","link":"https:\/\/aximod.fr\/index.php\/batiments-modulaires\/","title":{"rendered":"BATIMENTS MODULAIRES"},"content":{"rendered":"<div class=\"wp-block-image\">\n<figure class=\"aligncenter is-resized\"><a href=\"https:\/\/aximod.fr\/index.php\/qui-sommes-nous\/\"><img loading=\"lazy\" decoding=\"async\" width=\"614\" height=\"358\" src=\"https:\/\/aximod.fr\/wp-content\/uploads\/2019\/06\/carte-visite.png\" alt=\"\" class=\"wp-image-233\" style=\"width:250px;height:144px\" srcset=\"https:\/\/aximod.fr\/wp-content\/uploads\/2019\/06\/carte-visite.png 614w, https:\/\/aximod.fr\/wp-content\/uploads\/2019\/06\/carte-visite-300x175.png 300w\" sizes=\"auto, (max-width: 614px) 100vw, 614px\" \/><\/a><\/figure>\n<\/div>\n\n\n<p><strong>AXIMOD<\/strong> est une PME implant\u00e9e \u00e0 Bordeaux (Gironde) depuis 2019. Elle est sp\u00e9cialis\u00e9e dans la vente, la location, la r\u00e9novation et la transformation de <strong><a href=\"https:\/\/aximod.fr\/index.php\/batiments-modulaires-bungalows\/\">b\u00e2timents modulaires<\/a> <\/strong>. Nous proposons aussi la vente et la location de <strong><a href=\"https:\/\/aximod.fr\/index.php\/conteneurs-de-stockage\/\">containers de stockage<\/a>.<\/strong><\/p>\n\n\n\n<p>Nous nous adressons principalement \u00e0 une client\u00e8le de professionnels. Alors, que vous soyez responsable d&rsquo;une collectivit\u00e9, d&rsquo;une industries, acteur du BTP ou de l&rsquo;\u00e9v\u00e9nementiel, notre m\u00e9tier est de nous adapter \u00e0 vos besoins. <\/p>\n\n\n\n<p>Un fournisseur est un v\u00e9ritable partenaire. Aussi nous estimons que la confiance et la fid\u00e9lit\u00e9 sont la base d&rsquo;une collaboration sur le long terme.  <\/p>\n\n\n\n<p><\/p>\n\n\n\n<h2 class=\"wp-block-heading\">NOTRE METIER<\/h2>\n\n\n\n<p><strong>LA LOCATION DE BATIMENTS MODULAIRES<\/strong><br>Notre r\u00e9activit\u00e9 et le professionnalisme de nos \u00e9quipes sont l\u00e0 pour vous aider dans votre d\u00e9marche de location de b\u00e2timent modulaire. <br>Nous sommes \u00e0 vos cot\u00e9s quant au choix du mat\u00e9riel pr\u00e9conis\u00e9. C&rsquo;est pourquoi, nous nous effor\u00e7ons de proposer judicieusement des conseils d\u2019application et d\u2019utilisation pour l\u2019am\u00e9nagement de votre projet.<\/p>\n\n\n\n<p><strong>LA VENTE DE BATIMENTS MODULAIRES<\/strong> (Neuf et occasion)<br> Quel que soit le type de construction modulaire, BUREAUX \/ SALLES D&rsquo;ENSEIGNEMENTS \/ VESTIAIRES \/ REFECTOIRES, nous vous conseillons et proposons la solution la plus adapt\u00e9e \u00e0 vos besoins. Nous proposons des ensembles neufs, conformes aux normes en vigueur telle que le R\u00e8glementation Thermique de 2012 mais \u00e9galement des modules d&rsquo;occasion en \u00e9tat ou reconditionn\u00e9s. <\/p>\n\n\n\n<p> <strong><strong>LA RENOVATION ET LA TRANSFORMATION DE BATIMENTS MODULAIRES<\/strong><\/strong><br>Quel que soit le type de construction modulaire, nous vous conseillons et vous proposons la solution la plus adapt\u00e9e.  Nous proposons des ensembles neufs, conformes aux normes en vigueur telle que le R\u00e8glementation Thermique de 2012 mais \u00e9galement des modules d&rsquo;occasion en \u00e9tat ou reconditionn\u00e9s.  <\/p>\n\n\n\n<p><\/p>\n\n\n\n<h2 class=\"wp-block-heading\">NOS SERVICES<\/h2>\n\n\n\n<p><strong>LE TRANSPORT ET LA MANUTENTION<\/strong><br>Nous transportons nos mat\u00e9riels  ET proposons \u00e9galement de transporter ou transf\u00e9rer vos propres installations modulaires \u00e0 l&rsquo;aide de diff\u00e9rents ensembles routiers d\u00e9di\u00e9s.<\/p>\n\n\n\n<p><strong>L&rsquo;ASSISTANCE TECHNIQUE<\/strong><br><\/p>\n\n\n\n<p><\/p>\n\n\n\n<p><\/p>\n\n\n\n<p><\/p>\n\n\n\n<p><\/p>\n\n\n\n<p><\/p>\n\n\n\n<h5 class=\"wp-block-heading\">MAIS QUE SONT LES B\u00c2TIMENTS MODULAIRES ?<\/h5>\n\n\n\n<p>Nous parlons de b\u00e2timents modulaires lors d&rsquo;assemblage de modules unitaires norm\u00e9s, pr\u00e9- fabriqu\u00e9s en usine.  D\u00e8s lors, ils sont enti\u00e8rement \u00e9quip\u00e9s en&nbsp;\u00e9lectricit\u00e9,&nbsp;plomberie, chauffage et finitions int\u00e9rieures. Ils peuvent parfois \u00eatre sur plusieurs niveaux. <\/p>\n\n\n\n<p>A l&rsquo;inverse, les MONOBLOCS sont des structures ind\u00e9pendantes qu&rsquo;il suffit de transporter vers leur site d&rsquo;utilisation pour \u00eatre directement op\u00e9rationnels.<\/p>\n\n\n\n<p>Pratique, mobile et facile \u00e0 mettre en \u0153uvre, le b\u00e2timent modulaire trouve aujourd&rsquo;hui usage dans de nombreuses applications telles que cantonnements de chantiers, bases vies, bureaux, salles de classes, sant\u00e9, usines et manifestations culturelles. <\/p>\n\n\n\n<p><\/p>\n","protected":false},"excerpt":{"rendered":"<p>AXIMOD est une PME implant\u00e9e \u00e0 Bordeaux (Gironde) depuis 2019. Elle est sp\u00e9cialis\u00e9e dans la vente, la location, la r\u00e9novation et la transformation de b\u00e2timents modulaires . Nous proposons aussi la vente et la location de containers de stockage. Nous nous adressons principalement \u00e0 une client\u00e8le de professionnels. Alors, que [&hellip;]<\/p>\n","protected":false},"author":1,"featured_media":24,"parent":0,"menu_order":0,"comment_status":"closed","ping_status":"closed","template":"page-templates\/template-fullwidth.php","meta":{"_monsterinsights_skip_tracking":false,"_monsterinsights_sitenote_active":false,"_monsterinsights_sitenote_note":"","_monsterinsights_sitenote_category":0,"footnotes":""},"class_list":["post-228","page","type-page","status-publish","has-post-thumbnail","hentry"],"yoast_head":"<!-- This site is optimized with the Yoast SEO plugin v27.5 - https:\/\/yoast.com\/product\/yoast-seo-wordpress\/ -->\n<title>VENTE LOCATION RENOVATION DE BATIMENTS MODULAIRES<\/title>\n<meta name=\"description\" content=\"AXIMOD est une PME sp\u00e9cialis\u00e9e dans la location, la vente, la r\u00e9novation \/ transformation de b\u00e2timents modulaires et de bungalows\" \/>\n<meta name=\"robots\" content=\"index, follow, max-snippet:-1, max-image-preview:large, max-video-preview:-1\" \/>\n<link rel=\"canonical\" href=\"https:\/\/aximod.fr\/index.php\/batiments-modulaires\/\" \/>\n<meta property=\"og:locale\" content=\"fr_FR\" \/>\n<meta property=\"og:type\" content=\"article\" \/>\n<meta property=\"og:title\" content=\"VENTE LOCATION RENOVATION DE BATIMENTS MODULAIRES\" \/>\n<meta property=\"og:description\" content=\"AXIMOD est une PME sp\u00e9cialis\u00e9e dans la location, la vente, la r\u00e9novation \/ transformation de b\u00e2timents modulaires et de bungalows\" \/>\n<meta property=\"og:url\" content=\"https:\/\/aximod.fr\/index.php\/batiments-modulaires\/\" \/>\n<meta property=\"og:site_name\" content=\"AXIMOD\" \/>\n<meta property=\"article:modified_time\" content=\"2026-04-27T10:02:46+00:00\" \/>\n<meta property=\"og:image\" content=\"https:\/\/aximod.fr\/wp-content\/uploads\/2019\/06\/puzzle-3476454_1920.jpg\" \/>\n\t<meta property=\"og:image:width\" content=\"1920\" \/>\n\t<meta property=\"og:image:height\" content=\"1056\" \/>\n\t<meta property=\"og:image:type\" content=\"image\/jpeg\" \/>\n<meta name=\"twitter:card\" content=\"summary_large_image\" \/>\n<meta name=\"twitter:label1\" content=\"Dur\u00e9e de lecture estim\u00e9e\" \/>\n\t<meta name=\"twitter:data1\" content=\"3 minutes\" \/>\n<script type=\"application\/ld+json\" class=\"yoast-schema-graph\">{\"@context\":\"https:\\\/\\\/schema.org\",\"@graph\":[{\"@type\":\"WebPage\",\"@id\":\"https:\\\/\\\/aximod.fr\\\/index.php\\\/batiments-modulaires\\\/\",\"url\":\"https:\\\/\\\/aximod.fr\\\/index.php\\\/batiments-modulaires\\\/\",\"name\":\"VENTE LOCATION RENOVATION DE BATIMENTS MODULAIRES\",\"isPartOf\":{\"@id\":\"https:\\\/\\\/aximod.fr\\\/#website\"},\"primaryImageOfPage\":{\"@id\":\"https:\\\/\\\/aximod.fr\\\/index.php\\\/batiments-modulaires\\\/#primaryimage\"},\"image\":{\"@id\":\"https:\\\/\\\/aximod.fr\\\/index.php\\\/batiments-modulaires\\\/#primaryimage\"},\"thumbnailUrl\":\"https:\\\/\\\/aximod.fr\\\/wp-content\\\/uploads\\\/2019\\\/06\\\/puzzle-3476454_1920.jpg\",\"datePublished\":\"2019-06-17T14:16:21+00:00\",\"dateModified\":\"2026-04-27T10:02:46+00:00\",\"description\":\"AXIMOD est une PME sp\u00e9cialis\u00e9e dans la location, la vente, la r\u00e9novation \\\/ transformation de b\u00e2timents modulaires et de bungalows\",\"breadcrumb\":{\"@id\":\"https:\\\/\\\/aximod.fr\\\/index.php\\\/batiments-modulaires\\\/#breadcrumb\"},\"inLanguage\":\"fr-FR\",\"potentialAction\":[{\"@type\":\"ReadAction\",\"target\":[\"https:\\\/\\\/aximod.fr\\\/index.php\\\/batiments-modulaires\\\/\"]}]},{\"@type\":\"ImageObject\",\"inLanguage\":\"fr-FR\",\"@id\":\"https:\\\/\\\/aximod.fr\\\/index.php\\\/batiments-modulaires\\\/#primaryimage\",\"url\":\"https:\\\/\\\/aximod.fr\\\/wp-content\\\/uploads\\\/2019\\\/06\\\/puzzle-3476454_1920.jpg\",\"contentUrl\":\"https:\\\/\\\/aximod.fr\\\/wp-content\\\/uploads\\\/2019\\\/06\\\/puzzle-3476454_1920.jpg\",\"width\":1920,\"height\":1056},{\"@type\":\"BreadcrumbList\",\"@id\":\"https:\\\/\\\/aximod.fr\\\/index.php\\\/batiments-modulaires\\\/#breadcrumb\",\"itemListElement\":[{\"@type\":\"ListItem\",\"position\":1,\"name\":\"Accueil\",\"item\":\"https:\\\/\\\/aximod.fr\\\/\"},{\"@type\":\"ListItem\",\"position\":2,\"name\":\"BATIMENTS MODULAIRES\"}]},{\"@type\":\"WebSite\",\"@id\":\"https:\\\/\\\/aximod.fr\\\/#website\",\"url\":\"https:\\\/\\\/aximod.fr\\\/\",\"name\":\"AXIMOD.FR\",\"description\":\"Location Vente Maintenance Solutions Modulaires Gironde\",\"publisher\":{\"@id\":\"https:\\\/\\\/aximod.fr\\\/#organization\"},\"potentialAction\":[{\"@type\":\"SearchAction\",\"target\":{\"@type\":\"EntryPoint\",\"urlTemplate\":\"https:\\\/\\\/aximod.fr\\\/?s={search_term_string}\"},\"query-input\":{\"@type\":\"PropertyValueSpecification\",\"valueRequired\":true,\"valueName\":\"search_term_string\"}}],\"inLanguage\":\"fr-FR\"},{\"@type\":\"Organization\",\"@id\":\"https:\\\/\\\/aximod.fr\\\/#organization\",\"name\":\"AXIMOD\",\"url\":\"https:\\\/\\\/aximod.fr\\\/\",\"logo\":{\"@type\":\"ImageObject\",\"inLanguage\":\"fr-FR\",\"@id\":\"https:\\\/\\\/aximod.fr\\\/#\\\/schema\\\/logo\\\/image\\\/\",\"url\":\"https:\\\/\\\/aximod.fr\\\/wp-content\\\/uploads\\\/2019\\\/07\\\/AXIMOD-2.jpg\",\"contentUrl\":\"https:\\\/\\\/aximod.fr\\\/wp-content\\\/uploads\\\/2019\\\/07\\\/AXIMOD-2.jpg\",\"width\":716,\"height\":634,\"caption\":\"AXIMOD\"},\"image\":{\"@id\":\"https:\\\/\\\/aximod.fr\\\/#\\\/schema\\\/logo\\\/image\\\/\"}}]}<\/script>\n<!-- \/ Yoast SEO plugin. -->","yoast_head_json":{"title":"VENTE LOCATION RENOVATION DE BATIMENTS MODULAIRES","description":"AXIMOD est une PME sp\u00e9cialis\u00e9e dans la location, la vente, la r\u00e9novation \/ transformation de b\u00e2timents modulaires et de bungalows","robots":{"index":"index","follow":"follow","max-snippet":"max-snippet:-1","max-image-preview":"max-image-preview:large","max-video-preview":"max-video-preview:-1"},"canonical":"https:\/\/aximod.fr\/index.php\/batiments-modulaires\/","og_locale":"fr_FR","og_type":"article","og_title":"VENTE LOCATION RENOVATION DE BATIMENTS MODULAIRES","og_description":"AXIMOD est une PME sp\u00e9cialis\u00e9e dans la location, la vente, la r\u00e9novation \/ transformation de b\u00e2timents modulaires et de bungalows","og_url":"https:\/\/aximod.fr\/index.php\/batiments-modulaires\/","og_site_name":"AXIMOD","article_modified_time":"2026-04-27T10:02:46+00:00","og_image":[{"width":1920,"height":1056,"url":"https:\/\/aximod.fr\/wp-content\/uploads\/2019\/06\/puzzle-3476454_1920.jpg","type":"image\/jpeg"}],"twitter_card":"summary_large_image","twitter_misc":{"Dur\u00e9e de lecture estim\u00e9e":"3 minutes"},"schema":{"@context":"https:\/\/schema.org","@graph":[{"@type":"WebPage","@id":"https:\/\/aximod.fr\/index.php\/batiments-modulaires\/","url":"https:\/\/aximod.fr\/index.php\/batiments-modulaires\/","name":"VENTE LOCATION RENOVATION DE BATIMENTS MODULAIRES","isPartOf":{"@id":"https:\/\/aximod.fr\/#website"},"primaryImageOfPage":{"@id":"https:\/\/aximod.fr\/index.php\/batiments-modulaires\/#primaryimage"},"image":{"@id":"https:\/\/aximod.fr\/index.php\/batiments-modulaires\/#primaryimage"},"thumbnailUrl":"https:\/\/aximod.fr\/wp-content\/uploads\/2019\/06\/puzzle-3476454_1920.jpg","datePublished":"2019-06-17T14:16:21+00:00","dateModified":"2026-04-27T10:02:46+00:00","description":"AXIMOD est une PME sp\u00e9cialis\u00e9e dans la location, la vente, la r\u00e9novation \/ transformation de b\u00e2timents modulaires et de bungalows","breadcrumb":{"@id":"https:\/\/aximod.fr\/index.php\/batiments-modulaires\/#breadcrumb"},"inLanguage":"fr-FR","potentialAction":[{"@type":"ReadAction","target":["https:\/\/aximod.fr\/index.php\/batiments-modulaires\/"]}]},{"@type":"ImageObject","inLanguage":"fr-FR","@id":"https:\/\/aximod.fr\/index.php\/batiments-modulaires\/#primaryimage","url":"https:\/\/aximod.fr\/wp-content\/uploads\/2019\/06\/puzzle-3476454_1920.jpg","contentUrl":"https:\/\/aximod.fr\/wp-content\/uploads\/2019\/06\/puzzle-3476454_1920.jpg","width":1920,"height":1056},{"@type":"BreadcrumbList","@id":"https:\/\/aximod.fr\/index.php\/batiments-modulaires\/#breadcrumb","itemListElement":[{"@type":"ListItem","position":1,"name":"Accueil","item":"https:\/\/aximod.fr\/"},{"@type":"ListItem","position":2,"name":"BATIMENTS MODULAIRES"}]},{"@type":"WebSite","@id":"https:\/\/aximod.fr\/#website","url":"https:\/\/aximod.fr\/","name":"AXIMOD.FR","description":"Location Vente Maintenance Solutions Modulaires Gironde","publisher":{"@id":"https:\/\/aximod.fr\/#organization"},"potentialAction":[{"@type":"SearchAction","target":{"@type":"EntryPoint","urlTemplate":"https:\/\/aximod.fr\/?s={search_term_string}"},"query-input":{"@type":"PropertyValueSpecification","valueRequired":true,"valueName":"search_term_string"}}],"inLanguage":"fr-FR"},{"@type":"Organization","@id":"https:\/\/aximod.fr\/#organization","name":"AXIMOD","url":"https:\/\/aximod.fr\/","logo":{"@type":"ImageObject","inLanguage":"fr-FR","@id":"https:\/\/aximod.fr\/#\/schema\/logo\/image\/","url":"https:\/\/aximod.fr\/wp-content\/uploads\/2019\/07\/AXIMOD-2.jpg","contentUrl":"https:\/\/aximod.fr\/wp-content\/uploads\/2019\/07\/AXIMOD-2.jpg","width":716,"height":634,"caption":"AXIMOD"},"image":{"@id":"https:\/\/aximod.fr\/#\/schema\/logo\/image\/"}}]}},"_links":{"self":[{"href":"https:\/\/aximod.fr\/index.php\/wp-json\/wp\/v2\/pages\/228","targetHints":{"allow":["GET"]}}],"collection":[{"href":"https:\/\/aximod.fr\/index.php\/wp-json\/wp\/v2\/pages"}],"about":[{"href":"https:\/\/aximod.fr\/index.php\/wp-json\/wp\/v2\/types\/page"}],"author":[{"embeddable":true,"href":"https:\/\/aximod.fr\/index.php\/wp-json\/wp\/v2\/users\/1"}],"replies":[{"embeddable":true,"href":"https:\/\/aximod.fr\/index.php\/wp-json\/wp\/v2\/comments?post=228"}],"version-history":[{"count":32,"href":"https:\/\/aximod.fr\/index.php\/wp-json\/wp\/v2\/pages\/228\/revisions"}],"predecessor-version":[{"id":1181,"href":"https:\/\/aximod.fr\/index.php\/wp-json\/wp\/v2\/pages\/228\/revisions\/1181"}],"wp:featuredmedia":[{"embeddable":true,"href":"https:\/\/aximod.fr\/index.php\/wp-json\/wp\/v2\/media\/24"}],"wp:attachment":[{"href":"https:\/\/aximod.fr\/index.php\/wp-json\/wp\/v2\/media?parent=228"}],"curies":[{"name":"wp","href":"https:\/\/api.w.org\/{rel}","templated":true}]}}