{"id":393,"date":"2019-12-06T10:01:46","date_gmt":"2019-12-06T09:01:46","guid":{"rendered":"https:\/\/aximod.fr\/?page_id=393"},"modified":"2026-04-27T18:32:58","modified_gmt":"2026-04-27T16:32:58","slug":"travaux-base-vie","status":"publish","type":"page","link":"https:\/\/aximod.fr\/index.php\/travaux-base-vie\/","title":{"rendered":"TRAVAUX"},"content":{"rendered":"\n<p>La base vie de travaux, est une installation devenue dans beaucoup de cas indispensable et obligatoire. &nbsp;Elle&nbsp;est dimensionn\u00e9e en fonction de l\u2019importance du  chantier. Raccord\u00e9e aux r\u00e9seaux, elle peut \u00e9galement fonctionner de  mani\u00e8re autonome. Elle s\u2019organise autour d\u2019<strong>\u00e9quipements cl\u00e9s<\/strong>. <\/p>\n\n\n\n<h5 class=\"wp-block-heading\">Le vestiaire<\/h5>\n\n\n\n<p>Il permet aux salari\u00e9s de se changer et de remettre leurs v\u00eatements de ville apr\u00e8s le travail. Il est a\u00e9r\u00e9, \u00e9clair\u00e9 et chauff\u00e9 en&nbsp;hiver ou climatis\u00e9 l&rsquo;\u00e9t\u00e9. Des armoires vestiaires compartiment\u00e9es permettent de ne pas m\u00e9langer les v\u00eatements de travail aux v\u00eatements de ville  . <\/p>\n\n\n\n<figure class=\"wp-block-image size-large\"><img loading=\"lazy\" decoding=\"async\" width=\"1024\" height=\"768\" src=\"https:\/\/aximod.fr\/wp-content\/uploads\/2021\/03\/20210225_173332-1-1024x768.jpg\" alt=\"\" class=\"wp-image-915\" srcset=\"https:\/\/aximod.fr\/wp-content\/uploads\/2021\/03\/20210225_173332-1-1024x768.jpg 1024w, https:\/\/aximod.fr\/wp-content\/uploads\/2021\/03\/20210225_173332-1-300x225.jpg 300w, https:\/\/aximod.fr\/wp-content\/uploads\/2021\/03\/20210225_173332-1-768x576.jpg 768w, https:\/\/aximod.fr\/wp-content\/uploads\/2021\/03\/20210225_173332-1-1536x1152.jpg 1536w, https:\/\/aximod.fr\/wp-content\/uploads\/2021\/03\/20210225_173332-1-2048x1536.jpg 2048w\" sizes=\"auto, (max-width: 1024px) 100vw, 1024px\" \/><\/figure>\n\n\n\n<h5 class=\"wp-block-heading\">Le r\u00e9fectoire<\/h5>\n\n\n\n<p>Le R\u00e9fectoire permet aux salari\u00e9s de se restaurer dans un lieu a\u00e9r\u00e9, \u00e9clair\u00e9, chauff\u00e9 en&nbsp;hiver ou climatis\u00e9 l&rsquo;\u00e9t\u00e9. Il sera \u00e9quip\u00e9 de base avec tables et chaises. En option de la climatisation et des cuisinettes avec evier robinetterie eau froide \/ eau chaude plaques chauffantes et r\u00e9frig\u00e9rateur.<\/p>\n\n\n\n<figure class=\"wp-block-image size-large\"><img loading=\"lazy\" decoding=\"async\" width=\"1024\" height=\"768\" src=\"https:\/\/aximod.fr\/wp-content\/uploads\/2021\/03\/20200929_154120-1024x768.jpg\" alt=\"\" class=\"wp-image-916\" srcset=\"https:\/\/aximod.fr\/wp-content\/uploads\/2021\/03\/20200929_154120-1024x768.jpg 1024w, https:\/\/aximod.fr\/wp-content\/uploads\/2021\/03\/20200929_154120-300x225.jpg 300w, https:\/\/aximod.fr\/wp-content\/uploads\/2021\/03\/20200929_154120-768x576.jpg 768w, https:\/\/aximod.fr\/wp-content\/uploads\/2021\/03\/20200929_154120-1536x1152.jpg 1536w, https:\/\/aximod.fr\/wp-content\/uploads\/2021\/03\/20200929_154120-2048x1536.jpg 2048w\" sizes=\"auto, (max-width: 1024px) 100vw, 1024px\" \/><\/figure>\n\n\n\n<h5 class=\"wp-block-heading\">La salle de R\u00e9union<\/h5>\n\n\n\n<p>La salle de r\u00e9union, est le lieu d&rsquo;\u00e9change et une n\u00e9cessit\u00e9 sur les chantier. Nous proposons des salles spacieuse, a\u00e9r\u00e9e, \u00e9clair\u00e9e, chauff\u00e9e en\u00a0hiver ou climatis\u00e9e l&rsquo;\u00e9t\u00e9. Nous savons les \u00e9quiper de mobilier tels que des tables, chaises, armoires bureau, tableaux effacables.<\/p>\n\n\n\n<figure class=\"wp-block-image size-large\"><img loading=\"lazy\" decoding=\"async\" width=\"1024\" height=\"768\" src=\"https:\/\/aximod.fr\/wp-content\/uploads\/2021\/03\/20200527_165905-1024x768.jpg\" alt=\"\" class=\"wp-image-917\" srcset=\"https:\/\/aximod.fr\/wp-content\/uploads\/2021\/03\/20200527_165905-1024x768.jpg 1024w, https:\/\/aximod.fr\/wp-content\/uploads\/2021\/03\/20200527_165905-300x225.jpg 300w, https:\/\/aximod.fr\/wp-content\/uploads\/2021\/03\/20200527_165905-768x576.jpg 768w, https:\/\/aximod.fr\/wp-content\/uploads\/2021\/03\/20200527_165905-1536x1152.jpg 1536w, https:\/\/aximod.fr\/wp-content\/uploads\/2021\/03\/20200527_165905-2048x1536.jpg 2048w\" sizes=\"auto, (max-width: 1024px) 100vw, 1024px\" \/><\/figure>\n\n\n\n<h5 class=\"wp-block-heading\">Les sanitaires<\/h5>\n\n\n\n<p>Le WC autonome sera n\u00e9cessaire sur les chantiers ou eau et assainissement ne sont pas encore install\u00e9s. Le sanitaire raccordable offre plus de confort et d&rsquo;\u00e9quipements que la version autonome. Il est chauff\u00e9, \u00e9clair\u00e9, branch\u00e9 en eau et sur le r\u00e9seau d&rsquo;assainissement. Il se d\u00e9cline en plusieurs versions, toutes \u00e9quip\u00e9es de lave mains : du simple WC au complexe WC et douches.  <\/p>\n\n\n<p><!--EndFragment--><\/p>\n\n\n<p><\/p>\n\n\n\n<div class=\"wp-block-themeisle-blocks-advanced-columns has-1-columns has-desktop-equal-layout has-tablet-equal-layout has-mobile-equal-layout has-default-gap has-vertical-unset\" id=\"wp-block-themeisle-blocks-advanced-columns-136129ab\"><div class=\"wp-block-themeisle-blocks-advanced-columns-overlay\"><\/div><div class=\"innerblocks-wrap\">\n\n<div class=\"wp-block-themeisle-blocks-advanced-column\" id=\"wp-block-themeisle-blocks-advanced-column-f2baad3a\">\n\n<div class=\"wp-block-image\"><figure class=\"aligncenter size-large\"><img loading=\"lazy\" decoding=\"async\" width=\"1024\" height=\"768\" src=\"https:\/\/aximod.fr\/wp-content\/uploads\/2019\/12\/20191114_163917-1024x768.jpg\" alt=\"\" class=\"wp-image-394\" srcset=\"https:\/\/aximod.fr\/wp-content\/uploads\/2019\/12\/20191114_163917-1024x768.jpg 1024w, https:\/\/aximod.fr\/wp-content\/uploads\/2019\/12\/20191114_163917-300x225.jpg 300w, https:\/\/aximod.fr\/wp-content\/uploads\/2019\/12\/20191114_163917-768x576.jpg 768w, https:\/\/aximod.fr\/wp-content\/uploads\/2019\/12\/20191114_163917-1536x1152.jpg 1536w, https:\/\/aximod.fr\/wp-content\/uploads\/2019\/12\/20191114_163917-2048x1536.jpg 2048w\" sizes=\"auto, (max-width: 1024px) 100vw, 1024px\" \/><\/figure><\/div>\n\n\n<div class=\"wp-block-image\"><figure class=\"aligncenter size-large\"><img loading=\"lazy\" decoding=\"async\" width=\"1024\" height=\"768\" src=\"https:\/\/aximod.fr\/wp-content\/uploads\/2019\/12\/20191122_145317-1024x768.png\" alt=\"\" class=\"wp-image-396\" srcset=\"https:\/\/aximod.fr\/wp-content\/uploads\/2019\/12\/20191122_145317-1024x768.png 1024w, https:\/\/aximod.fr\/wp-content\/uploads\/2019\/12\/20191122_145317-300x225.png 300w, https:\/\/aximod.fr\/wp-content\/uploads\/2019\/12\/20191122_145317-768x576.png 768w, https:\/\/aximod.fr\/wp-content\/uploads\/2019\/12\/20191122_145317.png 1280w\" sizes=\"auto, (max-width: 1024px) 100vw, 1024px\" \/><\/figure><\/div>\n\n<\/div>\n\n<\/div><\/div>\n\n\n\n<figure class=\"wp-block-image size-large\"><img loading=\"lazy\" decoding=\"async\" width=\"1024\" height=\"768\" src=\"https:\/\/aximod.fr\/wp-content\/uploads\/2021\/03\/20200929_184757-1024x768.jpg\" alt=\"\" class=\"wp-image-924\" srcset=\"https:\/\/aximod.fr\/wp-content\/uploads\/2021\/03\/20200929_184757-1024x768.jpg 1024w, https:\/\/aximod.fr\/wp-content\/uploads\/2021\/03\/20200929_184757-300x225.jpg 300w, https:\/\/aximod.fr\/wp-content\/uploads\/2021\/03\/20200929_184757-768x576.jpg 768w, https:\/\/aximod.fr\/wp-content\/uploads\/2021\/03\/20200929_184757-1536x1152.jpg 1536w, https:\/\/aximod.fr\/wp-content\/uploads\/2021\/03\/20200929_184757-2048x1536.jpg 2048w\" sizes=\"auto, (max-width: 1024px) 100vw, 1024px\" \/><\/figure>\n\n\n\n<p>Pour du confort suppl\u00e9mentaire ou tout simplement , nous proposons \u00e9galement sous forme d&rsquo;option :<\/p>\n\n\n\n<p>&gt;  Micro ondes <\/p>\n\n\n\n<figure class=\"wp-block-image size-large is-resized\"><img loading=\"lazy\" decoding=\"async\" width=\"1000\" height=\"1000\" src=\"https:\/\/aximod.fr\/wp-content\/uploads\/2021\/03\/micro-onde.jpg\" alt=\"\" class=\"wp-image-925\" style=\"width:120px;height:120px\" srcset=\"https:\/\/aximod.fr\/wp-content\/uploads\/2021\/03\/micro-onde.jpg 1000w, https:\/\/aximod.fr\/wp-content\/uploads\/2021\/03\/micro-onde-300x300.jpg 300w, https:\/\/aximod.fr\/wp-content\/uploads\/2021\/03\/micro-onde-150x150.jpg 150w, https:\/\/aximod.fr\/wp-content\/uploads\/2021\/03\/micro-onde-768x768.jpg 768w\" sizes=\"auto, (max-width: 1000px) 100vw, 1000px\" \/><\/figure>\n\n\n\n<p>&gt; Cuisinettes<\/p>\n\n\n\n<figure class=\"wp-block-image size-large is-resized\"><img loading=\"lazy\" decoding=\"async\" width=\"524\" height=\"466\" src=\"https:\/\/aximod.fr\/wp-content\/uploads\/2021\/03\/kitchenette.jpg\" alt=\"\" class=\"wp-image-926\" style=\"width:92px;height:82px\" srcset=\"https:\/\/aximod.fr\/wp-content\/uploads\/2021\/03\/kitchenette.jpg 524w, https:\/\/aximod.fr\/wp-content\/uploads\/2021\/03\/kitchenette-300x267.jpg 300w\" sizes=\"auto, (max-width: 524px) 100vw, 524px\" \/><\/figure>\n\n\n\n<p>&gt; Climatisation<\/p>\n\n\n\n<figure class=\"wp-block-image size-large is-resized\"><img loading=\"lazy\" decoding=\"async\" width=\"1024\" height=\"1024\" src=\"https:\/\/aximod.fr\/wp-content\/uploads\/2021\/03\/clim-1024x1024.jpg\" alt=\"\" class=\"wp-image-927\" style=\"width:105px;height:105px\" srcset=\"https:\/\/aximod.fr\/wp-content\/uploads\/2021\/03\/clim-1024x1024.jpg 1024w, https:\/\/aximod.fr\/wp-content\/uploads\/2021\/03\/clim-300x300.jpg 300w, https:\/\/aximod.fr\/wp-content\/uploads\/2021\/03\/clim-150x150.jpg 150w, https:\/\/aximod.fr\/wp-content\/uploads\/2021\/03\/clim-768x768.jpg 768w, https:\/\/aximod.fr\/wp-content\/uploads\/2021\/03\/clim.jpg 1200w\" sizes=\"auto, (max-width: 1024px) 100vw, 1024px\" \/><\/figure>\n\n\n\n<p><strong>La cl\u00f4ture de chantier ou cl\u00f4ture mobile<\/strong><\/p>\n\n\n\n<p>La&nbsp;<strong>cl\u00f4ture<\/strong>&nbsp;<strong>mobile<\/strong>&nbsp;apporte une protection  sur le&nbsp;<strong>chantier<\/strong>, travaux, base vie,&nbsp;en d\u00e9finissant un p\u00e9rim\u00e8tre bien&nbsp;<strong>d\u00e9fini<\/strong>. Elle est livr\u00e9e avec des supports, plots de maintien et des colliers de fixation m\u00e9talliques permettant de rigidifier l&rsquo;ensemble et \u00e9viter les intrusions. L\u00e9g\u00e8re et robuste, elle s&rsquo;adapte \u00e0 tous types de travaux<\/p>\n\n\n<div class=\"wp-block-image\">\n<figure class=\"aligncenter size-large\"><img loading=\"lazy\" decoding=\"async\" width=\"259\" height=\"194\" src=\"https:\/\/aximod.fr\/wp-content\/uploads\/2021\/03\/CLOTURE-DE-CHANTIER.jpg\" alt=\"\" class=\"wp-image-918\"\/><\/figure>\n<\/div>\n\n\n<div class=\"wp-block-columns is-layout-flex wp-container-core-columns-is-layout-28f84493 wp-block-columns-is-layout-flex\">\n<div class=\"wp-block-column is-layout-flow wp-block-column-is-layout-flow\" style=\"flex-basis:100%\"><div class=\"wp-block-image\">\n<figure class=\"aligncenter size-large is-resized\"><img loading=\"lazy\" decoding=\"async\" width=\"720\" height=\"480\" src=\"https:\/\/aximod.fr\/wp-content\/uploads\/2021\/03\/CLOTURE-DE-CHANTIER2.jpg\" alt=\"\" class=\"wp-image-919\" style=\"width:256px;height:170px\" srcset=\"https:\/\/aximod.fr\/wp-content\/uploads\/2021\/03\/CLOTURE-DE-CHANTIER2.jpg 720w, https:\/\/aximod.fr\/wp-content\/uploads\/2021\/03\/CLOTURE-DE-CHANTIER2-300x200.jpg 300w, https:\/\/aximod.fr\/wp-content\/uploads\/2021\/03\/CLOTURE-DE-CHANTIER2-360x240.jpg 360w\" sizes=\"auto, (max-width: 720px) 100vw, 720px\" \/><\/figure>\n<\/div><\/div>\n<\/div>\n\n\n\n\n\n<p><\/p>\n","protected":false},"excerpt":{"rendered":"<p>La base vie de travaux, est une installation devenue dans beaucoup de cas indispensable et obligatoire. &nbsp;Elle&nbsp;est dimensionn\u00e9e en fonction de l\u2019importance du chantier. Raccord\u00e9e aux r\u00e9seaux, elle peut \u00e9galement fonctionner de mani\u00e8re autonome. Elle s\u2019organise autour d\u2019\u00e9quipements cl\u00e9s. Le vestiaire Il permet aux salari\u00e9s de se changer et de [&hellip;]<\/p>\n","protected":false},"author":1,"featured_media":0,"parent":0,"menu_order":0,"comment_status":"closed","ping_status":"closed","template":"","meta":{"_monsterinsights_skip_tracking":false,"_monsterinsights_sitenote_active":false,"_monsterinsights_sitenote_note":"","_monsterinsights_sitenote_category":0,"footnotes":""},"class_list":["post-393","page","type-page","status-publish","hentry"],"yoast_head":"<!-- This site is optimized with the Yoast SEO plugin v27.5 - https:\/\/yoast.com\/product\/yoast-seo-wordpress\/ -->\n<title>TRAVAUX BASE VIE BUNGALOWS BATIMENTS MODULAIRES<\/title>\n<meta name=\"description\" content=\"Installation indispensable et obligatoire, la base vie travaux modulaires est dimensionn\u00e9e en fonction de l\u2019importance du chantier.\" \/>\n<meta name=\"robots\" content=\"index, follow, max-snippet:-1, max-image-preview:large, max-video-preview:-1\" \/>\n<link rel=\"canonical\" href=\"https:\/\/aximod.fr\/index.php\/travaux-base-vie\/\" \/>\n<meta property=\"og:locale\" content=\"fr_FR\" \/>\n<meta property=\"og:type\" content=\"article\" \/>\n<meta property=\"og:title\" content=\"TRAVAUX BASE VIE BUNGALOWS BATIMENTS MODULAIRES\" \/>\n<meta property=\"og:description\" content=\"Installation indispensable et obligatoire, la base vie travaux modulaires est dimensionn\u00e9e en fonction de l\u2019importance du chantier.\" \/>\n<meta property=\"og:url\" content=\"https:\/\/aximod.fr\/index.php\/travaux-base-vie\/\" \/>\n<meta property=\"og:site_name\" content=\"AXIMOD\" \/>\n<meta property=\"article:modified_time\" content=\"2026-04-27T16:32:58+00:00\" \/>\n<meta property=\"og:image\" content=\"https:\/\/aximod.fr\/wp-content\/uploads\/2021\/03\/20210225_173332-1-scaled.jpg\" \/>\n\t<meta property=\"og:image:width\" content=\"2560\" \/>\n\t<meta property=\"og:image:height\" content=\"1920\" \/>\n\t<meta property=\"og:image:type\" content=\"image\/jpeg\" \/>\n<meta name=\"twitter:card\" content=\"summary_large_image\" \/>\n<meta name=\"twitter:label1\" content=\"Dur\u00e9e de lecture estim\u00e9e\" \/>\n\t<meta name=\"twitter:data1\" content=\"5 minutes\" \/>\n<script type=\"application\/ld+json\" class=\"yoast-schema-graph\">{\"@context\":\"https:\\\/\\\/schema.org\",\"@graph\":[{\"@type\":\"WebPage\",\"@id\":\"https:\\\/\\\/aximod.fr\\\/index.php\\\/travaux-base-vie\\\/\",\"url\":\"https:\\\/\\\/aximod.fr\\\/index.php\\\/travaux-base-vie\\\/\",\"name\":\"TRAVAUX BASE VIE BUNGALOWS BATIMENTS MODULAIRES\",\"isPartOf\":{\"@id\":\"https:\\\/\\\/aximod.fr\\\/#website\"},\"primaryImageOfPage\":{\"@id\":\"https:\\\/\\\/aximod.fr\\\/index.php\\\/travaux-base-vie\\\/#primaryimage\"},\"image\":{\"@id\":\"https:\\\/\\\/aximod.fr\\\/index.php\\\/travaux-base-vie\\\/#primaryimage\"},\"thumbnailUrl\":\"https:\\\/\\\/aximod.fr\\\/wp-content\\\/uploads\\\/2021\\\/03\\\/20210225_173332-1-1024x768.jpg\",\"datePublished\":\"2019-12-06T09:01:46+00:00\",\"dateModified\":\"2026-04-27T16:32:58+00:00\",\"description\":\"Installation indispensable et obligatoire, la base vie travaux modulaires est dimensionn\u00e9e en fonction de l\u2019importance du chantier.\",\"breadcrumb\":{\"@id\":\"https:\\\/\\\/aximod.fr\\\/index.php\\\/travaux-base-vie\\\/#breadcrumb\"},\"inLanguage\":\"fr-FR\",\"potentialAction\":[{\"@type\":\"ReadAction\",\"target\":[\"https:\\\/\\\/aximod.fr\\\/index.php\\\/travaux-base-vie\\\/\"]}]},{\"@type\":\"ImageObject\",\"inLanguage\":\"fr-FR\",\"@id\":\"https:\\\/\\\/aximod.fr\\\/index.php\\\/travaux-base-vie\\\/#primaryimage\",\"url\":\"https:\\\/\\\/aximod.fr\\\/wp-content\\\/uploads\\\/2021\\\/03\\\/20210225_173332-1-scaled.jpg\",\"contentUrl\":\"https:\\\/\\\/aximod.fr\\\/wp-content\\\/uploads\\\/2021\\\/03\\\/20210225_173332-1-scaled.jpg\",\"width\":2560,\"height\":1920},{\"@type\":\"BreadcrumbList\",\"@id\":\"https:\\\/\\\/aximod.fr\\\/index.php\\\/travaux-base-vie\\\/#breadcrumb\",\"itemListElement\":[{\"@type\":\"ListItem\",\"position\":1,\"name\":\"Accueil\",\"item\":\"https:\\\/\\\/aximod.fr\\\/\"},{\"@type\":\"ListItem\",\"position\":2,\"name\":\"TRAVAUX\"}]},{\"@type\":\"WebSite\",\"@id\":\"https:\\\/\\\/aximod.fr\\\/#website\",\"url\":\"https:\\\/\\\/aximod.fr\\\/\",\"name\":\"AXIMOD.FR\",\"description\":\"Location Vente Maintenance Solutions Modulaires Gironde\",\"publisher\":{\"@id\":\"https:\\\/\\\/aximod.fr\\\/#organization\"},\"potentialAction\":[{\"@type\":\"SearchAction\",\"target\":{\"@type\":\"EntryPoint\",\"urlTemplate\":\"https:\\\/\\\/aximod.fr\\\/?s={search_term_string}\"},\"query-input\":{\"@type\":\"PropertyValueSpecification\",\"valueRequired\":true,\"valueName\":\"search_term_string\"}}],\"inLanguage\":\"fr-FR\"},{\"@type\":\"Organization\",\"@id\":\"https:\\\/\\\/aximod.fr\\\/#organization\",\"name\":\"AXIMOD\",\"url\":\"https:\\\/\\\/aximod.fr\\\/\",\"logo\":{\"@type\":\"ImageObject\",\"inLanguage\":\"fr-FR\",\"@id\":\"https:\\\/\\\/aximod.fr\\\/#\\\/schema\\\/logo\\\/image\\\/\",\"url\":\"https:\\\/\\\/aximod.fr\\\/wp-content\\\/uploads\\\/2019\\\/07\\\/AXIMOD-2.jpg\",\"contentUrl\":\"https:\\\/\\\/aximod.fr\\\/wp-content\\\/uploads\\\/2019\\\/07\\\/AXIMOD-2.jpg\",\"width\":716,\"height\":634,\"caption\":\"AXIMOD\"},\"image\":{\"@id\":\"https:\\\/\\\/aximod.fr\\\/#\\\/schema\\\/logo\\\/image\\\/\"}}]}<\/script>\n<!-- \/ Yoast SEO plugin. -->","yoast_head_json":{"title":"TRAVAUX BASE VIE BUNGALOWS BATIMENTS MODULAIRES","description":"Installation indispensable et obligatoire, la base vie travaux modulaires est dimensionn\u00e9e en fonction de l\u2019importance du chantier.","robots":{"index":"index","follow":"follow","max-snippet":"max-snippet:-1","max-image-preview":"max-image-preview:large","max-video-preview":"max-video-preview:-1"},"canonical":"https:\/\/aximod.fr\/index.php\/travaux-base-vie\/","og_locale":"fr_FR","og_type":"article","og_title":"TRAVAUX BASE VIE BUNGALOWS BATIMENTS MODULAIRES","og_description":"Installation indispensable et obligatoire, la base vie travaux modulaires est dimensionn\u00e9e en fonction de l\u2019importance du chantier.","og_url":"https:\/\/aximod.fr\/index.php\/travaux-base-vie\/","og_site_name":"AXIMOD","article_modified_time":"2026-04-27T16:32:58+00:00","og_image":[{"width":2560,"height":1920,"url":"https:\/\/aximod.fr\/wp-content\/uploads\/2021\/03\/20210225_173332-1-scaled.jpg","type":"image\/jpeg"}],"twitter_card":"summary_large_image","twitter_misc":{"Dur\u00e9e de lecture estim\u00e9e":"5 minutes"},"schema":{"@context":"https:\/\/schema.org","@graph":[{"@type":"WebPage","@id":"https:\/\/aximod.fr\/index.php\/travaux-base-vie\/","url":"https:\/\/aximod.fr\/index.php\/travaux-base-vie\/","name":"TRAVAUX BASE VIE BUNGALOWS BATIMENTS MODULAIRES","isPartOf":{"@id":"https:\/\/aximod.fr\/#website"},"primaryImageOfPage":{"@id":"https:\/\/aximod.fr\/index.php\/travaux-base-vie\/#primaryimage"},"image":{"@id":"https:\/\/aximod.fr\/index.php\/travaux-base-vie\/#primaryimage"},"thumbnailUrl":"https:\/\/aximod.fr\/wp-content\/uploads\/2021\/03\/20210225_173332-1-1024x768.jpg","datePublished":"2019-12-06T09:01:46+00:00","dateModified":"2026-04-27T16:32:58+00:00","description":"Installation indispensable et obligatoire, la base vie travaux modulaires est dimensionn\u00e9e en fonction de l\u2019importance du chantier.","breadcrumb":{"@id":"https:\/\/aximod.fr\/index.php\/travaux-base-vie\/#breadcrumb"},"inLanguage":"fr-FR","potentialAction":[{"@type":"ReadAction","target":["https:\/\/aximod.fr\/index.php\/travaux-base-vie\/"]}]},{"@type":"ImageObject","inLanguage":"fr-FR","@id":"https:\/\/aximod.fr\/index.php\/travaux-base-vie\/#primaryimage","url":"https:\/\/aximod.fr\/wp-content\/uploads\/2021\/03\/20210225_173332-1-scaled.jpg","contentUrl":"https:\/\/aximod.fr\/wp-content\/uploads\/2021\/03\/20210225_173332-1-scaled.jpg","width":2560,"height":1920},{"@type":"BreadcrumbList","@id":"https:\/\/aximod.fr\/index.php\/travaux-base-vie\/#breadcrumb","itemListElement":[{"@type":"ListItem","position":1,"name":"Accueil","item":"https:\/\/aximod.fr\/"},{"@type":"ListItem","position":2,"name":"TRAVAUX"}]},{"@type":"WebSite","@id":"https:\/\/aximod.fr\/#website","url":"https:\/\/aximod.fr\/","name":"AXIMOD.FR","description":"Location Vente Maintenance Solutions Modulaires Gironde","publisher":{"@id":"https:\/\/aximod.fr\/#organization"},"potentialAction":[{"@type":"SearchAction","target":{"@type":"EntryPoint","urlTemplate":"https:\/\/aximod.fr\/?s={search_term_string}"},"query-input":{"@type":"PropertyValueSpecification","valueRequired":true,"valueName":"search_term_string"}}],"inLanguage":"fr-FR"},{"@type":"Organization","@id":"https:\/\/aximod.fr\/#organization","name":"AXIMOD","url":"https:\/\/aximod.fr\/","logo":{"@type":"ImageObject","inLanguage":"fr-FR","@id":"https:\/\/aximod.fr\/#\/schema\/logo\/image\/","url":"https:\/\/aximod.fr\/wp-content\/uploads\/2019\/07\/AXIMOD-2.jpg","contentUrl":"https:\/\/aximod.fr\/wp-content\/uploads\/2019\/07\/AXIMOD-2.jpg","width":716,"height":634,"caption":"AXIMOD"},"image":{"@id":"https:\/\/aximod.fr\/#\/schema\/logo\/image\/"}}]}},"_links":{"self":[{"href":"https:\/\/aximod.fr\/index.php\/wp-json\/wp\/v2\/pages\/393","targetHints":{"allow":["GET"]}}],"collection":[{"href":"https:\/\/aximod.fr\/index.php\/wp-json\/wp\/v2\/pages"}],"about":[{"href":"https:\/\/aximod.fr\/index.php\/wp-json\/wp\/v2\/types\/page"}],"author":[{"embeddable":true,"href":"https:\/\/aximod.fr\/index.php\/wp-json\/wp\/v2\/users\/1"}],"replies":[{"embeddable":true,"href":"https:\/\/aximod.fr\/index.php\/wp-json\/wp\/v2\/comments?post=393"}],"version-history":[{"count":18,"href":"https:\/\/aximod.fr\/index.php\/wp-json\/wp\/v2\/pages\/393\/revisions"}],"predecessor-version":[{"id":1187,"href":"https:\/\/aximod.fr\/index.php\/wp-json\/wp\/v2\/pages\/393\/revisions\/1187"}],"wp:attachment":[{"href":"https:\/\/aximod.fr\/index.php\/wp-json\/wp\/v2\/media?parent=393"}],"curies":[{"name":"wp","href":"https:\/\/api.w.org\/{rel}","templated":true}]}}