{"id":488,"date":"2019-12-12T18:00:45","date_gmt":"2019-12-12T17:00:45","guid":{"rendered":"https:\/\/aximod.fr\/?page_id=488"},"modified":"2021-12-07T18:10:05","modified_gmt":"2021-12-07T17:10:05","slug":"scolaire","status":"publish","type":"page","link":"https:\/\/aximod.fr\/index.php\/scolaire\/","title":{"rendered":"SCOLAIRE"},"content":{"rendered":"\n<div class=\"wp-block-themeisle-blocks-advanced-columns has-2-columns has-desktop-equal-layout has-tablet-equal-layout has-mobile-collapsedRows-layout has-default-gap has-vertical-unset\" id=\"wp-block-themeisle-blocks-advanced-columns-6e73f5fe\"><div class=\"wp-block-themeisle-blocks-advanced-columns-overlay\"><\/div><div class=\"innerblocks-wrap\">\n<div class=\"wp-block-themeisle-blocks-advanced-column\" id=\"wp-block-themeisle-blocks-advanced-column-aa6e1aaf\">\n<figure class=\"wp-block-image size-large\"><img loading=\"lazy\" decoding=\"async\" width=\"903\" height=\"581\" src=\"https:\/\/aximod.fr\/wp-content\/uploads\/2020\/05\/eleves.jpg\" alt=\"\" class=\"wp-image-746\" srcset=\"https:\/\/aximod.fr\/wp-content\/uploads\/2020\/05\/eleves.jpg 903w, https:\/\/aximod.fr\/wp-content\/uploads\/2020\/05\/eleves-300x193.jpg 300w, https:\/\/aximod.fr\/wp-content\/uploads\/2020\/05\/eleves-768x494.jpg 768w\" sizes=\"auto, (max-width: 903px) 100vw, 903px\" \/><\/figure>\n<\/div>\n\n\n\n<div class=\"wp-block-themeisle-blocks-advanced-column\" id=\"wp-block-themeisle-blocks-advanced-column-0078ee35\">\n<figure class=\"wp-block-image size-large\"><img loading=\"lazy\" decoding=\"async\" width=\"971\" height=\"623\" src=\"https:\/\/aximod.fr\/wp-content\/uploads\/2020\/05\/etudiants.jpg\" alt=\"\" class=\"wp-image-747\" srcset=\"https:\/\/aximod.fr\/wp-content\/uploads\/2020\/05\/etudiants.jpg 971w, https:\/\/aximod.fr\/wp-content\/uploads\/2020\/05\/etudiants-300x192.jpg 300w, https:\/\/aximod.fr\/wp-content\/uploads\/2020\/05\/etudiants-768x493.jpg 768w\" sizes=\"auto, (max-width: 971px) 100vw, 971px\" \/><\/figure>\n<\/div>\n<\/div><\/div>\n\n\n\n<h2 class=\"wp-block-heading\">SALLES DE CLASSE &#8211; SALLES DE FORMATION<\/h2>\n\n\n\n<figure class=\"wp-block-image size-large\"><img loading=\"lazy\" decoding=\"async\" width=\"1024\" height=\"794\" src=\"https:\/\/aximod.fr\/wp-content\/uploads\/2020\/05\/SALLE-DE-CLASSE-1024x794.jpg\" alt=\"\" class=\"wp-image-745\" srcset=\"https:\/\/aximod.fr\/wp-content\/uploads\/2020\/05\/SALLE-DE-CLASSE-1024x794.jpg 1024w, https:\/\/aximod.fr\/wp-content\/uploads\/2020\/05\/SALLE-DE-CLASSE-300x233.jpg 300w, https:\/\/aximod.fr\/wp-content\/uploads\/2020\/05\/SALLE-DE-CLASSE-768x595.jpg 768w, https:\/\/aximod.fr\/wp-content\/uploads\/2020\/05\/SALLE-DE-CLASSE.jpg 1290w\" sizes=\"auto, (max-width: 1024px) 100vw, 1024px\" \/><figcaption>GROUPE SCOLAIRE <\/figcaption><\/figure>\n\n\n\n<div id=\"wp-block-themeisle-blocks-slider-6631e4cc\" class=\"wp-block-themeisle-blocks-slider glide\" data-per-view=\"1\" data-gap=\"0\" data-peek=\"0\" data-autoplay=\"true\" data-height=\"400px\" data-hide-arrows=\"false\"><div class=\"glide__track\" data-glide-el=\"track\"><div class=\"glide__slides\"><div class=\"wp-block-themeisle-blocks-slider-item-wrapper glide__slide\" tabindex=\"0\"><figure><img decoding=\"async\" class=\"wp-block-themeisle-blocks-slider-item\" src=\"https:\/\/aximod.fr\/wp-content\/uploads\/2021\/01\/20201224_094510-3-scaled.jpg\" alt=\"\" title=\"\" data-id=\"863\"\/><\/figure><\/div><div class=\"wp-block-themeisle-blocks-slider-item-wrapper glide__slide\" tabindex=\"0\"><figure><img decoding=\"async\" class=\"wp-block-themeisle-blocks-slider-item\" src=\"https:\/\/aximod.fr\/wp-content\/uploads\/2021\/01\/20201224_102657-3-scaled.jpg\" alt=\"\" title=\"\" data-id=\"864\"\/><\/figure><\/div><div class=\"wp-block-themeisle-blocks-slider-item-wrapper glide__slide\" tabindex=\"0\"><figure><img decoding=\"async\" class=\"wp-block-themeisle-blocks-slider-item\" src=\"https:\/\/aximod.fr\/wp-content\/uploads\/2021\/01\/20201224_102757-3-scaled.jpg\" alt=\"\" title=\"\" data-id=\"865\"\/><\/figure><\/div><\/div><div class=\"glide__bullets\" data-glide-el=\"controls[nav]\"><button class=\"glide__bullet\" data-glide-dir=\"=0\"><\/button><button class=\"glide__bullet\" data-glide-dir=\"=1\"><\/button><button class=\"glide__bullet\" data-glide-dir=\"=2\"><\/button><\/div><\/div><\/div>\n\n\n\n<p><\/p>\n\n\n\n<p>Qu\u2019il s\u2019agisse d\u2019une installation scolaire pour l\u2019\u00e9ducation nationale, la formation continue ou des centres de formation pour entreprise, les&nbsp;salles de classe&nbsp;modulaires&nbsp;sont la solution id\u00e9ale. Fiables, confortables et conformes, les salles de classe en b\u00e2timent modulaire sont adaptables en tout lieu et pour toute dur\u00e9e (en courte dur\u00e9e ou \u00e0 demeure).<\/p>\n\n\n\n<p>Gr\u00e2ce au principe de \u00ab\u00a0modularit\u00e9\u00a0\u00bb et d&rsquo;assemblage \u00e0 l&rsquo;infini de modules (en \u00f4tant les panneaux de fa\u00e7ades de chaque b\u00e2timent modulaire), les surfaces des besoins varient de 15m\u00b2 \u00e0 plusieurs centaines de m\u00b2. <\/p>\n\n\n\n<div class=\"wp-block-image\"><figure class=\"aligncenter size-large is-resized\"><img loading=\"lazy\" decoding=\"async\" src=\"https:\/\/aximod.fr\/wp-content\/uploads\/2021\/12\/20211203_155930-bis-1024x768.jpg\" alt=\"\" class=\"wp-image-986\" width=\"572\" height=\"429\" srcset=\"https:\/\/aximod.fr\/wp-content\/uploads\/2021\/12\/20211203_155930-bis-1024x768.jpg 1024w, https:\/\/aximod.fr\/wp-content\/uploads\/2021\/12\/20211203_155930-bis-300x225.jpg 300w, https:\/\/aximod.fr\/wp-content\/uploads\/2021\/12\/20211203_155930-bis-768x576.jpg 768w, https:\/\/aximod.fr\/wp-content\/uploads\/2021\/12\/20211203_155930-bis-1536x1152.jpg 1536w, https:\/\/aximod.fr\/wp-content\/uploads\/2021\/12\/20211203_155930-bis-2048x1536.jpg 2048w\" sizes=\"auto, (max-width: 572px) 100vw, 572px\" \/><\/figure><\/div>\n\n\n\n<div class=\"wp-block-image\"><figure class=\"aligncenter size-large is-resized\"><img loading=\"lazy\" decoding=\"async\" src=\"https:\/\/aximod.fr\/wp-content\/uploads\/2021\/12\/20210908_084747-1024x768.jpg\" alt=\"\" class=\"wp-image-989\" width=\"568\" height=\"426\" srcset=\"https:\/\/aximod.fr\/wp-content\/uploads\/2021\/12\/20210908_084747-1024x768.jpg 1024w, https:\/\/aximod.fr\/wp-content\/uploads\/2021\/12\/20210908_084747-300x225.jpg 300w, https:\/\/aximod.fr\/wp-content\/uploads\/2021\/12\/20210908_084747-768x576.jpg 768w, https:\/\/aximod.fr\/wp-content\/uploads\/2021\/12\/20210908_084747-1536x1152.jpg 1536w, https:\/\/aximod.fr\/wp-content\/uploads\/2021\/12\/20210908_084747-2048x1536.jpg 2048w\" sizes=\"auto, (max-width: 568px) 100vw, 568px\" \/><\/figure><\/div>\n\n\n\n<p>Que votre projet soit en <a href=\"https:\/\/aximod.fr\/index.php\/nos-services-nos-prestations\/\">LOCATION<\/a> , en <a href=\"https:\/\/aximod.fr\/index.php\/nos-services-nos-prestations\/\">VENTE<\/a> ou en <a href=\"https:\/\/aximod.fr\/index.php\/nos-services-nos-prestations\/\">RENOVATION<\/a>, nous tachons de personnaliser ce dernier.  Pouvoir offrir aux \u00e9ducateurs et professeurs mais \u00e9galement \u00e0 tous les \u00e9l\u00e8ves des conditions d&rsquo;enseignement optimales. Rafraichissement de l&rsquo;air, fen\u00eatres ou baies vitr\u00e9es, r\u00e9duction du bruit, facilit\u00e9 d&rsquo;accessibilit\u00e9. Il est essentiel de proposer des salles de classe cr\u00e9ant&nbsp;des espaces d\u2019apprentissages s\u00e9curitaires et confortables o\u00f9 les&nbsp;\u00e9l\u00e8ves&nbsp;s\u2019\u00e9panouiront.<\/p>\n\n\n\n<p>AXIMOD propose des \u00e9coles compl\u00e8tes (plusieurs salles de classe dans un m\u00eame groupe scolaire) ou des salles simples de 30 \u00e0 75m\u00b2 par exemple. Ceci pendant le temps de travaux ou d&rsquo;accroissement temporaire des effectifs pour une ann\u00e9e scolaire.<\/p>\n\n\n\n<p>Nous maitrisons \u00e9galement le jumelage de nos b\u00e2timents modulaires salle de classe avec des b\u00e2timents existants afin de cr\u00e9er des espaces plus spacieux pour des salles de repos d&rsquo;enfants, des canines scolaires ou salles de motricit\u00e9.<\/p>\n\n\n\n<p> Nous offrons \u00e9galement des solutions modulaires permanentes en vente conformes aux <a href=\"https:\/\/www.cohesion-territoires.gouv.fr\/rt2012\">r\u00e8glementations<\/a> en vigueurs pour vos besoins \u00e9ducatifs \u00e0 long terme. <\/p>\n\n\n\n<p>Tous nos b\u00e2timents modulaires sont conformes aux Etablissements Recevant du Public ERP.<\/p>\n\n\n\n<figure class=\"wp-block-image size-large is-resized\"><img loading=\"lazy\" decoding=\"async\" src=\"https:\/\/aximod.fr\/wp-content\/uploads\/2020\/05\/rt-2012-1.jpg\" alt=\"\" class=\"wp-image-753\" width=\"64\" height=\"63\" srcset=\"https:\/\/aximod.fr\/wp-content\/uploads\/2020\/05\/rt-2012-1.jpg 349w, https:\/\/aximod.fr\/wp-content\/uploads\/2020\/05\/rt-2012-1-300x295.jpg 300w, https:\/\/aximod.fr\/wp-content\/uploads\/2020\/05\/rt-2012-1-150x150.jpg 150w\" sizes=\"auto, (max-width: 64px) 100vw, 64px\" \/><\/figure>\n\n\n\n<p><\/p>\n\n\n\n<h2 class=\"wp-block-heading\">EQUIPEMENTS SECURITAIRES<\/h2>\n\n\n\n<p>Soucieux de proposer des prestations pr\u00eates \u00e0 \u00eatre utilis\u00e9es, AXIMOD propose en option sur ses salles de classes des \u00e9quipements s\u00e9curitaires.<\/p>\n\n\n\n<ul class=\"has-black-color has-white-background-color has-text-color has-background wp-block-list\"><li>Protection incendie &#8211; Alarme \/ extincteurs<\/li><li>Rampes d&rsquo;acc\u00e8s Personnes \u00e0 mobilit\u00e9 r\u00e9duite (PMR)<\/li><li>Garde corps<\/li><li>Alarmes anti intrusion &#8211; t\u00e9l\u00e9surveillance<\/li><li>D\u00e9tecteurs de fum\u00e9e<\/li><\/ul>\n\n\n\n<h2 class=\"wp-block-heading\">EQUIPEMENTS PRATIQUES<\/h2>\n\n\n\n<ul class=\"wp-block-list\"><li>Tableaux tryptiques<\/li><li>Tableaux Blancs <\/li><li>R\u00e9tro-projecteurs<\/li><li>C\u00e2blage Courants forts et courants faibles<\/li><li>wifi<\/li><li>Stores v\u00e9nitiens<\/li><\/ul>\n","protected":false},"excerpt":{"rendered":"<p>SALLES DE CLASSE &#8211; SALLES DE FORMATION Qu\u2019il s\u2019agisse d\u2019une installation scolaire pour l\u2019\u00e9ducation nationale, la formation continue ou des centres de formation pour entreprise, les&nbsp;salles de classe&nbsp;modulaires&nbsp;sont la solution id\u00e9ale. Fiables, confortables et conformes, les salles de classe en b\u00e2timent modulaire sont adaptables en tout lieu et pour toute [&hellip;]<\/p>\n","protected":false},"author":1,"featured_media":0,"parent":0,"menu_order":0,"comment_status":"closed","ping_status":"closed","template":"","meta":{"_monsterinsights_skip_tracking":false,"_monsterinsights_sitenote_active":false,"_monsterinsights_sitenote_note":"","_monsterinsights_sitenote_category":0,"footnotes":""},"class_list":["post-488","page","type-page","status-publish","hentry"],"yoast_head":"<!-- This site is optimized with the Yoast SEO plugin v27.5 - https:\/\/yoast.com\/product\/yoast-seo-wordpress\/ -->\n<title>SALLE DE CLASSE SCOLAIRE BATIMENT MODULAIRE GIRONDE<\/title>\n<meta name=\"description\" content=\"Fiables, confortables et conformes, les salles de classe en b\u00e2timent modulaire sont adaptables en tout lieu et pour toute dur\u00e9e scolaire\" \/>\n<meta name=\"robots\" content=\"index, follow, max-snippet:-1, max-image-preview:large, max-video-preview:-1\" \/>\n<link rel=\"canonical\" href=\"https:\/\/aximod.fr\/index.php\/scolaire\/\" \/>\n<meta property=\"og:locale\" content=\"fr_FR\" \/>\n<meta property=\"og:type\" content=\"article\" \/>\n<meta property=\"og:title\" content=\"SALLE DE CLASSE SCOLAIRE BATIMENT MODULAIRE GIRONDE\" \/>\n<meta property=\"og:description\" content=\"Fiables, confortables et conformes, les salles de classe en b\u00e2timent modulaire sont adaptables en tout lieu et pour toute dur\u00e9e scolaire\" \/>\n<meta property=\"og:url\" content=\"https:\/\/aximod.fr\/index.php\/scolaire\/\" \/>\n<meta property=\"og:site_name\" content=\"AXIMOD\" \/>\n<meta property=\"article:modified_time\" content=\"2021-12-07T17:10:05+00:00\" \/>\n<meta property=\"og:image\" content=\"https:\/\/aximod.fr\/wp-content\/uploads\/2020\/05\/eleves.jpg\" \/>\n<meta name=\"twitter:card\" content=\"summary_large_image\" \/>\n<meta name=\"twitter:label1\" content=\"Dur\u00e9e de lecture estim\u00e9e\" \/>\n\t<meta name=\"twitter:data1\" content=\"4 minutes\" \/>\n<script type=\"application\/ld+json\" class=\"yoast-schema-graph\">{\"@context\":\"https:\\\/\\\/schema.org\",\"@graph\":[{\"@type\":\"WebPage\",\"@id\":\"https:\\\/\\\/aximod.fr\\\/index.php\\\/scolaire\\\/\",\"url\":\"https:\\\/\\\/aximod.fr\\\/index.php\\\/scolaire\\\/\",\"name\":\"SALLE DE CLASSE SCOLAIRE BATIMENT MODULAIRE GIRONDE\",\"isPartOf\":{\"@id\":\"https:\\\/\\\/aximod.fr\\\/#website\"},\"primaryImageOfPage\":{\"@id\":\"https:\\\/\\\/aximod.fr\\\/index.php\\\/scolaire\\\/#primaryimage\"},\"image\":{\"@id\":\"https:\\\/\\\/aximod.fr\\\/index.php\\\/scolaire\\\/#primaryimage\"},\"thumbnailUrl\":\"https:\\\/\\\/aximod.fr\\\/wp-content\\\/uploads\\\/2020\\\/05\\\/eleves.jpg\",\"datePublished\":\"2019-12-12T17:00:45+00:00\",\"dateModified\":\"2021-12-07T17:10:05+00:00\",\"description\":\"Fiables, confortables et conformes, les salles de classe en b\u00e2timent modulaire sont adaptables en tout lieu et pour toute dur\u00e9e scolaire\",\"breadcrumb\":{\"@id\":\"https:\\\/\\\/aximod.fr\\\/index.php\\\/scolaire\\\/#breadcrumb\"},\"inLanguage\":\"fr-FR\",\"potentialAction\":[{\"@type\":\"ReadAction\",\"target\":[\"https:\\\/\\\/aximod.fr\\\/index.php\\\/scolaire\\\/\"]}]},{\"@type\":\"ImageObject\",\"inLanguage\":\"fr-FR\",\"@id\":\"https:\\\/\\\/aximod.fr\\\/index.php\\\/scolaire\\\/#primaryimage\",\"url\":\"https:\\\/\\\/aximod.fr\\\/wp-content\\\/uploads\\\/2020\\\/05\\\/eleves.jpg\",\"contentUrl\":\"https:\\\/\\\/aximod.fr\\\/wp-content\\\/uploads\\\/2020\\\/05\\\/eleves.jpg\",\"width\":903,\"height\":581},{\"@type\":\"BreadcrumbList\",\"@id\":\"https:\\\/\\\/aximod.fr\\\/index.php\\\/scolaire\\\/#breadcrumb\",\"itemListElement\":[{\"@type\":\"ListItem\",\"position\":1,\"name\":\"Accueil\",\"item\":\"https:\\\/\\\/aximod.fr\\\/\"},{\"@type\":\"ListItem\",\"position\":2,\"name\":\"SCOLAIRE\"}]},{\"@type\":\"WebSite\",\"@id\":\"https:\\\/\\\/aximod.fr\\\/#website\",\"url\":\"https:\\\/\\\/aximod.fr\\\/\",\"name\":\"AXIMOD.FR\",\"description\":\"Location Vente Maintenance Solutions Modulaires Gironde\",\"publisher\":{\"@id\":\"https:\\\/\\\/aximod.fr\\\/#organization\"},\"potentialAction\":[{\"@type\":\"SearchAction\",\"target\":{\"@type\":\"EntryPoint\",\"urlTemplate\":\"https:\\\/\\\/aximod.fr\\\/?s={search_term_string}\"},\"query-input\":{\"@type\":\"PropertyValueSpecification\",\"valueRequired\":true,\"valueName\":\"search_term_string\"}}],\"inLanguage\":\"fr-FR\"},{\"@type\":\"Organization\",\"@id\":\"https:\\\/\\\/aximod.fr\\\/#organization\",\"name\":\"AXIMOD\",\"url\":\"https:\\\/\\\/aximod.fr\\\/\",\"logo\":{\"@type\":\"ImageObject\",\"inLanguage\":\"fr-FR\",\"@id\":\"https:\\\/\\\/aximod.fr\\\/#\\\/schema\\\/logo\\\/image\\\/\",\"url\":\"https:\\\/\\\/aximod.fr\\\/wp-content\\\/uploads\\\/2019\\\/07\\\/AXIMOD-2.jpg\",\"contentUrl\":\"https:\\\/\\\/aximod.fr\\\/wp-content\\\/uploads\\\/2019\\\/07\\\/AXIMOD-2.jpg\",\"width\":716,\"height\":634,\"caption\":\"AXIMOD\"},\"image\":{\"@id\":\"https:\\\/\\\/aximod.fr\\\/#\\\/schema\\\/logo\\\/image\\\/\"}}]}<\/script>\n<!-- \/ Yoast SEO plugin. -->","yoast_head_json":{"title":"SALLE DE CLASSE SCOLAIRE BATIMENT MODULAIRE GIRONDE","description":"Fiables, confortables et conformes, les salles de classe en b\u00e2timent modulaire sont adaptables en tout lieu et pour toute dur\u00e9e scolaire","robots":{"index":"index","follow":"follow","max-snippet":"max-snippet:-1","max-image-preview":"max-image-preview:large","max-video-preview":"max-video-preview:-1"},"canonical":"https:\/\/aximod.fr\/index.php\/scolaire\/","og_locale":"fr_FR","og_type":"article","og_title":"SALLE DE CLASSE SCOLAIRE BATIMENT MODULAIRE GIRONDE","og_description":"Fiables, confortables et conformes, les salles de classe en b\u00e2timent modulaire sont adaptables en tout lieu et pour toute dur\u00e9e scolaire","og_url":"https:\/\/aximod.fr\/index.php\/scolaire\/","og_site_name":"AXIMOD","article_modified_time":"2021-12-07T17:10:05+00:00","og_image":[{"url":"https:\/\/aximod.fr\/wp-content\/uploads\/2020\/05\/eleves.jpg","type":"","width":"","height":""}],"twitter_card":"summary_large_image","twitter_misc":{"Dur\u00e9e de lecture estim\u00e9e":"4 minutes"},"schema":{"@context":"https:\/\/schema.org","@graph":[{"@type":"WebPage","@id":"https:\/\/aximod.fr\/index.php\/scolaire\/","url":"https:\/\/aximod.fr\/index.php\/scolaire\/","name":"SALLE DE CLASSE SCOLAIRE BATIMENT MODULAIRE GIRONDE","isPartOf":{"@id":"https:\/\/aximod.fr\/#website"},"primaryImageOfPage":{"@id":"https:\/\/aximod.fr\/index.php\/scolaire\/#primaryimage"},"image":{"@id":"https:\/\/aximod.fr\/index.php\/scolaire\/#primaryimage"},"thumbnailUrl":"https:\/\/aximod.fr\/wp-content\/uploads\/2020\/05\/eleves.jpg","datePublished":"2019-12-12T17:00:45+00:00","dateModified":"2021-12-07T17:10:05+00:00","description":"Fiables, confortables et conformes, les salles de classe en b\u00e2timent modulaire sont adaptables en tout lieu et pour toute dur\u00e9e scolaire","breadcrumb":{"@id":"https:\/\/aximod.fr\/index.php\/scolaire\/#breadcrumb"},"inLanguage":"fr-FR","potentialAction":[{"@type":"ReadAction","target":["https:\/\/aximod.fr\/index.php\/scolaire\/"]}]},{"@type":"ImageObject","inLanguage":"fr-FR","@id":"https:\/\/aximod.fr\/index.php\/scolaire\/#primaryimage","url":"https:\/\/aximod.fr\/wp-content\/uploads\/2020\/05\/eleves.jpg","contentUrl":"https:\/\/aximod.fr\/wp-content\/uploads\/2020\/05\/eleves.jpg","width":903,"height":581},{"@type":"BreadcrumbList","@id":"https:\/\/aximod.fr\/index.php\/scolaire\/#breadcrumb","itemListElement":[{"@type":"ListItem","position":1,"name":"Accueil","item":"https:\/\/aximod.fr\/"},{"@type":"ListItem","position":2,"name":"SCOLAIRE"}]},{"@type":"WebSite","@id":"https:\/\/aximod.fr\/#website","url":"https:\/\/aximod.fr\/","name":"AXIMOD.FR","description":"Location Vente Maintenance Solutions Modulaires Gironde","publisher":{"@id":"https:\/\/aximod.fr\/#organization"},"potentialAction":[{"@type":"SearchAction","target":{"@type":"EntryPoint","urlTemplate":"https:\/\/aximod.fr\/?s={search_term_string}"},"query-input":{"@type":"PropertyValueSpecification","valueRequired":true,"valueName":"search_term_string"}}],"inLanguage":"fr-FR"},{"@type":"Organization","@id":"https:\/\/aximod.fr\/#organization","name":"AXIMOD","url":"https:\/\/aximod.fr\/","logo":{"@type":"ImageObject","inLanguage":"fr-FR","@id":"https:\/\/aximod.fr\/#\/schema\/logo\/image\/","url":"https:\/\/aximod.fr\/wp-content\/uploads\/2019\/07\/AXIMOD-2.jpg","contentUrl":"https:\/\/aximod.fr\/wp-content\/uploads\/2019\/07\/AXIMOD-2.jpg","width":716,"height":634,"caption":"AXIMOD"},"image":{"@id":"https:\/\/aximod.fr\/#\/schema\/logo\/image\/"}}]}},"_links":{"self":[{"href":"https:\/\/aximod.fr\/index.php\/wp-json\/wp\/v2\/pages\/488","targetHints":{"allow":["GET"]}}],"collection":[{"href":"https:\/\/aximod.fr\/index.php\/wp-json\/wp\/v2\/pages"}],"about":[{"href":"https:\/\/aximod.fr\/index.php\/wp-json\/wp\/v2\/types\/page"}],"author":[{"embeddable":true,"href":"https:\/\/aximod.fr\/index.php\/wp-json\/wp\/v2\/users\/1"}],"replies":[{"embeddable":true,"href":"https:\/\/aximod.fr\/index.php\/wp-json\/wp\/v2\/comments?post=488"}],"version-history":[{"count":19,"href":"https:\/\/aximod.fr\/index.php\/wp-json\/wp\/v2\/pages\/488\/revisions"}],"predecessor-version":[{"id":1113,"href":"https:\/\/aximod.fr\/index.php\/wp-json\/wp\/v2\/pages\/488\/revisions\/1113"}],"wp:attachment":[{"href":"https:\/\/aximod.fr\/index.php\/wp-json\/wp\/v2\/media?parent=488"}],"curies":[{"name":"wp","href":"https:\/\/api.w.org\/{rel}","templated":true}]}}