{"id":612,"date":"2020-01-16T19:41:23","date_gmt":"2020-01-16T18:41:23","guid":{"rendered":"https:\/\/aximod.fr\/?page_id=612"},"modified":"2026-04-27T10:24:16","modified_gmt":"2026-04-27T08:24:16","slug":"renovation-batiments-modulaires","status":"publish","type":"page","link":"https:\/\/aximod.fr\/index.php\/renovation-batiments-modulaires\/","title":{"rendered":"RENOVATION DE MODULES"},"content":{"rendered":"<div class=\"wp-block-image\">\n<figure class=\"aligncenter size-large is-resized\"><img loading=\"lazy\" decoding=\"async\" width=\"613\" height=\"408\" src=\"https:\/\/aximod.fr\/wp-content\/uploads\/2020\/01\/screwdriver-1008974_640-removebg-preview.png\" alt=\"\" class=\"wp-image-613\" style=\"width:213px;height:142px\" srcset=\"https:\/\/aximod.fr\/wp-content\/uploads\/2020\/01\/screwdriver-1008974_640-removebg-preview.png 613w, https:\/\/aximod.fr\/wp-content\/uploads\/2020\/01\/screwdriver-1008974_640-removebg-preview-300x200.png 300w, https:\/\/aximod.fr\/wp-content\/uploads\/2020\/01\/screwdriver-1008974_640-removebg-preview-360x240.png 360w\" sizes=\"auto, (max-width: 613px) 100vw, 613px\" \/><\/figure>\n<\/div>\n\n\n<p>Vous d\u00e9sirez que votre bungalow, votre module ou ensemble modulaire b\u00e9n\u00e9ficie d\u2019une renovation de qualit\u00e9 ? <a href=\"https:\/\/aximod.fr\/\">AXIMOD<\/a> offre une vaste gamme de services d\u2019entretien et de revitalisation pour ces types de b\u00e2timents modulaires. Qu\u2019il s\u2019agisse d\u2019une r\u00e9paration, d\u2019un remplacement de composants, d\u2019une modification structurelle ou esth\u00e9tique, nos \u00e9quipes sont l\u00e0 pour vous servir. Ceci assura la durabilit\u00e9, l\u2019efficacit\u00e9 et la long\u00e9vit\u00e9 de vos installations.<\/p>\n\n\n\n<p>A<strong>XIMOD s&rsquo;adapte \u00e0 tous types et toutes marques de b\u00e2timents modulaires<\/strong> et de toutes Marques : ALGECO &#8211; COUGNAUD &#8211; BODARD &#8211; ATEMCO- CONTAINEX &#8211; &#8230;<\/p>\n\n\n\n<p>Une faiblesse au niveau d&rsquo;un plancher, un rev\u00eatement de sol us\u00e9 ou d\u00e9mod\u00e9, nos techniciens quantifient les travaux et interviennent directement sur site.<\/p>\n\n\n<div class=\"wp-block-image\">\n<figure class=\"aligncenter size-large is-resized\"><img loading=\"lazy\" decoding=\"async\" width=\"1024\" height=\"768\" src=\"https:\/\/aximod.fr\/wp-content\/uploads\/2020\/05\/20200220_091031-1024x768.jpg\" alt=\"\" class=\"wp-image-660\" style=\"width:316px;height:237px\" srcset=\"https:\/\/aximod.fr\/wp-content\/uploads\/2020\/05\/20200220_091031-1024x768.jpg 1024w, https:\/\/aximod.fr\/wp-content\/uploads\/2020\/05\/20200220_091031-300x225.jpg 300w, https:\/\/aximod.fr\/wp-content\/uploads\/2020\/05\/20200220_091031-768x576.jpg 768w, https:\/\/aximod.fr\/wp-content\/uploads\/2020\/05\/20200220_091031-1536x1152.jpg 1536w, https:\/\/aximod.fr\/wp-content\/uploads\/2020\/05\/20200220_091031-2048x1536.jpg 2048w\" sizes=\"auto, (max-width: 1024px) 100vw, 1024px\" \/><figcaption class=\"wp-element-caption\">d\u00e9pose ancien sol<\/figcaption><\/figure>\n<\/div>\n\n<div class=\"wp-block-image\">\n<figure class=\"aligncenter size-large is-resized\"><img loading=\"lazy\" decoding=\"async\" width=\"1024\" height=\"768\" src=\"https:\/\/aximod.fr\/wp-content\/uploads\/2020\/05\/20200220_111347-1024x768.jpg\" alt=\"\" class=\"wp-image-662\" style=\"width:339px;height:254px\" srcset=\"https:\/\/aximod.fr\/wp-content\/uploads\/2020\/05\/20200220_111347-1024x768.jpg 1024w, https:\/\/aximod.fr\/wp-content\/uploads\/2020\/05\/20200220_111347-300x225.jpg 300w, https:\/\/aximod.fr\/wp-content\/uploads\/2020\/05\/20200220_111347-768x576.jpg 768w, https:\/\/aximod.fr\/wp-content\/uploads\/2020\/05\/20200220_111347-1536x1152.jpg 1536w, https:\/\/aximod.fr\/wp-content\/uploads\/2020\/05\/20200220_111347-2048x1536.jpg 2048w\" sizes=\"auto, (max-width: 1024px) 100vw, 1024px\" \/><figcaption class=\"wp-element-caption\">repose nouveau sol et encollage du rev\u00eatement de sol<\/figcaption><\/figure>\n<\/div>\n\n<div class=\"wp-block-image\">\n<figure class=\"aligncenter size-large is-resized\"><img loading=\"lazy\" decoding=\"async\" width=\"1024\" height=\"768\" src=\"https:\/\/aximod.fr\/wp-content\/uploads\/2020\/05\/20200220_122035-1024x768.jpg\" alt=\"\" class=\"wp-image-663\" style=\"width:348px;height:261px\" srcset=\"https:\/\/aximod.fr\/wp-content\/uploads\/2020\/05\/20200220_122035-1024x768.jpg 1024w, https:\/\/aximod.fr\/wp-content\/uploads\/2020\/05\/20200220_122035-300x225.jpg 300w, https:\/\/aximod.fr\/wp-content\/uploads\/2020\/05\/20200220_122035-768x576.jpg 768w, https:\/\/aximod.fr\/wp-content\/uploads\/2020\/05\/20200220_122035-1536x1152.jpg 1536w, https:\/\/aximod.fr\/wp-content\/uploads\/2020\/05\/20200220_122035-2048x1536.jpg 2048w\" sizes=\"auto, (max-width: 1024px) 100vw, 1024px\" \/><figcaption class=\"wp-element-caption\">Sol et rev\u00eatement de sol termin\u00e9<\/figcaption><\/figure>\n<\/div>\n\n\n<p>Forts de notre exp\u00e9rience dans le b\u00e2timent modulaire, nous savons remplacer les panneaux isolants de vos fa\u00e7ades ainsi que vos menuiseries, portes et fen\u00eatres, ch\u00e2ssis basculants afin que cette r\u00e9novation vous apporte satisfaction et confort.<\/p>\n\n\n<div class=\"wp-block-image\">\n<figure class=\"aligncenter size-large is-resized\"><img loading=\"lazy\" decoding=\"async\" width=\"768\" height=\"1024\" src=\"https:\/\/aximod.fr\/wp-content\/uploads\/2020\/05\/20191218_112146-768x1024.jpg\" alt=\"\" class=\"wp-image-664\" style=\"width:311px;height:414px\" srcset=\"https:\/\/aximod.fr\/wp-content\/uploads\/2020\/05\/20191218_112146-768x1024.jpg 768w, https:\/\/aximod.fr\/wp-content\/uploads\/2020\/05\/20191218_112146-225x300.jpg 225w, https:\/\/aximod.fr\/wp-content\/uploads\/2020\/05\/20191218_112146-1152x1536.jpg 1152w, https:\/\/aximod.fr\/wp-content\/uploads\/2020\/05\/20191218_112146-1536x2048.jpg 1536w, https:\/\/aximod.fr\/wp-content\/uploads\/2020\/05\/20191218_112146-scaled.jpg 1920w\" sizes=\"auto, (max-width: 768px) 100vw, 768px\" \/><figcaption class=\"wp-element-caption\">cr\u00e9ation de cloisonnement entre 2 bureaux<\/figcaption><\/figure>\n<\/div>\n\n\n<figure class=\"wp-block-image size-large\"><img loading=\"lazy\" decoding=\"async\" width=\"1024\" height=\"308\" src=\"https:\/\/aximod.fr\/wp-content\/uploads\/2021\/12\/4-1024x308.jpg\" alt=\"\" class=\"wp-image-980\" srcset=\"https:\/\/aximod.fr\/wp-content\/uploads\/2021\/12\/4-1024x308.jpg 1024w, https:\/\/aximod.fr\/wp-content\/uploads\/2021\/12\/4-300x90.jpg 300w, https:\/\/aximod.fr\/wp-content\/uploads\/2021\/12\/4-768x231.jpg 768w, https:\/\/aximod.fr\/wp-content\/uploads\/2021\/12\/4-1536x461.jpg 1536w, https:\/\/aximod.fr\/wp-content\/uploads\/2021\/12\/4-2048x615.jpg 2048w\" sizes=\"auto, (max-width: 1024px) 100vw, 1024px\" \/><figcaption class=\"wp-element-caption\">                                         Remplacement de menuiseries d\u00e9fectueuses par des portes et fen\u00eatres neuves <\/figcaption><\/figure>\n\n\n\n<div class=\"wp-block-columns is-layout-flex wp-container-core-columns-is-layout-28f84493 wp-block-columns-is-layout-flex\">\n<div class=\"wp-block-column is-layout-flow wp-block-column-is-layout-flow\" style=\"flex-basis:100%\">\n<p><\/p>\n<\/div>\n<\/div>\n\n\n\n<p>Un besoin de nouvel espace? une nouvelle configuration? nous modifions votre cloisonnement ou le cr\u00e9ons. AXIMOD se charge des modifications \u00e9lectriques, modifications de plomberie. <\/p>\n\n\n\n<p>AXIMOD propose \u00e9galement divers types de climatisation, du climatiseur monobloc au groupe inverter split \u00e0 poser au sol ou en toiture.<\/p>\n\n\n<div class=\"wp-block-image\">\n<figure class=\"aligncenter size-large is-resized\"><img loading=\"lazy\" decoding=\"async\" width=\"1024\" height=\"768\" src=\"https:\/\/aximod.fr\/wp-content\/uploads\/2020\/05\/20191219_142528-1024x768.jpg\" alt=\"\" class=\"wp-image-736\" style=\"width:294px;height:221px\" srcset=\"https:\/\/aximod.fr\/wp-content\/uploads\/2020\/05\/20191219_142528-1024x768.jpg 1024w, https:\/\/aximod.fr\/wp-content\/uploads\/2020\/05\/20191219_142528-300x225.jpg 300w, https:\/\/aximod.fr\/wp-content\/uploads\/2020\/05\/20191219_142528-768x576.jpg 768w, https:\/\/aximod.fr\/wp-content\/uploads\/2020\/05\/20191219_142528-1536x1152.jpg 1536w, https:\/\/aximod.fr\/wp-content\/uploads\/2020\/05\/20191219_142528-2048x1536.jpg 2048w\" sizes=\"auto, (max-width: 1024px) 100vw, 1024px\" \/><figcaption class=\"wp-element-caption\">climatisation split system dans un open space<\/figcaption><\/figure>\n<\/div>\n\n\n<p><\/p>\n\n\n\n<div id=\"wp-block-themeisle-blocks-slider-18796eaa\" class=\"wp-block-themeisle-blocks-slider glide\" data-per-view=\"1\" data-gap=\"0\" data-peek=\"0\" data-autoplay=\"true\" data-height=\"426px\" data-hide-arrows=\"false\"><div class=\"glide__track\" data-glide-el=\"track\"><div class=\"glide__slides\"><div class=\"wp-block-themeisle-blocks-slider-item-wrapper glide__slide\" tabindex=\"0\"><figure><img decoding=\"async\" class=\"wp-block-themeisle-blocks-slider-item\" src=\"https:\/\/aximod.fr\/wp-content\/uploads\/2022\/02\/2.jpg\" alt=\"\" title=\"\" data-id=\"1015\"\/><\/figure><\/div><div class=\"wp-block-themeisle-blocks-slider-item-wrapper glide__slide\" tabindex=\"0\"><figure><img decoding=\"async\" class=\"wp-block-themeisle-blocks-slider-item\" src=\"https:\/\/aximod.fr\/wp-content\/uploads\/2022\/02\/3.jpg\" alt=\"\" title=\"\" data-id=\"1016\"\/><\/figure><\/div><div class=\"wp-block-themeisle-blocks-slider-item-wrapper glide__slide\" tabindex=\"0\"><figure><img decoding=\"async\" class=\"wp-block-themeisle-blocks-slider-item\" src=\"https:\/\/aximod.fr\/wp-content\/uploads\/2022\/02\/4.jpg\" alt=\"\" title=\"\" data-id=\"1017\"\/><\/figure><\/div><div class=\"wp-block-themeisle-blocks-slider-item-wrapper glide__slide\" tabindex=\"0\"><figure><img decoding=\"async\" class=\"wp-block-themeisle-blocks-slider-item\" src=\"https:\/\/aximod.fr\/wp-content\/uploads\/2022\/02\/5.jpg\" alt=\"\" title=\"\" data-id=\"1018\"\/><\/figure><\/div><div class=\"wp-block-themeisle-blocks-slider-item-wrapper glide__slide\" tabindex=\"0\"><figure><img decoding=\"async\" class=\"wp-block-themeisle-blocks-slider-item\" src=\"https:\/\/aximod.fr\/wp-content\/uploads\/2022\/02\/6.jpg\" alt=\"\" title=\"\" data-id=\"1020\"\/><\/figure><\/div><div class=\"wp-block-themeisle-blocks-slider-item-wrapper glide__slide\" tabindex=\"0\"><figure><img decoding=\"async\" class=\"wp-block-themeisle-blocks-slider-item\" src=\"https:\/\/aximod.fr\/wp-content\/uploads\/2022\/02\/7.jpg\" alt=\"\" title=\"\" data-id=\"1021\"\/><\/figure><\/div><div class=\"wp-block-themeisle-blocks-slider-item-wrapper glide__slide\" tabindex=\"0\"><figure><img decoding=\"async\" class=\"wp-block-themeisle-blocks-slider-item\" src=\"https:\/\/aximod.fr\/wp-content\/uploads\/2022\/02\/8.jpg\" alt=\"\" title=\"\" data-id=\"1022\"\/><\/figure><\/div><div class=\"wp-block-themeisle-blocks-slider-item-wrapper glide__slide\" tabindex=\"0\"><figure><img decoding=\"async\" class=\"wp-block-themeisle-blocks-slider-item\" src=\"https:\/\/aximod.fr\/wp-content\/uploads\/2022\/02\/9.jpg\" alt=\"\" title=\"\" data-id=\"1024\"\/><\/figure><\/div><\/div><div class=\"glide__bullets\" data-glide-el=\"controls[nav]\"><button class=\"glide__bullet\" data-glide-dir=\"=0\"><\/button><button class=\"glide__bullet\" data-glide-dir=\"=1\"><\/button><button class=\"glide__bullet\" data-glide-dir=\"=2\"><\/button><button class=\"glide__bullet\" data-glide-dir=\"=3\"><\/button><button class=\"glide__bullet\" data-glide-dir=\"=4\"><\/button><button class=\"glide__bullet\" data-glide-dir=\"=5\"><\/button><button class=\"glide__bullet\" data-glide-dir=\"=6\"><\/button><button class=\"glide__bullet\" data-glide-dir=\"=7\"><\/button><\/div><\/div><\/div>\n\n\n\n<p>R\u00e9alisation d&rsquo;un abris technique modulaire<\/p>\n\n\n\n<p><\/p>\n\n\n\n<p>Nous intervenons sur la <a href=\"https:\/\/www.nouvelle-aquitaine.fr\/\">r\u00e9gion Nouvelle Aquitaine<\/a>.<\/p>\n\n\n\n<p><\/p>\n","protected":false},"excerpt":{"rendered":"<p>Vous d\u00e9sirez que votre bungalow, votre module ou ensemble modulaire b\u00e9n\u00e9ficie d\u2019une renovation de qualit\u00e9 ? AXIMOD offre une vaste gamme de services d\u2019entretien et de revitalisation pour ces types de b\u00e2timents modulaires. Qu\u2019il s\u2019agisse d\u2019une r\u00e9paration, d\u2019un remplacement de composants, d\u2019une modification structurelle ou esth\u00e9tique, nos \u00e9quipes sont l\u00e0 [&hellip;]<\/p>\n","protected":false},"author":1,"featured_media":0,"parent":0,"menu_order":0,"comment_status":"closed","ping_status":"closed","template":"","meta":{"_monsterinsights_skip_tracking":false,"_monsterinsights_sitenote_active":false,"_monsterinsights_sitenote_note":"","_monsterinsights_sitenote_category":0,"footnotes":""},"class_list":["post-612","page","type-page","status-publish","hentry"],"yoast_head":"<!-- This site is optimized with the Yoast SEO plugin v27.5 - https:\/\/yoast.com\/product\/yoast-seo-wordpress\/ -->\n<title>RENOVATION BATIMENTS MODULAIRES GIRONDE BORDEAUX<\/title>\n<meta name=\"description\" content=\"Vous d\u00e9sirez que votre ensemble modulaire b\u00e9n\u00e9ficie d\u2019une renovation de qualit\u00e9 ? AXIMOD offre une vaste gamme de services d\u2019entretien de b\u00e2timents\" \/>\n<meta name=\"robots\" content=\"index, follow, max-snippet:-1, max-image-preview:large, max-video-preview:-1\" \/>\n<link rel=\"canonical\" href=\"https:\/\/aximod.fr\/index.php\/renovation-batiments-modulaires\/\" \/>\n<meta property=\"og:locale\" content=\"fr_FR\" \/>\n<meta property=\"og:type\" content=\"article\" \/>\n<meta property=\"og:title\" content=\"RENOVATION BATIMENTS MODULAIRES GIRONDE BORDEAUX\" \/>\n<meta property=\"og:description\" content=\"Vous d\u00e9sirez que votre ensemble modulaire b\u00e9n\u00e9ficie d\u2019une renovation de qualit\u00e9 ? AXIMOD offre une vaste gamme de services d\u2019entretien de b\u00e2timents\" \/>\n<meta property=\"og:url\" content=\"https:\/\/aximod.fr\/index.php\/renovation-batiments-modulaires\/\" \/>\n<meta property=\"og:site_name\" content=\"AXIMOD\" \/>\n<meta property=\"article:modified_time\" content=\"2026-04-27T08:24:16+00:00\" \/>\n<meta property=\"og:image\" content=\"https:\/\/aximod.fr\/wp-content\/uploads\/2020\/01\/screwdriver-1008974_640-removebg-preview.png\" \/>\n\t<meta property=\"og:image:width\" content=\"613\" \/>\n\t<meta property=\"og:image:height\" content=\"408\" \/>\n\t<meta property=\"og:image:type\" content=\"image\/png\" \/>\n<meta name=\"twitter:card\" content=\"summary_large_image\" \/>\n<meta name=\"twitter:label1\" content=\"Dur\u00e9e de lecture estim\u00e9e\" \/>\n\t<meta name=\"twitter:data1\" content=\"5 minutes\" \/>\n<script type=\"application\/ld+json\" class=\"yoast-schema-graph\">{\"@context\":\"https:\\\/\\\/schema.org\",\"@graph\":[{\"@type\":\"WebPage\",\"@id\":\"https:\\\/\\\/aximod.fr\\\/index.php\\\/renovation-batiments-modulaires\\\/\",\"url\":\"https:\\\/\\\/aximod.fr\\\/index.php\\\/renovation-batiments-modulaires\\\/\",\"name\":\"RENOVATION BATIMENTS MODULAIRES GIRONDE BORDEAUX\",\"isPartOf\":{\"@id\":\"https:\\\/\\\/aximod.fr\\\/#website\"},\"primaryImageOfPage\":{\"@id\":\"https:\\\/\\\/aximod.fr\\\/index.php\\\/renovation-batiments-modulaires\\\/#primaryimage\"},\"image\":{\"@id\":\"https:\\\/\\\/aximod.fr\\\/index.php\\\/renovation-batiments-modulaires\\\/#primaryimage\"},\"thumbnailUrl\":\"https:\\\/\\\/aximod.fr\\\/wp-content\\\/uploads\\\/2020\\\/01\\\/screwdriver-1008974_640-removebg-preview.png\",\"datePublished\":\"2020-01-16T18:41:23+00:00\",\"dateModified\":\"2026-04-27T08:24:16+00:00\",\"description\":\"Vous d\u00e9sirez que votre ensemble modulaire b\u00e9n\u00e9ficie d\u2019une renovation de qualit\u00e9 ? AXIMOD offre une vaste gamme de services d\u2019entretien de b\u00e2timents\",\"breadcrumb\":{\"@id\":\"https:\\\/\\\/aximod.fr\\\/index.php\\\/renovation-batiments-modulaires\\\/#breadcrumb\"},\"inLanguage\":\"fr-FR\",\"potentialAction\":[{\"@type\":\"ReadAction\",\"target\":[\"https:\\\/\\\/aximod.fr\\\/index.php\\\/renovation-batiments-modulaires\\\/\"]}]},{\"@type\":\"ImageObject\",\"inLanguage\":\"fr-FR\",\"@id\":\"https:\\\/\\\/aximod.fr\\\/index.php\\\/renovation-batiments-modulaires\\\/#primaryimage\",\"url\":\"https:\\\/\\\/aximod.fr\\\/wp-content\\\/uploads\\\/2020\\\/01\\\/screwdriver-1008974_640-removebg-preview.png\",\"contentUrl\":\"https:\\\/\\\/aximod.fr\\\/wp-content\\\/uploads\\\/2020\\\/01\\\/screwdriver-1008974_640-removebg-preview.png\",\"width\":613,\"height\":408},{\"@type\":\"BreadcrumbList\",\"@id\":\"https:\\\/\\\/aximod.fr\\\/index.php\\\/renovation-batiments-modulaires\\\/#breadcrumb\",\"itemListElement\":[{\"@type\":\"ListItem\",\"position\":1,\"name\":\"Accueil\",\"item\":\"https:\\\/\\\/aximod.fr\\\/\"},{\"@type\":\"ListItem\",\"position\":2,\"name\":\"RENOVATION DE MODULES\"}]},{\"@type\":\"WebSite\",\"@id\":\"https:\\\/\\\/aximod.fr\\\/#website\",\"url\":\"https:\\\/\\\/aximod.fr\\\/\",\"name\":\"AXIMOD.FR\",\"description\":\"Location Vente Maintenance Solutions Modulaires Gironde\",\"publisher\":{\"@id\":\"https:\\\/\\\/aximod.fr\\\/#organization\"},\"potentialAction\":[{\"@type\":\"SearchAction\",\"target\":{\"@type\":\"EntryPoint\",\"urlTemplate\":\"https:\\\/\\\/aximod.fr\\\/?s={search_term_string}\"},\"query-input\":{\"@type\":\"PropertyValueSpecification\",\"valueRequired\":true,\"valueName\":\"search_term_string\"}}],\"inLanguage\":\"fr-FR\"},{\"@type\":\"Organization\",\"@id\":\"https:\\\/\\\/aximod.fr\\\/#organization\",\"name\":\"AXIMOD\",\"url\":\"https:\\\/\\\/aximod.fr\\\/\",\"logo\":{\"@type\":\"ImageObject\",\"inLanguage\":\"fr-FR\",\"@id\":\"https:\\\/\\\/aximod.fr\\\/#\\\/schema\\\/logo\\\/image\\\/\",\"url\":\"https:\\\/\\\/aximod.fr\\\/wp-content\\\/uploads\\\/2019\\\/07\\\/AXIMOD-2.jpg\",\"contentUrl\":\"https:\\\/\\\/aximod.fr\\\/wp-content\\\/uploads\\\/2019\\\/07\\\/AXIMOD-2.jpg\",\"width\":716,\"height\":634,\"caption\":\"AXIMOD\"},\"image\":{\"@id\":\"https:\\\/\\\/aximod.fr\\\/#\\\/schema\\\/logo\\\/image\\\/\"}}]}<\/script>\n<!-- \/ Yoast SEO plugin. -->","yoast_head_json":{"title":"RENOVATION BATIMENTS MODULAIRES GIRONDE BORDEAUX","description":"Vous d\u00e9sirez que votre ensemble modulaire b\u00e9n\u00e9ficie d\u2019une renovation de qualit\u00e9 ? AXIMOD offre une vaste gamme de services d\u2019entretien de b\u00e2timents","robots":{"index":"index","follow":"follow","max-snippet":"max-snippet:-1","max-image-preview":"max-image-preview:large","max-video-preview":"max-video-preview:-1"},"canonical":"https:\/\/aximod.fr\/index.php\/renovation-batiments-modulaires\/","og_locale":"fr_FR","og_type":"article","og_title":"RENOVATION BATIMENTS MODULAIRES GIRONDE BORDEAUX","og_description":"Vous d\u00e9sirez que votre ensemble modulaire b\u00e9n\u00e9ficie d\u2019une renovation de qualit\u00e9 ? AXIMOD offre une vaste gamme de services d\u2019entretien de b\u00e2timents","og_url":"https:\/\/aximod.fr\/index.php\/renovation-batiments-modulaires\/","og_site_name":"AXIMOD","article_modified_time":"2026-04-27T08:24:16+00:00","og_image":[{"width":613,"height":408,"url":"https:\/\/aximod.fr\/wp-content\/uploads\/2020\/01\/screwdriver-1008974_640-removebg-preview.png","type":"image\/png"}],"twitter_card":"summary_large_image","twitter_misc":{"Dur\u00e9e de lecture estim\u00e9e":"5 minutes"},"schema":{"@context":"https:\/\/schema.org","@graph":[{"@type":"WebPage","@id":"https:\/\/aximod.fr\/index.php\/renovation-batiments-modulaires\/","url":"https:\/\/aximod.fr\/index.php\/renovation-batiments-modulaires\/","name":"RENOVATION BATIMENTS MODULAIRES GIRONDE BORDEAUX","isPartOf":{"@id":"https:\/\/aximod.fr\/#website"},"primaryImageOfPage":{"@id":"https:\/\/aximod.fr\/index.php\/renovation-batiments-modulaires\/#primaryimage"},"image":{"@id":"https:\/\/aximod.fr\/index.php\/renovation-batiments-modulaires\/#primaryimage"},"thumbnailUrl":"https:\/\/aximod.fr\/wp-content\/uploads\/2020\/01\/screwdriver-1008974_640-removebg-preview.png","datePublished":"2020-01-16T18:41:23+00:00","dateModified":"2026-04-27T08:24:16+00:00","description":"Vous d\u00e9sirez que votre ensemble modulaire b\u00e9n\u00e9ficie d\u2019une renovation de qualit\u00e9 ? AXIMOD offre une vaste gamme de services d\u2019entretien de b\u00e2timents","breadcrumb":{"@id":"https:\/\/aximod.fr\/index.php\/renovation-batiments-modulaires\/#breadcrumb"},"inLanguage":"fr-FR","potentialAction":[{"@type":"ReadAction","target":["https:\/\/aximod.fr\/index.php\/renovation-batiments-modulaires\/"]}]},{"@type":"ImageObject","inLanguage":"fr-FR","@id":"https:\/\/aximod.fr\/index.php\/renovation-batiments-modulaires\/#primaryimage","url":"https:\/\/aximod.fr\/wp-content\/uploads\/2020\/01\/screwdriver-1008974_640-removebg-preview.png","contentUrl":"https:\/\/aximod.fr\/wp-content\/uploads\/2020\/01\/screwdriver-1008974_640-removebg-preview.png","width":613,"height":408},{"@type":"BreadcrumbList","@id":"https:\/\/aximod.fr\/index.php\/renovation-batiments-modulaires\/#breadcrumb","itemListElement":[{"@type":"ListItem","position":1,"name":"Accueil","item":"https:\/\/aximod.fr\/"},{"@type":"ListItem","position":2,"name":"RENOVATION DE MODULES"}]},{"@type":"WebSite","@id":"https:\/\/aximod.fr\/#website","url":"https:\/\/aximod.fr\/","name":"AXIMOD.FR","description":"Location Vente Maintenance Solutions Modulaires Gironde","publisher":{"@id":"https:\/\/aximod.fr\/#organization"},"potentialAction":[{"@type":"SearchAction","target":{"@type":"EntryPoint","urlTemplate":"https:\/\/aximod.fr\/?s={search_term_string}"},"query-input":{"@type":"PropertyValueSpecification","valueRequired":true,"valueName":"search_term_string"}}],"inLanguage":"fr-FR"},{"@type":"Organization","@id":"https:\/\/aximod.fr\/#organization","name":"AXIMOD","url":"https:\/\/aximod.fr\/","logo":{"@type":"ImageObject","inLanguage":"fr-FR","@id":"https:\/\/aximod.fr\/#\/schema\/logo\/image\/","url":"https:\/\/aximod.fr\/wp-content\/uploads\/2019\/07\/AXIMOD-2.jpg","contentUrl":"https:\/\/aximod.fr\/wp-content\/uploads\/2019\/07\/AXIMOD-2.jpg","width":716,"height":634,"caption":"AXIMOD"},"image":{"@id":"https:\/\/aximod.fr\/#\/schema\/logo\/image\/"}}]}},"_links":{"self":[{"href":"https:\/\/aximod.fr\/index.php\/wp-json\/wp\/v2\/pages\/612","targetHints":{"allow":["GET"]}}],"collection":[{"href":"https:\/\/aximod.fr\/index.php\/wp-json\/wp\/v2\/pages"}],"about":[{"href":"https:\/\/aximod.fr\/index.php\/wp-json\/wp\/v2\/types\/page"}],"author":[{"embeddable":true,"href":"https:\/\/aximod.fr\/index.php\/wp-json\/wp\/v2\/users\/1"}],"replies":[{"embeddable":true,"href":"https:\/\/aximod.fr\/index.php\/wp-json\/wp\/v2\/comments?post=612"}],"version-history":[{"count":17,"href":"https:\/\/aximod.fr\/index.php\/wp-json\/wp\/v2\/pages\/612\/revisions"}],"predecessor-version":[{"id":1173,"href":"https:\/\/aximod.fr\/index.php\/wp-json\/wp\/v2\/pages\/612\/revisions\/1173"}],"wp:attachment":[{"href":"https:\/\/aximod.fr\/index.php\/wp-json\/wp\/v2\/media?parent=612"}],"curies":[{"name":"wp","href":"https:\/\/api.w.org\/{rel}","templated":true}]}}