{"id":686,"date":"2020-05-15T12:09:31","date_gmt":"2020-05-15T10:09:31","guid":{"rendered":"https:\/\/aximod.fr\/?page_id=686"},"modified":"2020-05-18T21:10:34","modified_gmt":"2020-05-18T19:10:34","slug":"transport","status":"publish","type":"page","link":"https:\/\/aximod.fr\/index.php\/transport\/","title":{"rendered":"Transport des B\u00e2timents Modulaires"},"content":{"rendered":"\n\n\n<ul class=\"wp-block-list\"><li>Le Camion Remorque Bras de Grue<\/li><\/ul>\n\n\n\n<p>AXIMOD dispose de plusieurs type de moyens de transport afin d&rsquo;assurer l&rsquo;acheminement des b\u00e2timents modulaires.<\/p>\n\n\n\n<p>Le camion bras de grue permet une livraison en totale autonomie puisqu&rsquo;il est \u00e0 m\u00eame de positionner le ou les modules ou vous le d\u00e9sirez (dans la limite des capacit\u00e9s techniques de la grue embarqu\u00e9e).<\/p>\n\n\n\n<p>Il peut simultan\u00e9ment transporter 2 unit\u00e9s de b\u00e2timents modulaires de 6 m\u00e8tres .<\/p>\n\n\n\n<figure class=\"wp-block-image size-large\"><img loading=\"lazy\" decoding=\"async\" width=\"1024\" height=\"308\" src=\"https:\/\/aximod.fr\/wp-content\/uploads\/2020\/05\/CAMION-3-1024x308.png\" alt=\"\" class=\"wp-image-703\" srcset=\"https:\/\/aximod.fr\/wp-content\/uploads\/2020\/05\/CAMION-3-1024x308.png 1024w, https:\/\/aximod.fr\/wp-content\/uploads\/2020\/05\/CAMION-3-300x90.png 300w, https:\/\/aximod.fr\/wp-content\/uploads\/2020\/05\/CAMION-3-768x231.png 768w, https:\/\/aximod.fr\/wp-content\/uploads\/2020\/05\/CAMION-3.png 1239w\" sizes=\"auto, (max-width: 1024px) 100vw, 1024px\" \/><\/figure>\n\n\n\n<div class=\"wp-block-group\"><div class=\"wp-block-group__inner-container is-layout-flow wp-block-group-is-layout-flow\">\n<div class=\"wp-block-image\"><figure class=\"aligncenter is-resized\"><img loading=\"lazy\" decoding=\"async\" src=\"https:\/\/aximod.fr\/wp-content\/uploads\/2020\/05\/bras-grue-remorque-2-scaled.jpg\" alt=\"\" class=\"wp-image-702\" width=\"238\" height=\"189\" srcset=\"https:\/\/aximod.fr\/wp-content\/uploads\/2020\/05\/bras-grue-remorque-2-scaled.jpg 2560w, https:\/\/aximod.fr\/wp-content\/uploads\/2020\/05\/bras-grue-remorque-2-300x240.jpg 300w, https:\/\/aximod.fr\/wp-content\/uploads\/2020\/05\/bras-grue-remorque-2-1024x818.jpg 1024w, https:\/\/aximod.fr\/wp-content\/uploads\/2020\/05\/bras-grue-remorque-2-768x614.jpg 768w, https:\/\/aximod.fr\/wp-content\/uploads\/2020\/05\/bras-grue-remorque-2-1536x1227.jpg 1536w, https:\/\/aximod.fr\/wp-content\/uploads\/2020\/05\/bras-grue-remorque-2-2048x1637.jpg 2048w\" sizes=\"auto, (max-width: 238px) 100vw, 238px\" \/><\/figure><\/div>\n<\/div><\/div>\n\n\n\n<ul class=\"wp-block-list\"><li><strong>Le Plateau nu<\/strong><\/li><\/ul>\n\n\n\n<p>Le camion plateau nu est \u00e9galement utilis\u00e9 pour transporter ou transf\u00e9rer des b\u00e2timents modulaires. Il peut \u00eatre un excellent moyen de transport compl\u00e9mentaire \u00e0 celui du camion plateau bras de grue; Il dispose d&rsquo;une longueur de charge sup\u00e9rieure 13 m\u00e8tres, permettant ainsi de transporter des unit\u00e9s ayant une longueur sup\u00e9rieure \u00e0 6metres.<\/p>\n\n\n\n<p>Nous utilisons \u00e9galement des remorques dites \u00ab\u00a0remorque surbaiss\u00e9es\u00a0\u00bb pour transporter des b\u00e2timents modulaires \/ bungalows dont la hauteur hors tout d\u00e9passe les 2m95. C&rsquo;est principalement le cas des b\u00e2timents modulaires RT 2012.<\/p>\n\n\n\n<figure class=\"wp-block-image size-large\"><img loading=\"lazy\" decoding=\"async\" width=\"1024\" height=\"277\" src=\"https:\/\/aximod.fr\/wp-content\/uploads\/2020\/05\/CAMION-PLATEAU-NU-1024x277.jpg\" alt=\"\" class=\"wp-image-688\" srcset=\"https:\/\/aximod.fr\/wp-content\/uploads\/2020\/05\/CAMION-PLATEAU-NU-1024x277.jpg 1024w, https:\/\/aximod.fr\/wp-content\/uploads\/2020\/05\/CAMION-PLATEAU-NU-300x81.jpg 300w, https:\/\/aximod.fr\/wp-content\/uploads\/2020\/05\/CAMION-PLATEAU-NU-768x208.jpg 768w, https:\/\/aximod.fr\/wp-content\/uploads\/2020\/05\/CAMION-PLATEAU-NU-1536x416.jpg 1536w, https:\/\/aximod.fr\/wp-content\/uploads\/2020\/05\/CAMION-PLATEAU-NU.jpg 1863w\" sizes=\"auto, (max-width: 1024px) 100vw, 1024px\" \/><\/figure>\n\n\n\n<div class=\"wp-block-image\"><figure class=\"aligncenter size-large is-resized\"><img loading=\"lazy\" decoding=\"async\" src=\"https:\/\/aximod.fr\/wp-content\/uploads\/2020\/05\/SEMI-1024x797.jpg\" alt=\"\" class=\"wp-image-705\" width=\"257\" height=\"200\" srcset=\"https:\/\/aximod.fr\/wp-content\/uploads\/2020\/05\/SEMI-1024x797.jpg 1024w, https:\/\/aximod.fr\/wp-content\/uploads\/2020\/05\/SEMI-300x233.jpg 300w, https:\/\/aximod.fr\/wp-content\/uploads\/2020\/05\/SEMI-768x597.jpg 768w, https:\/\/aximod.fr\/wp-content\/uploads\/2020\/05\/SEMI-1536x1195.jpg 1536w, https:\/\/aximod.fr\/wp-content\/uploads\/2020\/05\/SEMI-2048x1593.jpg 2048w\" sizes=\"auto, (max-width: 257px) 100vw, 257px\" \/><\/figure><\/div>\n\n\n\n<p><\/p>\n\n\n\n<p><a href=\"https:\/\/aximod.fr\/\">AXIMOD<\/a> assure ainsi des livraisons principalement sur les 12 d\u00e9partements qui composent la <a href=\"https:\/\/www.nouvelle-aquitaine.fr\/\">r\u00e9gion Nouvelle Aquitaine<\/a> :<\/p>\n\n\n\n<ul class=\"wp-block-list\"><li>Charente (16)<\/li><li>Charente-Maritime (17)<\/li><li>Corr\u00e8ze (19)<\/li><li>Creuse (23)<\/li><li>Dordogne (24)<\/li><li>Gironde (33)<\/li><li>Landes (40)<\/li><li>Lot-et-Garonne (47)<\/li><li>Pyr\u00e9n\u00e9es-Atlantiques (64)<\/li><li>Deux-S\u00e8vres (79)<\/li><li>Vienne (86)<\/li><li>Haute-Vienne (87)<\/li><\/ul>\n\n\n\n<p>La location, la vente, le transport ou le transfert de B\u00e2timents modulaires sur d&rsquo;autres r\u00e9gions de France sont \u00e9galement possibles. <\/p>\n","protected":false},"excerpt":{"rendered":"<p>Le Camion Remorque Bras de Grue AXIMOD dispose de plusieurs type de moyens de transport afin d&rsquo;assurer l&rsquo;acheminement des b\u00e2timents modulaires. Le camion bras de grue permet une livraison en totale autonomie puisqu&rsquo;il est \u00e0 m\u00eame de positionner le ou les modules ou vous le d\u00e9sirez (dans la limite des [&hellip;]<\/p>\n","protected":false},"author":1,"featured_media":0,"parent":0,"menu_order":0,"comment_status":"closed","ping_status":"closed","template":"","meta":{"_monsterinsights_skip_tracking":false,"_monsterinsights_sitenote_active":false,"_monsterinsights_sitenote_note":"","_monsterinsights_sitenote_category":0,"footnotes":""},"class_list":["post-686","page","type-page","status-publish","hentry"],"yoast_head":"<!-- This site is optimized with the Yoast SEO plugin v27.5 - https:\/\/yoast.com\/product\/yoast-seo-wordpress\/ -->\n<title>TRANSPORT DEPLACEMENT DE BATIMENTS MODULAIRES<\/title>\n<meta name=\"description\" content=\"AXIMOD dispose de plusieurs type de moyens de transport afin d&#039;assurer l&#039;acheminement des b\u00e2timents modulaires sur votre site de pose ou pour le transf\u00e9rer.\" \/>\n<meta name=\"robots\" content=\"index, follow, max-snippet:-1, max-image-preview:large, max-video-preview:-1\" \/>\n<link rel=\"canonical\" href=\"https:\/\/aximod.fr\/index.php\/transport\/\" \/>\n<meta property=\"og:locale\" content=\"fr_FR\" \/>\n<meta property=\"og:type\" content=\"article\" \/>\n<meta property=\"og:title\" content=\"TRANSPORT DEPLACEMENT DE BATIMENTS MODULAIRES\" \/>\n<meta property=\"og:description\" content=\"AXIMOD dispose de plusieurs type de moyens de transport afin d&#039;assurer l&#039;acheminement des b\u00e2timents modulaires sur votre site de pose ou pour le transf\u00e9rer.\" \/>\n<meta property=\"og:url\" content=\"https:\/\/aximod.fr\/index.php\/transport\/\" \/>\n<meta property=\"og:site_name\" content=\"AXIMOD\" \/>\n<meta property=\"article:modified_time\" content=\"2020-05-18T19:10:34+00:00\" \/>\n<meta property=\"og:image\" content=\"https:\/\/aximod.fr\/wp-content\/uploads\/2020\/05\/CAMION-3-1024x308.png\" \/>\n<meta name=\"twitter:card\" content=\"summary_large_image\" \/>\n<meta name=\"twitter:label1\" content=\"Dur\u00e9e de lecture estim\u00e9e\" \/>\n\t<meta name=\"twitter:data1\" content=\"1 minute\" \/>\n<script type=\"application\/ld+json\" class=\"yoast-schema-graph\">{\"@context\":\"https:\\\/\\\/schema.org\",\"@graph\":[{\"@type\":\"WebPage\",\"@id\":\"https:\\\/\\\/aximod.fr\\\/index.php\\\/transport\\\/\",\"url\":\"https:\\\/\\\/aximod.fr\\\/index.php\\\/transport\\\/\",\"name\":\"TRANSPORT DEPLACEMENT DE BATIMENTS MODULAIRES\",\"isPartOf\":{\"@id\":\"https:\\\/\\\/aximod.fr\\\/#website\"},\"primaryImageOfPage\":{\"@id\":\"https:\\\/\\\/aximod.fr\\\/index.php\\\/transport\\\/#primaryimage\"},\"image\":{\"@id\":\"https:\\\/\\\/aximod.fr\\\/index.php\\\/transport\\\/#primaryimage\"},\"thumbnailUrl\":\"https:\\\/\\\/aximod.fr\\\/wp-content\\\/uploads\\\/2020\\\/05\\\/CAMION-3-1024x308.png\",\"datePublished\":\"2020-05-15T10:09:31+00:00\",\"dateModified\":\"2020-05-18T19:10:34+00:00\",\"description\":\"AXIMOD dispose de plusieurs type de moyens de transport afin d'assurer l'acheminement des b\u00e2timents modulaires sur votre site de pose ou pour le transf\u00e9rer.\",\"breadcrumb\":{\"@id\":\"https:\\\/\\\/aximod.fr\\\/index.php\\\/transport\\\/#breadcrumb\"},\"inLanguage\":\"fr-FR\",\"potentialAction\":[{\"@type\":\"ReadAction\",\"target\":[\"https:\\\/\\\/aximod.fr\\\/index.php\\\/transport\\\/\"]}]},{\"@type\":\"ImageObject\",\"inLanguage\":\"fr-FR\",\"@id\":\"https:\\\/\\\/aximod.fr\\\/index.php\\\/transport\\\/#primaryimage\",\"url\":\"https:\\\/\\\/aximod.fr\\\/wp-content\\\/uploads\\\/2020\\\/05\\\/CAMION-3.png\",\"contentUrl\":\"https:\\\/\\\/aximod.fr\\\/wp-content\\\/uploads\\\/2020\\\/05\\\/CAMION-3.png\",\"width\":1239,\"height\":373},{\"@type\":\"BreadcrumbList\",\"@id\":\"https:\\\/\\\/aximod.fr\\\/index.php\\\/transport\\\/#breadcrumb\",\"itemListElement\":[{\"@type\":\"ListItem\",\"position\":1,\"name\":\"Accueil\",\"item\":\"https:\\\/\\\/aximod.fr\\\/\"},{\"@type\":\"ListItem\",\"position\":2,\"name\":\"Transport des B\u00e2timents Modulaires\"}]},{\"@type\":\"WebSite\",\"@id\":\"https:\\\/\\\/aximod.fr\\\/#website\",\"url\":\"https:\\\/\\\/aximod.fr\\\/\",\"name\":\"AXIMOD.FR\",\"description\":\"Location Vente Maintenance Solutions Modulaires Gironde\",\"publisher\":{\"@id\":\"https:\\\/\\\/aximod.fr\\\/#organization\"},\"potentialAction\":[{\"@type\":\"SearchAction\",\"target\":{\"@type\":\"EntryPoint\",\"urlTemplate\":\"https:\\\/\\\/aximod.fr\\\/?s={search_term_string}\"},\"query-input\":{\"@type\":\"PropertyValueSpecification\",\"valueRequired\":true,\"valueName\":\"search_term_string\"}}],\"inLanguage\":\"fr-FR\"},{\"@type\":\"Organization\",\"@id\":\"https:\\\/\\\/aximod.fr\\\/#organization\",\"name\":\"AXIMOD\",\"url\":\"https:\\\/\\\/aximod.fr\\\/\",\"logo\":{\"@type\":\"ImageObject\",\"inLanguage\":\"fr-FR\",\"@id\":\"https:\\\/\\\/aximod.fr\\\/#\\\/schema\\\/logo\\\/image\\\/\",\"url\":\"https:\\\/\\\/aximod.fr\\\/wp-content\\\/uploads\\\/2019\\\/07\\\/AXIMOD-2.jpg\",\"contentUrl\":\"https:\\\/\\\/aximod.fr\\\/wp-content\\\/uploads\\\/2019\\\/07\\\/AXIMOD-2.jpg\",\"width\":716,\"height\":634,\"caption\":\"AXIMOD\"},\"image\":{\"@id\":\"https:\\\/\\\/aximod.fr\\\/#\\\/schema\\\/logo\\\/image\\\/\"}}]}<\/script>\n<!-- \/ Yoast SEO plugin. -->","yoast_head_json":{"title":"TRANSPORT DEPLACEMENT DE BATIMENTS MODULAIRES","description":"AXIMOD dispose de plusieurs type de moyens de transport afin d'assurer l'acheminement des b\u00e2timents modulaires sur votre site de pose ou pour le transf\u00e9rer.","robots":{"index":"index","follow":"follow","max-snippet":"max-snippet:-1","max-image-preview":"max-image-preview:large","max-video-preview":"max-video-preview:-1"},"canonical":"https:\/\/aximod.fr\/index.php\/transport\/","og_locale":"fr_FR","og_type":"article","og_title":"TRANSPORT DEPLACEMENT DE BATIMENTS MODULAIRES","og_description":"AXIMOD dispose de plusieurs type de moyens de transport afin d'assurer l'acheminement des b\u00e2timents modulaires sur votre site de pose ou pour le transf\u00e9rer.","og_url":"https:\/\/aximod.fr\/index.php\/transport\/","og_site_name":"AXIMOD","article_modified_time":"2020-05-18T19:10:34+00:00","og_image":[{"url":"https:\/\/aximod.fr\/wp-content\/uploads\/2020\/05\/CAMION-3-1024x308.png","type":"","width":"","height":""}],"twitter_card":"summary_large_image","twitter_misc":{"Dur\u00e9e de lecture estim\u00e9e":"1 minute"},"schema":{"@context":"https:\/\/schema.org","@graph":[{"@type":"WebPage","@id":"https:\/\/aximod.fr\/index.php\/transport\/","url":"https:\/\/aximod.fr\/index.php\/transport\/","name":"TRANSPORT DEPLACEMENT DE BATIMENTS MODULAIRES","isPartOf":{"@id":"https:\/\/aximod.fr\/#website"},"primaryImageOfPage":{"@id":"https:\/\/aximod.fr\/index.php\/transport\/#primaryimage"},"image":{"@id":"https:\/\/aximod.fr\/index.php\/transport\/#primaryimage"},"thumbnailUrl":"https:\/\/aximod.fr\/wp-content\/uploads\/2020\/05\/CAMION-3-1024x308.png","datePublished":"2020-05-15T10:09:31+00:00","dateModified":"2020-05-18T19:10:34+00:00","description":"AXIMOD dispose de plusieurs type de moyens de transport afin d'assurer l'acheminement des b\u00e2timents modulaires sur votre site de pose ou pour le transf\u00e9rer.","breadcrumb":{"@id":"https:\/\/aximod.fr\/index.php\/transport\/#breadcrumb"},"inLanguage":"fr-FR","potentialAction":[{"@type":"ReadAction","target":["https:\/\/aximod.fr\/index.php\/transport\/"]}]},{"@type":"ImageObject","inLanguage":"fr-FR","@id":"https:\/\/aximod.fr\/index.php\/transport\/#primaryimage","url":"https:\/\/aximod.fr\/wp-content\/uploads\/2020\/05\/CAMION-3.png","contentUrl":"https:\/\/aximod.fr\/wp-content\/uploads\/2020\/05\/CAMION-3.png","width":1239,"height":373},{"@type":"BreadcrumbList","@id":"https:\/\/aximod.fr\/index.php\/transport\/#breadcrumb","itemListElement":[{"@type":"ListItem","position":1,"name":"Accueil","item":"https:\/\/aximod.fr\/"},{"@type":"ListItem","position":2,"name":"Transport des B\u00e2timents Modulaires"}]},{"@type":"WebSite","@id":"https:\/\/aximod.fr\/#website","url":"https:\/\/aximod.fr\/","name":"AXIMOD.FR","description":"Location Vente Maintenance Solutions Modulaires Gironde","publisher":{"@id":"https:\/\/aximod.fr\/#organization"},"potentialAction":[{"@type":"SearchAction","target":{"@type":"EntryPoint","urlTemplate":"https:\/\/aximod.fr\/?s={search_term_string}"},"query-input":{"@type":"PropertyValueSpecification","valueRequired":true,"valueName":"search_term_string"}}],"inLanguage":"fr-FR"},{"@type":"Organization","@id":"https:\/\/aximod.fr\/#organization","name":"AXIMOD","url":"https:\/\/aximod.fr\/","logo":{"@type":"ImageObject","inLanguage":"fr-FR","@id":"https:\/\/aximod.fr\/#\/schema\/logo\/image\/","url":"https:\/\/aximod.fr\/wp-content\/uploads\/2019\/07\/AXIMOD-2.jpg","contentUrl":"https:\/\/aximod.fr\/wp-content\/uploads\/2019\/07\/AXIMOD-2.jpg","width":716,"height":634,"caption":"AXIMOD"},"image":{"@id":"https:\/\/aximod.fr\/#\/schema\/logo\/image\/"}}]}},"_links":{"self":[{"href":"https:\/\/aximod.fr\/index.php\/wp-json\/wp\/v2\/pages\/686","targetHints":{"allow":["GET"]}}],"collection":[{"href":"https:\/\/aximod.fr\/index.php\/wp-json\/wp\/v2\/pages"}],"about":[{"href":"https:\/\/aximod.fr\/index.php\/wp-json\/wp\/v2\/types\/page"}],"author":[{"embeddable":true,"href":"https:\/\/aximod.fr\/index.php\/wp-json\/wp\/v2\/users\/1"}],"replies":[{"embeddable":true,"href":"https:\/\/aximod.fr\/index.php\/wp-json\/wp\/v2\/comments?post=686"}],"version-history":[{"count":12,"href":"https:\/\/aximod.fr\/index.php\/wp-json\/wp\/v2\/pages\/686\/revisions"}],"predecessor-version":[{"id":743,"href":"https:\/\/aximod.fr\/index.php\/wp-json\/wp\/v2\/pages\/686\/revisions\/743"}],"wp:attachment":[{"href":"https:\/\/aximod.fr\/index.php\/wp-json\/wp\/v2\/media?parent=686"}],"curies":[{"name":"wp","href":"https:\/\/api.w.org\/{rel}","templated":true}]}}